{"id":694236,"date":"2025-08-27T14:20:17","date_gmt":"2025-08-27T11:20:17","guid":{"rendered":"https:\/\/roveyayinevi.com.tr\/index.php\/urun\/marifetname\/"},"modified":"2026-04-16T02:04:01","modified_gmt":"2026-04-15T23:04:01","slug":"marifetname","status":"publish","type":"product","link":"https:\/\/roveyayinevi.com.tr\/index.php\/urun\/marifetname\/","title":{"rendered":"Marifetname"},"content":{"rendered":"<p>Erzurumlu \u0130brahim Hakk\u0131\u2019n\u0131n \u201cM\u00e2rifetn\u00e2me\u201dsi, yaz\u0131ld\u0131\u011f\u0131 18. y\u00fczy\u0131ldan bu yana b\u00fct\u00fcn T\u00fcrk-\u0130sl\u00e2m d\u00fcnyas\u0131n\u0131n en \u00e7okokunan eserlerinden biri olmu\u015ftur. Bulak (M\u0131s\u0131r), \u0130stanbul ve Kazan\u2019da defalarca bas\u0131lan bu b\u00fcy\u00fck eser, Frans\u0131zca veFars\u00e7a\u2019ya da \u00e7evirilerek b\u00fct\u00fcn d\u00fcnyada ilgiyle okunmu\u015ftur.M\u00e2rifetn\u00e2me din\u00ee, tasavvuf\u00ee, sosyal ve tabi\u00ee bilimlerin t\u00fcm\u00fcn\u00fc i\u00e7inde toplayan muazzam bir ansiklopedidir.Denilebilir ki, M\u00e2rifetn\u00e2me ba\u015fl\u0131 ba\u015f\u0131na bir k\u00fct\u00fcphanedir. Bizden \u00f6nceki nesiller ondan \u00e7ok \u015fey \u00f6\u011frendiler, biz de \u00f6\u011frenmekteyiz ve gelecek nesiller de \u00f6\u011freneceklerdi.<\/p>\n","protected":false},"excerpt":{"rendered":"<p>Erzurumlu \u0130brahim Hakk\u0131\u2019n\u0131n \u201cM\u00e2rifetn\u00e2me\u201dsi, yaz\u0131ld\u0131\u011f\u0131 18. y\u00fczy\u0131ldan bu yana b\u00fct\u00fcn T\u00fcrk-\u0130sl\u00e2m d\u00fcnyas\u0131n\u0131n en \u00e7okokunan eserlerinden biri olmu\u015ftur. Bulak (M\u0131s\u0131r), \u0130stanbul ve Kazan\u2019da defalarca bas\u0131lan bu b\u00fcy\u00fck<span class=\"excerpt-hellip\"> [\u2026]<\/span><\/p>\n","protected":false},"featured_media":0,"template":"","meta":{"_monsterinsights_skip_tracking":false,"_monsterinsights_sitenote_active":false,"_monsterinsights_sitenote_note":"","_monsterinsights_sitenote_category":0},"product_brand":[],"product_cat":[12718,12719,12720],"product_tag":[],"class_list":{"0":"post-694236","1":"product","2":"type-product","3":"status-publish","5":"product_cat-din","6":"product_cat-islam","7":"product_cat-tasavvuf-mezhepler-tarikatlar","8":"pa_cilt-ciltsiz","9":"pa_tur-kitap","10":"pa_yayinevi-atac-yayinlari","11":"pa_yazar-erzurumlu-ibrahim-hakki-hazretleri","13":"first","14":"instock","15":"sale","16":"shipping-taxable","17":"purchasable","18":"product-type-simple"},"_links":{"self":[{"href":"https:\/\/roveyayinevi.com.tr\/index.php\/wp-json\/wp\/v2\/product\/694236","targetHints":{"allow":["GET"]}}],"collection":[{"href":"https:\/\/roveyayinevi.com.tr\/index.php\/wp-json\/wp\/v2\/product"}],"about":[{"href":"https:\/\/roveyayinevi.com.tr\/index.php\/wp-json\/wp\/v2\/types\/product"}],"wp:attachment":[{"href":"https:\/\/roveyayinevi.com.tr\/index.php\/wp-json\/wp\/v2\/media?parent=694236"}],"wp:term":[{"taxonomy":"product_brand","embeddable":true,"href":"https:\/\/roveyayinevi.com.tr\/index.php\/wp-json\/wp\/v2\/product_brand?post=694236"},{"taxonomy":"product_cat","embeddable":true,"href":"https:\/\/roveyayinevi.com.tr\/index.php\/wp-json\/wp\/v2\/product_cat?post=694236"},{"taxonomy":"product_tag","embeddable":true,"href":"https:\/\/roveyayinevi.com.tr\/index.php\/wp-json\/wp\/v2\/product_tag?post=694236"}],"curies":[{"name":"wp","href":"https:\/\/api.w.org\/{rel}","templated":true}]}}