{"id":694234,"date":"2025-08-27T14:19:27","date_gmt":"2025-08-27T11:19:27","guid":{"rendered":"https:\/\/roveyayinevi.com.tr\/index.php\/urun\/insan-dogasi-sosyal-duzen-ve-degisim\/"},"modified":"2026-04-16T02:04:01","modified_gmt":"2026-04-15T23:04:01","slug":"insan-dogasi-sosyal-duzen-ve-degisim","status":"publish","type":"product","link":"https:\/\/roveyayinevi.com.tr\/index.php\/urun\/insan-dogasi-sosyal-duzen-ve-degisim\/","title":{"rendered":"\u0130nsan Do\u011fas\u0131 Sosyal D\u00fczen ve De\u011fi\u015fim"},"content":{"rendered":"<p>David Hume T\u00fcrkiye&#8217;de \u00fcniversitelerin felsefe b\u00f6l\u00fcmlerinde k\u0131s\u0131tl\u0131 olarak o da daha ziyade bilgi teorisi \u00fczerinden anlat\u0131l\u0131r okutulur. Oysa Hume&#8217;un ak\u0131l toplum ve siyaset yakla\u015f\u0131m\u0131 insanl\u0131k tarihindeki en g\u00fc\u00e7l\u00fc teorilerdendir. Hume siyaset felsefesine \u00f6nemi gittik\u00e7e daha fazla anla\u015f\u0131lan b\u00fcy\u00fck katk\u0131lar yapm\u0131\u015ft\u0131r. O kadar ki Hume&#8217;un liberal d\u00fc\u015f\u00fcnce gelene\u011fi i\u00e7indeki g\u00fc\u00e7l\u00fc bir ekol\u00fcn kurucusu oldu\u011funu s\u00f6ylemek abart\u0131 say\u0131lamaz David Hume isko\u00e7 Ayd\u0131nlanmas\u0131n\u0131n ve klasik liberal d\u00fc\u015f\u00fcnce ak\u0131m\u0131n\u0131n e\u011fer en \u00f6nemli ismi de\u011filse en \u00f6nemli isimleri aras\u0131ndad\u0131r. Hume sayesinde bireyselli\u011fi \u00f6nemseyen bir insan tabiat\u0131ndan toplumun nas\u0131l do\u011fabildi\u011fim akl\u0131n ni\u00e7in tek ba\u015f\u0131nabe\u015feri d\u00fczenin temeli olamayaca\u011f\u0131m deneme ve yan\u0131lma g\u00f6zleme ve taklitetme yoluyla ilerlemenin anlam\u0131n\u0131 ve \u00f6nemini \u00f6\u011freniyoruz. Melih Y\u00fcr\u00fc\u015fen&#8217;in bu kapsaml\u0131 \u00e7al\u0131\u015fmas\u0131 \u015fimdiye kadar \u00fclkemizde Hume hakk\u0131nda haz\u0131rlanan en \u00f6nemli \u00e7al\u0131\u015fma. Hem Hume&#8217;u seven ve takip edenlerin hem de siyasal ve sosyal felsefeyle genel olarak ilgilenenlerin mutlaka elinin alt\u0131nda bulundurmas\u0131 gereken bir eser. \u00dcstelik daha geni\u015f ve zengin bir fikir alemine giri\u015fin sonuna kadar a\u00e7\u0131k kap\u0131s\u0131. Bu kitap dikkatle ve tekrar tekrar okunmal\u0131. <\/p>\n","protected":false},"excerpt":{"rendered":"<p>David Hume T\u00fcrkiye&#8217;de \u00fcniversitelerin felsefe b\u00f6l\u00fcmlerinde k\u0131s\u0131tl\u0131 olarak o da daha ziyade bilgi teorisi \u00fczerinden anlat\u0131l\u0131r okutulur. Oysa Hume&#8217;un ak\u0131l toplum ve siyaset yakla\u015f\u0131m\u0131 insanl\u0131k tarihindeki<span class=\"excerpt-hellip\"> [\u2026]<\/span><\/p>\n","protected":false},"featured_media":0,"template":"","meta":{"_monsterinsights_skip_tracking":false,"_monsterinsights_sitenote_active":false,"_monsterinsights_sitenote_note":"","_monsterinsights_sitenote_category":0},"product_brand":[],"product_cat":[12389,12388],"product_tag":[],"class_list":{"0":"post-694234","1":"product","2":"type-product","3":"status-publish","5":"product_cat-diger-felsefe","6":"product_cat-felsefe","7":"pa_cilt-ciltsiz","8":"pa_tur-kitap","9":"pa_yayinevi-liberte-yayinlari","10":"pa_yazar-melih-yurusen","12":"first","13":"instock","14":"sale","15":"shipping-taxable","16":"purchasable","17":"product-type-simple"},"_links":{"self":[{"href":"https:\/\/roveyayinevi.com.tr\/index.php\/wp-json\/wp\/v2\/product\/694234","targetHints":{"allow":["GET"]}}],"collection":[{"href":"https:\/\/roveyayinevi.com.tr\/index.php\/wp-json\/wp\/v2\/product"}],"about":[{"href":"https:\/\/roveyayinevi.com.tr\/index.php\/wp-json\/wp\/v2\/types\/product"}],"wp:attachment":[{"href":"https:\/\/roveyayinevi.com.tr\/index.php\/wp-json\/wp\/v2\/media?parent=694234"}],"wp:term":[{"taxonomy":"product_brand","embeddable":true,"href":"https:\/\/roveyayinevi.com.tr\/index.php\/wp-json\/wp\/v2\/product_brand?post=694234"},{"taxonomy":"product_cat","embeddable":true,"href":"https:\/\/roveyayinevi.com.tr\/index.php\/wp-json\/wp\/v2\/product_cat?post=694234"},{"taxonomy":"product_tag","embeddable":true,"href":"https:\/\/roveyayinevi.com.tr\/index.php\/wp-json\/wp\/v2\/product_tag?post=694234"}],"curies":[{"name":"wp","href":"https:\/\/api.w.org\/{rel}","templated":true}]}}