{"id":694232,"date":"2025-08-27T14:19:26","date_gmt":"2025-08-27T11:19:26","guid":{"rendered":"https:\/\/roveyayinevi.com.tr\/index.php\/urun\/fullmetal-alchemist-celik-simyaci-2\/"},"modified":"2026-04-16T02:04:00","modified_gmt":"2026-04-15T23:04:00","slug":"fullmetal-alchemist-celik-simyaci-2","status":"publish","type":"product","link":"https:\/\/roveyayinevi.com.tr\/index.php\/urun\/fullmetal-alchemist-celik-simyaci-2\/","title":{"rendered":"Fullmetal Alchemist &#8211; \u00c7elik Simyac\u0131 2"},"content":{"rendered":"<p>Simya: Do\u011fay\u0131 de\u011fi\u015ftirip \u015fekillendirmeye yarayan esrarengiz g\u00fc\u00e7; \u00e2deta b\u00fcy\u00fc, sanat ve bilimin bile\u015fimi. En \u00e7ok istedikleri \u015feye sahip olabilmek i\u00e7in amat\u00f6rce y\u00f6ntemleriyle bu g\u00fcc\u00fc elde etmeye \u00e7al\u0131\u015ft\u0131klar\u0131nda, iki karde\u015f olan Edward ve Alphonse Elric&#8217;ten biri kolunu ve bir baca\u011f\u0131n\u0131 kaybetmi\u015f, di\u011feri de ya\u015fayan bir \u00e7elik par\u00e7as\u0131n\u0131n i\u00e7ine t\u0131k\u0131l\u0131p kalm\u0131\u015f bir ruha d\u00f6n\u00fc\u015f\u00fcvermi\u015ftir. Edward art\u0131k bir h\u00fck\u00fbmet ajan\u0131d\u0131r ve asker\u00ee bir simya tesisinde \u00e7al\u0131\u015fmaktad\u0131r. Benzersiz g\u00fc\u00e7lerini emirlere uymak, hatta \u00f6ld\u00fcrmek i\u00e7in kullan\u0131r. Ancak Edward, ba\u015fkalar\u0131n\u0131n da ayn\u0131 g\u00fc\u00e7lere sahip oldu\u011funun fark\u0131nda de\u011fildir. Simyan\u0131n a\u015f\u0131r\u0131 kullan\u0131m\u0131 sonucunda d\u00fcnya \u00e2deta bir cehenneme d\u00f6ner. En de\u011ferli simya hazinesi Felsefe Ta\u015f\u0131&#8217;n\u0131 ele ge\u00e7irmeye \u00e7abalayan d\u00fc\u015fmanlar\u0131, kahramanlar\u0131m\u0131zdan \u00e7ok daha zalim ve ac\u0131mas\u0131zd\u0131rlar. Al ve Ed, albaylar\u0131 Colonel Mustang&#8217;e rapor vermek \u00fczere do\u011fu cephesi kararg\u00e2h\u0131na geri d\u00f6nerler. Mustang, bu iki karde\u015fi biyo kimyayla yak\u0131ndan ilgilenen ve farkl\u0131 genetiklere sahip organizmalar\u0131 birle\u015ftirerek kaymeralar\u0131 yaratan Shou Tucker ile bir araya getirir. Al ve Ed Tucker&#8217;\u0131n onlar\u0131 yeniden eski bedenleriyle kavu\u015fturaca\u011f\u0131na inan\u0131rlar. Di\u011fer yandan intikam pe\u015findeki &#8220;Scar&#8221; devlet simyac\u0131lar\u0131n\u0131n pe\u015findedir ve yakalad\u0131\u011f\u0131 simyac\u0131lar\u0131 deh\u015fet verici bir bi\u00e7imde \u00f6ld\u00fcrmektedir. Bu adam dokundu\u011fu anda simyac\u0131lar\u0131 \u00e2deta parampar\u00e7a etmektedir ve Scar, \u015fimdi Ed&#8217;in de pe\u015findedir&#8230;<\/p>\n","protected":false},"excerpt":{"rendered":"<p>Simya: Do\u011fay\u0131 de\u011fi\u015ftirip \u015fekillendirmeye yarayan esrarengiz g\u00fc\u00e7; \u00e2deta b\u00fcy\u00fc, sanat ve bilimin bile\u015fimi. En \u00e7ok istedikleri \u015feye sahip olabilmek i\u00e7in amat\u00f6rce y\u00f6ntemleriyle bu g\u00fcc\u00fc elde etmeye<span class=\"excerpt-hellip\"> [\u2026]<\/span><\/p>\n","protected":false},"featured_media":0,"template":"","meta":{"_monsterinsights_skip_tracking":false,"_monsterinsights_sitenote_active":false,"_monsterinsights_sitenote_note":"","_monsterinsights_sitenote_category":0},"product_brand":[],"product_cat":[12416,12291],"product_tag":[],"class_list":{"0":"post-694232","1":"product","2":"type-product","3":"status-publish","5":"product_cat-cizgi-roman","6":"product_cat-edebiyat","7":"pa_cilt-ciltsiz","8":"pa_tur-kitap","9":"pa_yayinevi-akil-celen-kitaplar","10":"pa_yazar-hiromu-arakawa","12":"first","13":"instock","14":"sale","15":"shipping-taxable","16":"purchasable","17":"product-type-simple"},"_links":{"self":[{"href":"https:\/\/roveyayinevi.com.tr\/index.php\/wp-json\/wp\/v2\/product\/694232","targetHints":{"allow":["GET"]}}],"collection":[{"href":"https:\/\/roveyayinevi.com.tr\/index.php\/wp-json\/wp\/v2\/product"}],"about":[{"href":"https:\/\/roveyayinevi.com.tr\/index.php\/wp-json\/wp\/v2\/types\/product"}],"wp:attachment":[{"href":"https:\/\/roveyayinevi.com.tr\/index.php\/wp-json\/wp\/v2\/media?parent=694232"}],"wp:term":[{"taxonomy":"product_brand","embeddable":true,"href":"https:\/\/roveyayinevi.com.tr\/index.php\/wp-json\/wp\/v2\/product_brand?post=694232"},{"taxonomy":"product_cat","embeddable":true,"href":"https:\/\/roveyayinevi.com.tr\/index.php\/wp-json\/wp\/v2\/product_cat?post=694232"},{"taxonomy":"product_tag","embeddable":true,"href":"https:\/\/roveyayinevi.com.tr\/index.php\/wp-json\/wp\/v2\/product_tag?post=694232"}],"curies":[{"name":"wp","href":"https:\/\/api.w.org\/{rel}","templated":true}]}}