{"id":694231,"date":"2025-08-27T14:19:26","date_gmt":"2025-08-27T11:19:26","guid":{"rendered":"https:\/\/roveyayinevi.com.tr\/index.php\/urun\/filin-yolculugu\/"},"modified":"2026-04-16T02:04:00","modified_gmt":"2026-04-15T23:04:00","slug":"filin-yolculugu","status":"publish","type":"product","link":"https:\/\/roveyayinevi.com.tr\/index.php\/urun\/filin-yolculugu\/","title":{"rendered":"Filin Yolculu\u011fu"},"content":{"rendered":"<p>16. y\u00fczy\u0131lda, Portekiz kral\u0131 III. Jo\u00e3o, kuzeni Kutsal Roma-Germen \u0130mparatoru II. Maximilian\u2019a hediye olarak S\u00fcleyman ad\u0131nda bir fil g\u00f6nderir. K\u0131ta Avrupas\u0131\u2019n\u0131n en bat\u0131s\u0131ndan, Lizbon\u2019dan Viyana\u2019ya do\u011fru yola \u00e7\u0131kan bu fil ile bak\u0131c\u0131s\u0131 yoksul Subhro\u2019nun tuhaf yolculu\u011funun hik\u00e2yesidir Filin Yolculu\u011fu. Saramago her zamanki ince mizah\u0131yla, muhte\u015fem metaforlar\u0131yla ve insana dair g\u00f6zlemleriyle ola\u011fan\u00fcst\u00fc bir yolculu\u011fu anlat\u0131yor. <\/p>\n","protected":false},"excerpt":{"rendered":"<p>16. y\u00fczy\u0131lda, Portekiz kral\u0131 III. Jo\u00e3o, kuzeni Kutsal Roma-Germen \u0130mparatoru II. Maximilian\u2019a hediye olarak S\u00fcleyman ad\u0131nda bir fil g\u00f6nderir. K\u0131ta Avrupas\u0131\u2019n\u0131n en bat\u0131s\u0131ndan, Lizbon\u2019dan Viyana\u2019ya do\u011fru<span class=\"excerpt-hellip\"> [\u2026]<\/span><\/p>\n","protected":false},"featured_media":0,"template":"","meta":{"_monsterinsights_skip_tracking":false,"_monsterinsights_sitenote_active":false,"_monsterinsights_sitenote_note":"","_monsterinsights_sitenote_category":0},"product_brand":[],"product_cat":[12291,12711],"product_tag":[],"class_list":{"0":"post-694231","1":"product","2":"type-product","3":"status-publish","5":"product_cat-edebiyat","6":"product_cat-roman-oyku","7":"pa_cilt-ciltsiz","8":"pa_tur-kitap","9":"pa_yayinevi-kirmizi-kedi-yayinevi","10":"pa_yazar-jose-saramago","12":"first","13":"instock","14":"sale","15":"shipping-taxable","16":"purchasable","17":"product-type-simple"},"_links":{"self":[{"href":"https:\/\/roveyayinevi.com.tr\/index.php\/wp-json\/wp\/v2\/product\/694231","targetHints":{"allow":["GET"]}}],"collection":[{"href":"https:\/\/roveyayinevi.com.tr\/index.php\/wp-json\/wp\/v2\/product"}],"about":[{"href":"https:\/\/roveyayinevi.com.tr\/index.php\/wp-json\/wp\/v2\/types\/product"}],"wp:attachment":[{"href":"https:\/\/roveyayinevi.com.tr\/index.php\/wp-json\/wp\/v2\/media?parent=694231"}],"wp:term":[{"taxonomy":"product_brand","embeddable":true,"href":"https:\/\/roveyayinevi.com.tr\/index.php\/wp-json\/wp\/v2\/product_brand?post=694231"},{"taxonomy":"product_cat","embeddable":true,"href":"https:\/\/roveyayinevi.com.tr\/index.php\/wp-json\/wp\/v2\/product_cat?post=694231"},{"taxonomy":"product_tag","embeddable":true,"href":"https:\/\/roveyayinevi.com.tr\/index.php\/wp-json\/wp\/v2\/product_tag?post=694231"}],"curies":[{"name":"wp","href":"https:\/\/api.w.org\/{rel}","templated":true}]}}