{"id":694227,"date":"2025-08-27T14:19:25","date_gmt":"2025-08-27T11:19:25","guid":{"rendered":"https:\/\/roveyayinevi.com.tr\/index.php\/urun\/cogito-sayi-9-yuz-yilin-psikanalizi\/"},"modified":"2026-04-16T02:04:00","modified_gmt":"2026-04-15T23:04:00","slug":"cogito-sayi-9-yuz-yilin-psikanalizi","status":"publish","type":"product","link":"https:\/\/roveyayinevi.com.tr\/index.php\/urun\/cogito-sayi-9-yuz-yilin-psikanalizi\/","title":{"rendered":"Cogito Say\u0131: 9 Y\u00fcz Y\u0131l\u0131n Psikanalizi"},"content":{"rendered":"<p>G\u00fcven Turan &#8211; Y\u00fcz Y\u0131ld\u0131r Psikanalizle Bir Divanda&#8230; I\u015f\u0131k \u015eim\u015fek &#8211; Edit\u00f6r\u2019den&#8230; Sigmund Freud\u2019un Kronolojisi Sigmund Freud &#8211; Nevroz, Psikoz ve Sapk\u0131nl\u0131k Sigmund Freud &#8211; Aktar\u0131m\u0131n Dinami\u011fi \u00dczerine Sigmund Freud &#8211; Psikanalitik Tedavide Hekime \u00d6neriler Sigmund Freud &#8211; Psikanalizin Yarar\u0131 (1913) Sigmund Freud &#8211; \u00dcniversitede Psikanaliz \u00d6\u011fretmeli miyiz? Freud\u2019dan Fliess\u2019e Mektuplar George Sylvester Viereck &#8211; Sigmund Freud&#8217;la G\u00f6r\u00fc\u015fme H.D. &#8211; Gidi\u015fat Madele\u0131ne Vermorel, Henri Vermorel &#8211; Jung\u2019la Yaz\u0131\u015fmalar\u0131n\u0131n I\u015f\u0131\u011f\u0131nda, Freud&#8217;un, D\u00f6neminin Psikiyatrisiyle Olan \u0130li\u015fkilerinin Bir D\u00f6nemi Elisabeth Young-Bruehl &#8211; Anna Freud&#8217;un Analizi Sandor Ferenczi &#8211; Yeti\u015fkinler ve \u00c7ocuk Aras\u0131nda Dil Kar\u0131\u015f\u0131kl\u0131\u011f\u0131: Tutkunun ve Sevecenli\u011fin Dili Melanie Klein &#8211; Ruhsal Sa\u011fl\u0131k \u00dcst\u00fcne Wilfried R. Bion &#8211; Ba\u011flara Kar\u015f\u0131 Giri\u015filen Sald\u0131r\u0131 Mihaly Balint &#8211; Pratisyen Hekime Psikoterapi \u00dcst\u00fcne \u00d6neriler Bernard Penot &#8211; Freud\u2019cu \u00d6znenin \u0130cad\u0131 ve Ergenlik Andr\u00e9 Green &#8211; \u015eey Tasar\u0131mlamas\u0131, D\u00fcrt\u00fc ve Dil Aras\u0131nda Mustafa Safouan &#8211; Psikanaliz \u00d6\u011fretisinde Kad\u0131n Cinselli\u011fi Talat Parman &#8211; Psikanalist Kimdir? Bella Habip &#8211; \u00c7ocuk Psikanalizi Tarihi \u00dczerine Mehmet Erg\u00fcven &#8211; Sembol ve Psikanaliz: \u00d6l\u00fcler Adas\u0131 Tevfika \u0130kiz &#8211; Mizah ve Psikanaliz Murat Kemalo\u011flu &#8211; \u00c7\u00f6z\u00fcmlemeci S\u00fcre\u00e7te K\u00fclt\u00fcre Yabanc\u0131 S\u00f6ylenceler T\u00fcrkiye&#8217;de Psikanalizin Konumu \u00dczerine Bir S\u00f6yle\u015fi Catherine Cl\u00e9ment&#8217;le G\u00f6r\u00fc\u015fme &#8211; Andr\u00e9 Green: Ac\u0131l\u0131 Bir Hayat\u0131n Analizi Roger Dadoun &#8211; Alma\u015f\u0131k Bir Psikanaliz Catherine Cl\u00e9ment &#8211; Psikanalize Kar\u015f\u0131, Ba\u015ftan A\u015fa\u011f\u0131 Kar\u015f\u0131 Ren\u00e9 Major &#8211; Psikanalizle \u0130li\u015fki Elisabeth Roudinesco &#8211; Freud&#8217;un Amerikas\u0131 1906-1960 Erc\u00fcment Ayta\u00e7 &#8211; Bilin\u00e7 M\u00fchendisleri: Bilimsel Ske\u00e7 T\u00fcrkiye\u2019de Psikanalizle \u0130lgili Bas\u0131l\u0131 Yay\u0131nlar (Kitaplar) Roger Caillois &#8211; Cellad\u0131n \u00d6l\u00fcm\u00fc Paul Tabori &#8211; \u015e\u00fcphecili\u011fin Aptall\u0131\u011f\u0131 Kenneth Westphal &#8211; Hegel&#8217;in Hukuk Felsefesinin Temel Ba\u011flam ve Yap\u0131s\u0131 Maureen Whitebrook &#8211; Anlat\u0131 Tarz\u0131n\u0131 Benimsemek: Roman Kuramsal Politikaya Ne Katabilir? \ufffcTan\u0131t\u0131m Metni<\/p>\n","protected":false},"excerpt":{"rendered":"<p>G\u00fcven Turan &#8211; Y\u00fcz Y\u0131ld\u0131r Psikanalizle Bir Divanda&#8230; I\u015f\u0131k \u015eim\u015fek &#8211; Edit\u00f6r\u2019den&#8230; Sigmund Freud\u2019un Kronolojisi Sigmund Freud &#8211; Nevroz, Psikoz ve Sapk\u0131nl\u0131k Sigmund Freud &#8211; Aktar\u0131m\u0131n<span class=\"excerpt-hellip\"> [\u2026]<\/span><\/p>\n","protected":false},"featured_media":0,"template":"","meta":{"_monsterinsights_skip_tracking":false,"_monsterinsights_sitenote_active":false,"_monsterinsights_sitenote_note":"","_monsterinsights_sitenote_category":0},"product_brand":[],"product_cat":[13527],"product_tag":[],"class_list":{"0":"post-694227","1":"product","2":"type-product","3":"status-publish","5":"product_cat-sureli-yayinlar","6":"pa_cilt-ciltsiz","7":"pa_tur-dergi","8":"pa_yayinevi-yapi-kredi-yayinlari-dergi","9":"pa_yazar-kolektif","11":"first","12":"instock","13":"sale","14":"shipping-taxable","15":"purchasable","16":"product-type-simple"},"_links":{"self":[{"href":"https:\/\/roveyayinevi.com.tr\/index.php\/wp-json\/wp\/v2\/product\/694227","targetHints":{"allow":["GET"]}}],"collection":[{"href":"https:\/\/roveyayinevi.com.tr\/index.php\/wp-json\/wp\/v2\/product"}],"about":[{"href":"https:\/\/roveyayinevi.com.tr\/index.php\/wp-json\/wp\/v2\/types\/product"}],"wp:attachment":[{"href":"https:\/\/roveyayinevi.com.tr\/index.php\/wp-json\/wp\/v2\/media?parent=694227"}],"wp:term":[{"taxonomy":"product_brand","embeddable":true,"href":"https:\/\/roveyayinevi.com.tr\/index.php\/wp-json\/wp\/v2\/product_brand?post=694227"},{"taxonomy":"product_cat","embeddable":true,"href":"https:\/\/roveyayinevi.com.tr\/index.php\/wp-json\/wp\/v2\/product_cat?post=694227"},{"taxonomy":"product_tag","embeddable":true,"href":"https:\/\/roveyayinevi.com.tr\/index.php\/wp-json\/wp\/v2\/product_tag?post=694227"}],"curies":[{"name":"wp","href":"https:\/\/api.w.org\/{rel}","templated":true}]}}