{"id":694222,"date":"2025-08-27T14:19:24","date_gmt":"2025-08-27T11:19:24","guid":{"rendered":"https:\/\/roveyayinevi.com.tr\/index.php\/urun\/hosca-kal-berlin\/"},"modified":"2026-04-16T02:04:00","modified_gmt":"2026-04-15T23:04:00","slug":"hosca-kal-berlin","status":"publish","type":"product","link":"https:\/\/roveyayinevi.com.tr\/index.php\/urun\/hosca-kal-berlin\/","title":{"rendered":"Ho\u015f\u00e7a Kal Berlin"},"content":{"rendered":"<p>\u201cBen kay\u0131t yapan, d\u00fc\u015f\u00fcnmeyen, b\u00fct\u00fcn\u00fcyle edilgen, objektifi a\u00e7\u0131k bir foto\u011fraf makinesiyim.\u201d Ho\u015f\u00e7a Kal Berlin\u2019in ba\u015f\u0131nda yer alan bu c\u00fcmle, Christopher Isherwood\u2019un \u00fcnl\u00fc \u201cBerlin romanlar\u0131\u201dnda geli\u015ftirdi\u011fi anlat\u0131m tekni\u011finin de \u00f6z\u00fc say\u0131labilir. Bu romanlar\u0131n en \u00fcnl\u00fcs\u00fc olan Ho\u015f\u00e7a Kal Berlin\u2019in yazarla ayn\u0131 ad\u0131 ta\u015f\u0131yan ve olaylar\u0131n d\u0131\u015f\u0131nda durarak olan biteni bir foto\u011fraf makinesi gibi kaydeden anlat\u0131c\u0131s\u0131 arac\u0131l\u0131\u011f\u0131yla eski Berlin\u2019in renkli gece hayat\u0131na tan\u0131k olur, Yahudilerden g\u00f6\u00e7menlere, e\u015fcinsel \u00e7iftlerden oyuncu olma hayali kuran gen\u00e7 k\u0131zlara, Nazi sempatizanlar\u0131ndan kom\u00fcnistlere onlarca ilgin\u00e7 ve unutulmaz ki\u015fiyle tan\u0131\u015f\u0131r\u0131z. Isherwood bizi bu insanlar galerisinde dola\u015ft\u0131r\u0131rken arka planda yava\u015f yava\u015f da\u011f\u0131lan bir toplumun foto\u011fraf\u0131 belirir.     Christopher Isherwood, Ho\u015f\u00e7a Kal Berlin\u2019de okurlar\u0131, y\u0131llarca ya\u015fad\u0131\u011f\u0131 ve Hitler\u2019in iktidara geli\u015fiyle terk etmek zorunda kald\u0131\u011f\u0131 kozmopolit Berlin\u2019e, yok olup gitmi\u015f bir d\u00fcnyaya g\u00f6t\u00fcr\u00fcyor.     \u00c7\u00fcr\u00fcme s\u00fcrecindeki bir topluma ili\u015fkin parlak eskizler.                                                               George Orwell   Isherwood\u2019un yazd\u0131klar\u0131nda kurmacayla an\u0131 aras\u0131nda genellikle ince bir \u00e7izgi vard\u0131r; bu kitaptaki \u00f6zel kavray\u0131\u015f\u0131n kayna\u011f\u0131 da budur: Isherwood s\u00f6z\u00fc edilen karanl\u0131k d\u00f6nemde Berlin\u2019deki ya\u015fam\u0131 \u00e7ok yak\u0131ndan g\u00f6zlemlemi\u015f ve insani \u00f6l\u00e7ekte ortaya koymu\u015ftur.                      The Atlantic   <\/p>\n","protected":false},"excerpt":{"rendered":"<p>\u201cBen kay\u0131t yapan, d\u00fc\u015f\u00fcnmeyen, b\u00fct\u00fcn\u00fcyle edilgen, objektifi a\u00e7\u0131k bir foto\u011fraf makinesiyim.\u201d Ho\u015f\u00e7a Kal Berlin\u2019in ba\u015f\u0131nda yer alan bu c\u00fcmle, Christopher Isherwood\u2019un \u00fcnl\u00fc \u201cBerlin romanlar\u0131\u201dnda geli\u015ftirdi\u011fi anlat\u0131m<span class=\"excerpt-hellip\"> [\u2026]<\/span><\/p>\n","protected":false},"featured_media":0,"template":"","meta":{"_monsterinsights_skip_tracking":false,"_monsterinsights_sitenote_active":false,"_monsterinsights_sitenote_note":"","_monsterinsights_sitenote_category":0},"product_brand":[],"product_cat":[12291,12866],"product_tag":[],"class_list":{"0":"post-694222","1":"product","2":"type-product","3":"status-publish","5":"product_cat-edebiyat","6":"product_cat-ingiliz-edebiyati","7":"pa_cilt-ciltsiz","8":"pa_tur-kitap","9":"pa_yayinevi-yapi-kredi-yayinlari","10":"pa_yazar-christopher-isherwood","12":"first","13":"instock","14":"sale","15":"shipping-taxable","16":"purchasable","17":"product-type-simple"},"_links":{"self":[{"href":"https:\/\/roveyayinevi.com.tr\/index.php\/wp-json\/wp\/v2\/product\/694222","targetHints":{"allow":["GET"]}}],"collection":[{"href":"https:\/\/roveyayinevi.com.tr\/index.php\/wp-json\/wp\/v2\/product"}],"about":[{"href":"https:\/\/roveyayinevi.com.tr\/index.php\/wp-json\/wp\/v2\/types\/product"}],"wp:attachment":[{"href":"https:\/\/roveyayinevi.com.tr\/index.php\/wp-json\/wp\/v2\/media?parent=694222"}],"wp:term":[{"taxonomy":"product_brand","embeddable":true,"href":"https:\/\/roveyayinevi.com.tr\/index.php\/wp-json\/wp\/v2\/product_brand?post=694222"},{"taxonomy":"product_cat","embeddable":true,"href":"https:\/\/roveyayinevi.com.tr\/index.php\/wp-json\/wp\/v2\/product_cat?post=694222"},{"taxonomy":"product_tag","embeddable":true,"href":"https:\/\/roveyayinevi.com.tr\/index.php\/wp-json\/wp\/v2\/product_tag?post=694222"}],"curies":[{"name":"wp","href":"https:\/\/api.w.org\/{rel}","templated":true}]}}