{"id":694221,"date":"2025-08-27T14:19:24","date_gmt":"2025-08-27T11:19:24","guid":{"rendered":"https:\/\/roveyayinevi.com.tr\/index.php\/urun\/cevreci-kral-kurbaga-ciltli\/"},"modified":"2026-04-16T02:04:00","modified_gmt":"2026-04-15T23:04:00","slug":"cevreci-kral-kurbaga-ciltli","status":"publish","type":"product","link":"https:\/\/roveyayinevi.com.tr\/index.php\/urun\/cevreci-kral-kurbaga-ciltli\/","title":{"rendered":"\u00c7evreci Kral Kurba\u011fa (Ciltli)"},"content":{"rendered":"<p>Kral kurba\u011fa, halk\u0131na hep iyi, do\u011fru ve g\u00fczel olan \u015feyleri \u00f6gretmi\u015f. K\u00fc\u00e7\u00fck kurba\u011falara her zaman do\u011fay\u0131 korumalar\u0131 gerekti\u011fini, mavi g\u00f6ky\u00fcz\u00fc, su kaynaklar\u0131 olmadan hayatta kalamayacaklar\u0131n\u0131 anlatm\u0131\u015f. \ufffc<\/p>\n","protected":false},"excerpt":{"rendered":"<p>Kral kurba\u011fa, halk\u0131na hep iyi, do\u011fru ve g\u00fczel olan \u015feyleri \u00f6gretmi\u015f. K\u00fc\u00e7\u00fck kurba\u011falara her zaman do\u011fay\u0131 korumalar\u0131 gerekti\u011fini, mavi g\u00f6ky\u00fcz\u00fc, su kaynaklar\u0131 olmadan hayatta kalamayacaklar\u0131n\u0131 anlatm\u0131\u015f.<span class=\"excerpt-hellip\"> [\u2026]<\/span><\/p>\n","protected":false},"featured_media":0,"template":"","meta":{"_monsterinsights_skip_tracking":false,"_monsterinsights_sitenote_active":false,"_monsterinsights_sitenote_note":"","_monsterinsights_sitenote_category":0},"product_brand":[],"product_cat":[12274,12523],"product_tag":[],"class_list":{"0":"post-694221","1":"product","2":"type-product","3":"status-publish","5":"product_cat-cocuk-ve-genclik-kitaplari","6":"product_cat-masallar","7":"pa_cilt-ciltli","8":"pa_tur-kitap","9":"pa_yayinevi-altin-kitaplar-cocuk-kitaplari","10":"pa_yazar-aysun-berktay-ozmen","12":"first","13":"instock","14":"sale","15":"shipping-taxable","16":"purchasable","17":"product-type-simple"},"_links":{"self":[{"href":"https:\/\/roveyayinevi.com.tr\/index.php\/wp-json\/wp\/v2\/product\/694221","targetHints":{"allow":["GET"]}}],"collection":[{"href":"https:\/\/roveyayinevi.com.tr\/index.php\/wp-json\/wp\/v2\/product"}],"about":[{"href":"https:\/\/roveyayinevi.com.tr\/index.php\/wp-json\/wp\/v2\/types\/product"}],"wp:attachment":[{"href":"https:\/\/roveyayinevi.com.tr\/index.php\/wp-json\/wp\/v2\/media?parent=694221"}],"wp:term":[{"taxonomy":"product_brand","embeddable":true,"href":"https:\/\/roveyayinevi.com.tr\/index.php\/wp-json\/wp\/v2\/product_brand?post=694221"},{"taxonomy":"product_cat","embeddable":true,"href":"https:\/\/roveyayinevi.com.tr\/index.php\/wp-json\/wp\/v2\/product_cat?post=694221"},{"taxonomy":"product_tag","embeddable":true,"href":"https:\/\/roveyayinevi.com.tr\/index.php\/wp-json\/wp\/v2\/product_tag?post=694221"}],"curies":[{"name":"wp","href":"https:\/\/api.w.org\/{rel}","templated":true}]}}