{"id":694220,"date":"2025-08-27T14:19:23","date_gmt":"2025-08-27T11:19:23","guid":{"rendered":"https:\/\/roveyayinevi.com.tr\/index.php\/urun\/metis-otekini-dinlemek-dizisi-22-psikanalizin-dort-temel-kavrami-seminer-11-kitap\/"},"modified":"2026-04-16T02:04:00","modified_gmt":"2026-04-15T23:04:00","slug":"metis-otekini-dinlemek-dizisi-22-psikanalizin-dort-temel-kavrami-seminer-11-kitap","status":"publish","type":"product","link":"https:\/\/roveyayinevi.com.tr\/index.php\/urun\/metis-otekini-dinlemek-dizisi-22-psikanalizin-dort-temel-kavrami-seminer-11-kitap\/","title":{"rendered":"Metis \u00d6tekini Dinlemek Dizisi 22 &#8211; Psikanalizin D\u00f6rt Temel Kavram\u0131 &#8211; Seminer 11. Kitap"},"content":{"rendered":"<p>Uluslaras\u0131 Psikanaliz Birli\u011fi&#8217;nden &#8220;aforoz&#8221; edildikten sonra verdi\u011fi bu ilk seminerde (1964) Jacques Lacan, birka\u00e7 y\u00f6nl\u00fc bir i\u015fe giri\u015fiyor: Bir yandan, dinleyicilerine psikanalizin d\u00f6rt temel kavram\u0131n\u0131 (bilin\u00e7d\u0131\u015f\u0131, tekrarlama, aktar\u0131m, d\u00fcrt\u00fc) kendine \u00f6zg\u00fc bir tarzda tan\u0131t\u0131rken, bir yandan da d\u00f6nemin epistemolojisinden yararlanarak psikanalizin bilim olup olmad\u0131\u011f\u0131n\u0131, psikanalizi var eden \u00f6zneyle modern bilimi kuran \u00f6znenin, cogito&#8217;nun \u00f6znesinin ayn\u0131 olup olmad\u0131\u011f\u0131n\u0131 sorguluyor; bu arada Freud&#8217;un d\u00fc\u015f\u00fcncesini a\u00e7\u0131mlad\u0131\u011f\u0131 kadar onunla hesapla\u015fmaktan da geri durmuyor. S\u00f6ylemiyle felsefeyi psikanalizle, psikanalizi de felsefeyle y\u00fczle\u015fmeye davet ediyor s\u00fcrekli. Jacques Lacan ilk kez bu \u00e7apta ve bu nitelikte bir yap\u0131t\u0131yla T\u00fcrk\u00e7ede. 1973&#8217;te yazd\u0131\u011f\u0131 sons\u00f6zde dedi\u011fi gibi, &#8220;Bu \u015fekilde okunacak bu kitap, bahse girerim.&#8221; \ufffcTan\u0131t\u0131m Metni<\/p>\n","protected":false},"excerpt":{"rendered":"<p>Uluslaras\u0131 Psikanaliz Birli\u011fi&#8217;nden &#8220;aforoz&#8221; edildikten sonra verdi\u011fi bu ilk seminerde (1964) Jacques Lacan, birka\u00e7 y\u00f6nl\u00fc bir i\u015fe giri\u015fiyor: Bir yandan, dinleyicilerine psikanalizin d\u00f6rt temel kavram\u0131n\u0131 (bilin\u00e7d\u0131\u015f\u0131,<span class=\"excerpt-hellip\"> [\u2026]<\/span><\/p>\n","protected":false},"featured_media":0,"template":"","meta":{"_monsterinsights_skip_tracking":false,"_monsterinsights_sitenote_active":false,"_monsterinsights_sitenote_note":"","_monsterinsights_sitenote_category":0},"product_brand":[],"product_cat":[12312,12304],"product_tag":[],"class_list":{"0":"post-694220","1":"product","2":"type-product","3":"status-publish","5":"product_cat-diger","6":"product_cat-tarih","7":"pa_cilt-ciltsiz","8":"pa_tur-kitap","9":"pa_yayinevi-metis-yayinlari","10":"pa_yazar-jacgues-lacan","12":"first","13":"instock","14":"sale","15":"shipping-taxable","16":"purchasable","17":"product-type-simple"},"_links":{"self":[{"href":"https:\/\/roveyayinevi.com.tr\/index.php\/wp-json\/wp\/v2\/product\/694220","targetHints":{"allow":["GET"]}}],"collection":[{"href":"https:\/\/roveyayinevi.com.tr\/index.php\/wp-json\/wp\/v2\/product"}],"about":[{"href":"https:\/\/roveyayinevi.com.tr\/index.php\/wp-json\/wp\/v2\/types\/product"}],"wp:attachment":[{"href":"https:\/\/roveyayinevi.com.tr\/index.php\/wp-json\/wp\/v2\/media?parent=694220"}],"wp:term":[{"taxonomy":"product_brand","embeddable":true,"href":"https:\/\/roveyayinevi.com.tr\/index.php\/wp-json\/wp\/v2\/product_brand?post=694220"},{"taxonomy":"product_cat","embeddable":true,"href":"https:\/\/roveyayinevi.com.tr\/index.php\/wp-json\/wp\/v2\/product_cat?post=694220"},{"taxonomy":"product_tag","embeddable":true,"href":"https:\/\/roveyayinevi.com.tr\/index.php\/wp-json\/wp\/v2\/product_tag?post=694220"}],"curies":[{"name":"wp","href":"https:\/\/api.w.org\/{rel}","templated":true}]}}