{"id":694219,"date":"2025-08-27T14:19:23","date_gmt":"2025-08-27T11:19:23","guid":{"rendered":"https:\/\/roveyayinevi.com.tr\/index.php\/urun\/efendi-dayinin-kozalaklari\/"},"modified":"2026-04-16T02:04:00","modified_gmt":"2026-04-15T23:04:00","slug":"efendi-dayinin-kozalaklari","status":"publish","type":"product","link":"https:\/\/roveyayinevi.com.tr\/index.php\/urun\/efendi-dayinin-kozalaklari\/","title":{"rendered":"Efendi Day\u0131n\u0131n Kozalaklar\u0131"},"content":{"rendered":"<p>Efendi Day\u0131n\u0131n \u00f6l\u00fcm\u00fc \u00e7evresinde geli\u015fen masum bir a\u015fk duygusunun baz\u0131 tesad\u00fcflerle umulmad\u0131k boyutlara ula\u015fmas\u0131 bu roman\u0131n as\u0131l konusudur. Erguvan Yoku\u015fu&#8217;nun insanlar\u0131 aras\u0131nda olu\u015fan duygusal ba\u011flar, Bursa ve \u0130stanbul aras\u0131nda ya\u015fayan nostaljik duygular, aile ili\u015fkileri ve gen\u00e7lerin kendilerine \u00f6zg\u00fc bir gelecek tasarlamalar\u0131 roman\u0131 ilgi \u00e7ekici k\u0131l\u0131yor. Bir gen\u00e7 k\u0131z\u0131n a\u011fz\u0131ndan yaz\u0131lan roman dil ve anlat\u0131m\u0131ndaki farkl\u0131l\u0131k, olaylar\u0131 ve ki\u015fileri kendine \u00f6zg\u00fc tav\u0131rla verme \u00e7abas\u0131yla dikkat \u00e7ekiyor. Kaybolmaya y\u00fcz tutmu\u015f de\u011ferlerimizle gen\u00e7lerin hayalleri, bir \u00f6l\u00fcm\u00fcn arkas\u0131ndan olu\u015fan ironik ve nostaljik duygularla ortaya konuyor.<\/p>\n","protected":false},"excerpt":{"rendered":"<p>Efendi Day\u0131n\u0131n \u00f6l\u00fcm\u00fc \u00e7evresinde geli\u015fen masum bir a\u015fk duygusunun baz\u0131 tesad\u00fcflerle umulmad\u0131k boyutlara ula\u015fmas\u0131 bu roman\u0131n as\u0131l konusudur. Erguvan Yoku\u015fu&#8217;nun insanlar\u0131 aras\u0131nda olu\u015fan duygusal ba\u011flar, Bursa<span class=\"excerpt-hellip\"> [\u2026]<\/span><\/p>\n","protected":false},"featured_media":0,"template":"","meta":{"_monsterinsights_skip_tracking":false,"_monsterinsights_sitenote_active":false,"_monsterinsights_sitenote_note":"","_monsterinsights_sitenote_category":0},"product_brand":[],"product_cat":[12364],"product_tag":[],"class_list":{"0":"post-694219","1":"product","2":"type-product","3":"status-publish","5":"product_cat-genel-konular","6":"pa_cilt-ciltsiz","7":"pa_tur-kitap","8":"pa_yayinevi-otuken-nesriyat","9":"pa_yazar-metin-savas","11":"first","12":"instock","13":"sale","14":"shipping-taxable","15":"purchasable","16":"product-type-simple"},"_links":{"self":[{"href":"https:\/\/roveyayinevi.com.tr\/index.php\/wp-json\/wp\/v2\/product\/694219","targetHints":{"allow":["GET"]}}],"collection":[{"href":"https:\/\/roveyayinevi.com.tr\/index.php\/wp-json\/wp\/v2\/product"}],"about":[{"href":"https:\/\/roveyayinevi.com.tr\/index.php\/wp-json\/wp\/v2\/types\/product"}],"wp:attachment":[{"href":"https:\/\/roveyayinevi.com.tr\/index.php\/wp-json\/wp\/v2\/media?parent=694219"}],"wp:term":[{"taxonomy":"product_brand","embeddable":true,"href":"https:\/\/roveyayinevi.com.tr\/index.php\/wp-json\/wp\/v2\/product_brand?post=694219"},{"taxonomy":"product_cat","embeddable":true,"href":"https:\/\/roveyayinevi.com.tr\/index.php\/wp-json\/wp\/v2\/product_cat?post=694219"},{"taxonomy":"product_tag","embeddable":true,"href":"https:\/\/roveyayinevi.com.tr\/index.php\/wp-json\/wp\/v2\/product_tag?post=694219"}],"curies":[{"name":"wp","href":"https:\/\/api.w.org\/{rel}","templated":true}]}}