{"id":694215,"date":"2025-08-27T14:19:22","date_gmt":"2025-08-27T11:19:22","guid":{"rendered":"https:\/\/roveyayinevi.com.tr\/index.php\/urun\/anne-tut-elimi\/"},"modified":"2026-04-16T02:04:00","modified_gmt":"2026-04-15T23:04:00","slug":"anne-tut-elimi","status":"publish","type":"product","link":"https:\/\/roveyayinevi.com.tr\/index.php\/urun\/anne-tut-elimi\/","title":{"rendered":"Anne, Tut Elimi!"},"content":{"rendered":"<p>\u201cBen konu\u015fsayd\u0131m, size konu\u015fman\u0131n nas\u0131l bir \u015fey oldu\u011funu anlat\u0131rd\u0131m. Ben konu\u015fmay\u0131 hep bir \u015feylere benzetirim. Konu\u015fmak, pazar sabah\u0131 alt\u0131 bu\u00e7ukta uyand\u0131ktan sonra, o g\u00fcn\u00fc pazartesi sand\u0131\u011f\u0131n\u0131z i\u00e7in kalk\u0131p okula gitmeye haz\u0131rlan\u0131rken, tatil oldu\u011funu fark edip tekrar uyumaya benzer. Konu\u015fmak, yolda giderken bir k\u00f6pe\u011fin sizi \u00e7ok sevip pe\u015finize tak\u0131lmas\u0131na benzer. Konu\u015fmak, \u00e7ay\u0131n\u0131z \u00e7ok s\u0131cak diye annenizin biraz\u0131n\u0131 d\u00f6k\u00fcp \u00fcst\u00fcne so\u011fuk su eklemesine benzer. <\/p>\n","protected":false},"excerpt":{"rendered":"<p>\u201cBen konu\u015fsayd\u0131m, size konu\u015fman\u0131n nas\u0131l bir \u015fey oldu\u011funu anlat\u0131rd\u0131m. Ben konu\u015fmay\u0131 hep bir \u015feylere benzetirim. Konu\u015fmak, pazar sabah\u0131 alt\u0131 bu\u00e7ukta uyand\u0131ktan sonra, o g\u00fcn\u00fc pazartesi sand\u0131\u011f\u0131n\u0131z<span class=\"excerpt-hellip\"> [\u2026]<\/span><\/p>\n","protected":false},"featured_media":0,"template":"","meta":{"_monsterinsights_skip_tracking":false,"_monsterinsights_sitenote_active":false,"_monsterinsights_sitenote_note":"","_monsterinsights_sitenote_category":0},"product_brand":[],"product_cat":[12291,12292],"product_tag":[],"class_list":{"0":"post-694215","1":"product","2":"type-product","3":"status-publish","5":"product_cat-edebiyat","6":"product_cat-turk-edebiyati","7":"pa_tur-kitap","8":"pa_yayinevi-kirmizi-kedi-yayinevi","9":"pa_yazar-uygar-sirin","11":"first","12":"instock","13":"sale","14":"shipping-taxable","15":"purchasable","16":"product-type-simple"},"_links":{"self":[{"href":"https:\/\/roveyayinevi.com.tr\/index.php\/wp-json\/wp\/v2\/product\/694215","targetHints":{"allow":["GET"]}}],"collection":[{"href":"https:\/\/roveyayinevi.com.tr\/index.php\/wp-json\/wp\/v2\/product"}],"about":[{"href":"https:\/\/roveyayinevi.com.tr\/index.php\/wp-json\/wp\/v2\/types\/product"}],"wp:attachment":[{"href":"https:\/\/roveyayinevi.com.tr\/index.php\/wp-json\/wp\/v2\/media?parent=694215"}],"wp:term":[{"taxonomy":"product_brand","embeddable":true,"href":"https:\/\/roveyayinevi.com.tr\/index.php\/wp-json\/wp\/v2\/product_brand?post=694215"},{"taxonomy":"product_cat","embeddable":true,"href":"https:\/\/roveyayinevi.com.tr\/index.php\/wp-json\/wp\/v2\/product_cat?post=694215"},{"taxonomy":"product_tag","embeddable":true,"href":"https:\/\/roveyayinevi.com.tr\/index.php\/wp-json\/wp\/v2\/product_tag?post=694215"}],"curies":[{"name":"wp","href":"https:\/\/api.w.org\/{rel}","templated":true}]}}