{"id":694213,"date":"2025-08-27T14:19:22","date_gmt":"2025-08-27T11:19:22","guid":{"rendered":"https:\/\/roveyayinevi.com.tr\/index.php\/urun\/evliya-celebi-seyahatnamesi-3-kitap-topkapi-sarayi-bagdat-305-yazmasinin-transkripsiyonu-dizini\/"},"modified":"2026-04-16T02:04:00","modified_gmt":"2026-04-15T23:04:00","slug":"evliya-celebi-seyahatnamesi-3-kitap-topkapi-sarayi-bagdat-305-yazmasinin-transkripsiyonu-dizini","status":"publish","type":"product","link":"https:\/\/roveyayinevi.com.tr\/index.php\/urun\/evliya-celebi-seyahatnamesi-3-kitap-topkapi-sarayi-bagdat-305-yazmasinin-transkripsiyonu-dizini\/","title":{"rendered":"Evliya \u00c7elebi Seyahatnamesi 3. Kitap  Topkap\u0131 Saray\u0131 Ba\u011fdat 305 Yazmas\u0131n\u0131n Transkripsiyonu &#8211; Dizini"},"content":{"rendered":"<p>K\u0131van\u00e7l\u0131y\u0131z; elinizdeki kitap ile Seyahatname\u2019nin bir cildi daha okuyucuya kazand\u0131rlm\u0131\u015f oldu. Sevin\u00e7liyiz; Evliya \u00c7elebi\u2019 yi ya\u015fatmaya inanan bir ekiple birlikteyiz. Azimliyiz; g\u00fcn gelecek son cildin de yay\u0131nland\u0131\u011f\u0131n\u0131 g\u00f6rece\u011fiz. Ve inan\u0131yoruz; kal\u0131c\u0131 bir hizmet yap\u0131yoruz. <\/p>\n","protected":false},"excerpt":{"rendered":"<p>K\u0131van\u00e7l\u0131y\u0131z; elinizdeki kitap ile Seyahatname\u2019nin bir cildi daha okuyucuya kazand\u0131rlm\u0131\u015f oldu. Sevin\u00e7liyiz; Evliya \u00c7elebi\u2019 yi ya\u015fatmaya inanan bir ekiple birlikteyiz. Azimliyiz; g\u00fcn gelecek son cildin de<span class=\"excerpt-hellip\"> [\u2026]<\/span><\/p>\n","protected":false},"featured_media":0,"template":"","meta":{"_monsterinsights_skip_tracking":false,"_monsterinsights_sitenote_active":false,"_monsterinsights_sitenote_note":"","_monsterinsights_sitenote_category":0},"product_brand":[],"product_cat":[12312,12304],"product_tag":[],"class_list":{"0":"post-694213","1":"product","2":"type-product","3":"status-publish","5":"product_cat-diger","6":"product_cat-tarih","7":"pa_cilt-ciltli","8":"pa_tur-kitap","9":"pa_yayinevi-yapi-kredi-yayinlari-sanat","10":"pa_yazar-evliya-celebi","12":"first","13":"instock","14":"sale","15":"shipping-taxable","16":"purchasable","17":"product-type-simple"},"_links":{"self":[{"href":"https:\/\/roveyayinevi.com.tr\/index.php\/wp-json\/wp\/v2\/product\/694213","targetHints":{"allow":["GET"]}}],"collection":[{"href":"https:\/\/roveyayinevi.com.tr\/index.php\/wp-json\/wp\/v2\/product"}],"about":[{"href":"https:\/\/roveyayinevi.com.tr\/index.php\/wp-json\/wp\/v2\/types\/product"}],"wp:attachment":[{"href":"https:\/\/roveyayinevi.com.tr\/index.php\/wp-json\/wp\/v2\/media?parent=694213"}],"wp:term":[{"taxonomy":"product_brand","embeddable":true,"href":"https:\/\/roveyayinevi.com.tr\/index.php\/wp-json\/wp\/v2\/product_brand?post=694213"},{"taxonomy":"product_cat","embeddable":true,"href":"https:\/\/roveyayinevi.com.tr\/index.php\/wp-json\/wp\/v2\/product_cat?post=694213"},{"taxonomy":"product_tag","embeddable":true,"href":"https:\/\/roveyayinevi.com.tr\/index.php\/wp-json\/wp\/v2\/product_tag?post=694213"}],"curies":[{"name":"wp","href":"https:\/\/api.w.org\/{rel}","templated":true}]}}