{"id":694212,"date":"2025-08-27T14:19:21","date_gmt":"2025-08-27T11:19:21","guid":{"rendered":"https:\/\/roveyayinevi.com.tr\/index.php\/urun\/ii-abdulhamid-zamani-ve-sahsiyeti\/"},"modified":"2026-04-16T02:04:00","modified_gmt":"2026-04-15T23:04:00","slug":"ii-abdulhamid-zamani-ve-sahsiyeti","status":"publish","type":"product","link":"https:\/\/roveyayinevi.com.tr\/index.php\/urun\/ii-abdulhamid-zamani-ve-sahsiyeti\/","title":{"rendered":"II. Abd\u00fclhamid \/ Zaman\u0131 ve \u015eahsiyeti"},"content":{"rendered":"<p>&#8220;Bug\u00fcn T\u00fcrkiye&#8217;deki tam\u00e2ma yak\u0131n belli ba\u015fl\u0131 devlet kurumlar\u0131, kurulu\u015flar\u0131, mahalli ve \u00f6zel te\u015febb\u00fcsler, y\u00fcksek ve orta okullar, Sultan Abd\u00fclham\u00eed devrinde veya ondan az \u00f6nceki ve az sonraki y\u0131llarda kurulmu\u015ftur. Tam\u00e2ma yak\u0131n\u0131nda Fransa \u00f6rne\u011finin izlendi\u011fini s\u00f6yleyebilirim. Millet Meclisi, Senato, Anayasa Mahkemesi (\u015e\u00fbr\u00e2-y\u0131 Devlet Tanz\u00eem\u00e2t D\u00e2iresi), siy\u00e2s\u00ee partiler, siyasal bilgiler ve hukuk fak\u00fclteleri, sivil ve art\u0131k Frans\u0131zca de\u011fil T\u00fcrk\u00e7e e\u011fitim yapan t\u0131bbiye, \u0130stanbul d\u0131\u015f\u0131ndaki imparatorluk \u015fehirlerinde y\u00fcksek okullar, II. Abd\u00fclham\u00eed devrince (1876 &#8211; 1909) ger\u00e7ele\u015fti. Cumh\u00fbriyeti, istin\u00e2s\u0131z, Sultan Ham\u00eed devrinde e\u011fitim g\u00f6ren ku\u015faklar kurdu. Cumh\u00fbriyetin ger\u00e7ek kurucusu Atat\u00fcrk, Sel\u00e2nik&#8217;te modern ilkokulda, asker\u00ee ortaokulda, Manast\u0131r&#8217;da asker\u00ee lisede, \u0130stanbul&#8217;da Harb Okulu&#8217;nda ve Harb Akademisi&#8217;nde okudu. Geni\u015f k\u00fclt\u00fcr s\u00e2hibi, m\u00fckemmel bir asker oldu. Almanya, Avusturya-Macaristan, Fransa,\u0130ngiltere, Birle\u015fik Amerika&#8217;da daha y\u00fcksek kalitede subay yeti\u015ftirilmiyordu. T\u00fcrk subay\u0131, en iyi derecede T\u00fcrk\u00e7e \u00f6\u011frendi. B\u00fcy\u00fck Nutuk&#8217;ta kullan\u0131lan inan\u0131lmas\u0131 zor zenginlikte bir T\u00fcrk\u00e7e. Yabanc\u0131 dil \u00f6\u011frendi. Prusya kurmaylar\u0131 le strateji tart\u0131\u015fmas\u0131 yapabilen bir kurmay subay olarak yeti\u015fti.&#8221; <\/p>\n","protected":false},"excerpt":{"rendered":"<p>&#8220;Bug\u00fcn T\u00fcrkiye&#8217;deki tam\u00e2ma yak\u0131n belli ba\u015fl\u0131 devlet kurumlar\u0131, kurulu\u015flar\u0131, mahalli ve \u00f6zel te\u015febb\u00fcsler, y\u00fcksek ve orta okullar, Sultan Abd\u00fclham\u00eed devrinde veya ondan az \u00f6nceki ve az<span class=\"excerpt-hellip\"> [\u2026]<\/span><\/p>\n","protected":false},"featured_media":0,"template":"","meta":{"_monsterinsights_skip_tracking":false,"_monsterinsights_sitenote_active":false,"_monsterinsights_sitenote_note":"","_monsterinsights_sitenote_category":0},"product_brand":[],"product_cat":[12304,14128],"product_tag":[],"class_list":{"0":"post-694212","1":"product","2":"type-product","3":"status-publish","5":"product_cat-tarih","6":"product_cat-yakin-tarih","7":"pa_cilt-ciltsiz","8":"pa_tur-kitap","9":"pa_yayinevi-otuken-nesriyat","10":"pa_yazar-yilmaz-oztuna","12":"first","13":"instock","14":"sale","15":"shipping-taxable","16":"purchasable","17":"product-type-simple"},"_links":{"self":[{"href":"https:\/\/roveyayinevi.com.tr\/index.php\/wp-json\/wp\/v2\/product\/694212","targetHints":{"allow":["GET"]}}],"collection":[{"href":"https:\/\/roveyayinevi.com.tr\/index.php\/wp-json\/wp\/v2\/product"}],"about":[{"href":"https:\/\/roveyayinevi.com.tr\/index.php\/wp-json\/wp\/v2\/types\/product"}],"wp:attachment":[{"href":"https:\/\/roveyayinevi.com.tr\/index.php\/wp-json\/wp\/v2\/media?parent=694212"}],"wp:term":[{"taxonomy":"product_brand","embeddable":true,"href":"https:\/\/roveyayinevi.com.tr\/index.php\/wp-json\/wp\/v2\/product_brand?post=694212"},{"taxonomy":"product_cat","embeddable":true,"href":"https:\/\/roveyayinevi.com.tr\/index.php\/wp-json\/wp\/v2\/product_cat?post=694212"},{"taxonomy":"product_tag","embeddable":true,"href":"https:\/\/roveyayinevi.com.tr\/index.php\/wp-json\/wp\/v2\/product_tag?post=694212"}],"curies":[{"name":"wp","href":"https:\/\/api.w.org\/{rel}","templated":true}]}}