{"id":694211,"date":"2025-08-27T14:19:21","date_gmt":"2025-08-27T11:19:21","guid":{"rendered":"https:\/\/roveyayinevi.com.tr\/index.php\/urun\/eski-cesetler\/"},"modified":"2026-04-16T02:04:00","modified_gmt":"2026-04-15T23:04:00","slug":"eski-cesetler","status":"publish","type":"product","link":"https:\/\/roveyayinevi.com.tr\/index.php\/urun\/eski-cesetler\/","title":{"rendered":"Eski Cesetler"},"content":{"rendered":"<p>\u00fcvey karde\u015finiz olma yoluna \u00e7\u0131km\u0131\u015fsa e\u011fer \u00e7ocuklu\u011funuz, kalorisi d\u00fc\u015f\u00fcr\u00fclm\u00fc\u015fse pastadan evlerinizin, bir cad\u0131 u\u00e7an s\u00fcp\u00fcrgesiyle ba\u015flam\u0131\u015fsa g\u00f6ky\u00fcz\u00fcn\u00fcn tozunu almaya ve g\u00fcle g\u00fcle deme nezaketi g\u00f6stermiyorsa h\u00e2l\u00e2 hayat, \u00f6l\u00fcme, \u00f6m\u00fcrleri k\u0131sa s\u00fcren kimi kahramanlar\u0131n hik\u00e2yeleri uzun kal\u0131r sizin de kalbinizde. <\/p>\n","protected":false},"excerpt":{"rendered":"<p>\u00fcvey karde\u015finiz olma yoluna \u00e7\u0131km\u0131\u015fsa e\u011fer \u00e7ocuklu\u011funuz, kalorisi d\u00fc\u015f\u00fcr\u00fclm\u00fc\u015fse pastadan evlerinizin, bir cad\u0131 u\u00e7an s\u00fcp\u00fcrgesiyle ba\u015flam\u0131\u015fsa g\u00f6ky\u00fcz\u00fcn\u00fcn tozunu almaya ve g\u00fcle g\u00fcle deme nezaketi g\u00f6stermiyorsa h\u00e2l\u00e2<span class=\"excerpt-hellip\"> [\u2026]<\/span><\/p>\n","protected":false},"featured_media":0,"template":"","meta":{"_monsterinsights_skip_tracking":false,"_monsterinsights_sitenote_active":false,"_monsterinsights_sitenote_note":"","_monsterinsights_sitenote_category":0},"product_brand":[],"product_cat":[12291,12509],"product_tag":[],"class_list":{"0":"post-694211","1":"product","2":"type-product","3":"status-publish","5":"product_cat-edebiyat","6":"product_cat-siir","7":"pa_cilt-ciltsiz","8":"pa_tur-kitap","9":"pa_yayinevi-yitik-ulke-yayinlari","10":"pa_yazar-goksel-bekmezci","12":"first","13":"instock","14":"sale","15":"shipping-taxable","16":"purchasable","17":"product-type-simple"},"_links":{"self":[{"href":"https:\/\/roveyayinevi.com.tr\/index.php\/wp-json\/wp\/v2\/product\/694211","targetHints":{"allow":["GET"]}}],"collection":[{"href":"https:\/\/roveyayinevi.com.tr\/index.php\/wp-json\/wp\/v2\/product"}],"about":[{"href":"https:\/\/roveyayinevi.com.tr\/index.php\/wp-json\/wp\/v2\/types\/product"}],"wp:attachment":[{"href":"https:\/\/roveyayinevi.com.tr\/index.php\/wp-json\/wp\/v2\/media?parent=694211"}],"wp:term":[{"taxonomy":"product_brand","embeddable":true,"href":"https:\/\/roveyayinevi.com.tr\/index.php\/wp-json\/wp\/v2\/product_brand?post=694211"},{"taxonomy":"product_cat","embeddable":true,"href":"https:\/\/roveyayinevi.com.tr\/index.php\/wp-json\/wp\/v2\/product_cat?post=694211"},{"taxonomy":"product_tag","embeddable":true,"href":"https:\/\/roveyayinevi.com.tr\/index.php\/wp-json\/wp\/v2\/product_tag?post=694211"}],"curies":[{"name":"wp","href":"https:\/\/api.w.org\/{rel}","templated":true}]}}