{"id":694209,"date":"2025-08-27T14:19:21","date_gmt":"2025-08-27T11:19:21","guid":{"rendered":"https:\/\/roveyayinevi.com.tr\/index.php\/urun\/genc-yazarlar-kulubu-ciltli\/"},"modified":"2026-04-16T02:04:00","modified_gmt":"2026-04-15T23:04:00","slug":"genc-yazarlar-kulubu-ciltli","status":"publish","type":"product","link":"https:\/\/roveyayinevi.com.tr\/index.php\/urun\/genc-yazarlar-kulubu-ciltli\/","title":{"rendered":"Gen\u00e7 Yazarlar Kul\u00fcb\u00fc (Ciltli)"},"content":{"rendered":"<p>Yazarl\u0131\u011fa ilk ad\u0131m\u0131 atmak konusunda anahtar kelime yarat\u0131c\u0131l\u0131kt\u0131r ve bunun temelinde \u00f6zg\u00fcr d\u00fc\u015f\u00fcnce yatar. Bu nedenle, elinizdeki kitap yazma becerisi kazand\u0131r\u0131rken ayn\u0131 zamanda \u00f6\u011frencilere ele\u015ftirel ve yarat\u0131c\u0131 bak\u0131\u015f a\u00e7\u0131s\u0131 kazand\u0131r\u0131p, yeni ve farkl\u0131 d\u00fc\u015f\u00fcnceler \u00fcretmeyi ama\u00e7l\u0131yor.Gen\u00e7 Yazarlar Kul\u00fcb\u00fc ile yazar olmaktan \u00e7ok, i\u00e7inizdeki yarat\u0131c\u0131 gizil g\u00fcc\u00fc kullanarak d\u00fc\u015f\u00fcnebilen ve bunu yaz\u0131l\u0131 olarak ifade edebilen \u00e7a\u011fda\u015f bireyler olabilece\u011finizi unutmay\u0131n!<\/p>\n","protected":false},"excerpt":{"rendered":"<p>Yazarl\u0131\u011fa ilk ad\u0131m\u0131 atmak konusunda anahtar kelime yarat\u0131c\u0131l\u0131kt\u0131r ve bunun temelinde \u00f6zg\u00fcr d\u00fc\u015f\u00fcnce yatar. Bu nedenle, elinizdeki kitap yazma becerisi kazand\u0131r\u0131rken ayn\u0131 zamanda \u00f6\u011frencilere ele\u015ftirel ve<span class=\"excerpt-hellip\"> [\u2026]<\/span><\/p>\n","protected":false},"featured_media":0,"template":"","meta":{"_monsterinsights_skip_tracking":false,"_monsterinsights_sitenote_active":false,"_monsterinsights_sitenote_note":"","_monsterinsights_sitenote_category":0},"product_brand":[],"product_cat":[12274,12284],"product_tag":[],"class_list":{"0":"post-694209","1":"product","2":"type-product","3":"status-publish","5":"product_cat-cocuk-ve-genclik-kitaplari","6":"product_cat-hikayeler","7":"pa_cilt-ciltli","8":"pa_tur-kitap","9":"pa_yayinevi-altin-kitaplar-cocuk-kitaplari","10":"pa_yazar-serdar-dagtekin","12":"first","13":"instock","14":"sale","15":"shipping-taxable","16":"purchasable","17":"product-type-simple"},"_links":{"self":[{"href":"https:\/\/roveyayinevi.com.tr\/index.php\/wp-json\/wp\/v2\/product\/694209","targetHints":{"allow":["GET"]}}],"collection":[{"href":"https:\/\/roveyayinevi.com.tr\/index.php\/wp-json\/wp\/v2\/product"}],"about":[{"href":"https:\/\/roveyayinevi.com.tr\/index.php\/wp-json\/wp\/v2\/types\/product"}],"wp:attachment":[{"href":"https:\/\/roveyayinevi.com.tr\/index.php\/wp-json\/wp\/v2\/media?parent=694209"}],"wp:term":[{"taxonomy":"product_brand","embeddable":true,"href":"https:\/\/roveyayinevi.com.tr\/index.php\/wp-json\/wp\/v2\/product_brand?post=694209"},{"taxonomy":"product_cat","embeddable":true,"href":"https:\/\/roveyayinevi.com.tr\/index.php\/wp-json\/wp\/v2\/product_cat?post=694209"},{"taxonomy":"product_tag","embeddable":true,"href":"https:\/\/roveyayinevi.com.tr\/index.php\/wp-json\/wp\/v2\/product_tag?post=694209"}],"curies":[{"name":"wp","href":"https:\/\/api.w.org\/{rel}","templated":true}]}}