{"id":694206,"date":"2025-08-27T14:19:20","date_gmt":"2025-08-27T11:19:20","guid":{"rendered":"https:\/\/roveyayinevi.com.tr\/index.php\/urun\/kafatasi-oyunlari-1\/"},"modified":"2026-04-16T02:04:00","modified_gmt":"2026-04-15T23:04:00","slug":"kafatasi-oyunlari-1","status":"publish","type":"product","link":"https:\/\/roveyayinevi.com.tr\/index.php\/urun\/kafatasi-oyunlari-1\/","title":{"rendered":"Kafatas\u0131 Oyunlar\u0131 1"},"content":{"rendered":"<p>G\u00fc\u00e7l\u00fc bir dramatik yap\u0131, \u00e7ok ki\u015fili do\u011fal bir diyalog ak\u0131\u015f\u0131, zehir z\u0131kk\u0131m politik ele\u015ftiriden toplum sorunlar\u0131n\u0131n k\u00f6kenine inen bir dram anlay\u0131\u015f\u0131&#8230; N\u00e2z\u0131m hikmet, \u015fairli\u011fine e\u015f bir oyun yazar\u0131 oldu\u011funu da g\u00f6zler \u00f6n\u00fcne seriyor&#8230; N\u00e2z\u0131m Hikmet K\u00fclliyat\u0131 nda&#8230; \ufffcTan\u0131t\u0131m Metni<\/p>\n","protected":false},"excerpt":{"rendered":"<p>G\u00fc\u00e7l\u00fc bir dramatik yap\u0131, \u00e7ok ki\u015fili do\u011fal bir diyalog ak\u0131\u015f\u0131, zehir z\u0131kk\u0131m politik ele\u015ftiriden toplum sorunlar\u0131n\u0131n k\u00f6kenine inen bir dram anlay\u0131\u015f\u0131&#8230; N\u00e2z\u0131m hikmet, \u015fairli\u011fine e\u015f bir<span class=\"excerpt-hellip\"> [\u2026]<\/span><\/p>\n","protected":false},"featured_media":0,"template":"","meta":{"_monsterinsights_skip_tracking":false,"_monsterinsights_sitenote_active":false,"_monsterinsights_sitenote_note":"","_monsterinsights_sitenote_category":0},"product_brand":[],"product_cat":[12291,14272],"product_tag":[],"class_list":{"0":"post-694206","1":"product","2":"type-product","3":"status-publish","5":"product_cat-edebiyat","6":"product_cat-tiyatro","7":"pa_cilt-ciltsiz","8":"pa_tur-kitap","9":"pa_yayinevi-yapi-kredi-yayinlari","10":"pa_yazar-nazim-hikmet-ran","12":"first","13":"instock","14":"sale","15":"shipping-taxable","16":"purchasable","17":"product-type-simple"},"_links":{"self":[{"href":"https:\/\/roveyayinevi.com.tr\/index.php\/wp-json\/wp\/v2\/product\/694206","targetHints":{"allow":["GET"]}}],"collection":[{"href":"https:\/\/roveyayinevi.com.tr\/index.php\/wp-json\/wp\/v2\/product"}],"about":[{"href":"https:\/\/roveyayinevi.com.tr\/index.php\/wp-json\/wp\/v2\/types\/product"}],"wp:attachment":[{"href":"https:\/\/roveyayinevi.com.tr\/index.php\/wp-json\/wp\/v2\/media?parent=694206"}],"wp:term":[{"taxonomy":"product_brand","embeddable":true,"href":"https:\/\/roveyayinevi.com.tr\/index.php\/wp-json\/wp\/v2\/product_brand?post=694206"},{"taxonomy":"product_cat","embeddable":true,"href":"https:\/\/roveyayinevi.com.tr\/index.php\/wp-json\/wp\/v2\/product_cat?post=694206"},{"taxonomy":"product_tag","embeddable":true,"href":"https:\/\/roveyayinevi.com.tr\/index.php\/wp-json\/wp\/v2\/product_tag?post=694206"}],"curies":[{"name":"wp","href":"https:\/\/api.w.org\/{rel}","templated":true}]}}