{"id":694204,"date":"2025-08-27T14:19:19","date_gmt":"2025-08-27T11:19:19","guid":{"rendered":"https:\/\/roveyayinevi.com.tr\/index.php\/urun\/resimde-gorunmeyen\/"},"modified":"2026-04-16T02:04:00","modified_gmt":"2026-04-15T23:04:00","slug":"resimde-gorunmeyen","status":"publish","type":"product","link":"https:\/\/roveyayinevi.com.tr\/index.php\/urun\/resimde-gorunmeyen\/","title":{"rendered":"Resimde G\u00f6r\u00fcnmeyen"},"content":{"rendered":"<p>Hayat\u0131 boyunca g\u00fcnd\u00fcz\u00fc gece, geceyi g\u00fcnd\u00fcz sanmak ne kadar korkun\u00e7! Bir bah\u00e7ede otururken otlar\u0131n aras\u0131ndan aniden h\u0131\u015f\u0131rt\u0131yla \u00e7\u0131k\u0131p di\u015flerini g\u00f6steren bir y\u0131landan, uyand\u0131\u011f\u0131m\u0131zda i\u011fneli kuyru\u011funu kald\u0131rm\u0131\u015f bir \u015fekilde dik dik y\u00fcz\u00fcm\u00fcze do\u011fru y\u00fcr\u00fcyen bir akrepten, kafes kap\u0131s\u0131n\u0131n a\u00e7\u0131k oldu\u011fu farkedip, bak\u0131c\u0131s\u0131n\u0131n \u00fcst\u00fcne atlamadan \u00f6nce salyal\u0131 a\u011fz\u0131n\u0131 aralay\u0131p t\u0131rnaklar\u0131n\u0131 yuvalar\u0131ndan \u00e7\u0131karan bir kaplandan daha korkun\u00e7tur geceyi g\u00fcnd\u00fcz sanmak&#8230; <\/p>\n","protected":false},"excerpt":{"rendered":"<p>Hayat\u0131 boyunca g\u00fcnd\u00fcz\u00fc gece, geceyi g\u00fcnd\u00fcz sanmak ne kadar korkun\u00e7! Bir bah\u00e7ede otururken otlar\u0131n aras\u0131ndan aniden h\u0131\u015f\u0131rt\u0131yla \u00e7\u0131k\u0131p di\u015flerini g\u00f6steren bir y\u0131landan, uyand\u0131\u011f\u0131m\u0131zda i\u011fneli kuyru\u011funu kald\u0131rm\u0131\u015f<span class=\"excerpt-hellip\"> [\u2026]<\/span><\/p>\n","protected":false},"featured_media":0,"template":"","meta":{"_monsterinsights_skip_tracking":false,"_monsterinsights_sitenote_active":false,"_monsterinsights_sitenote_note":"","_monsterinsights_sitenote_category":0},"product_brand":[],"product_cat":[12777,12291],"product_tag":[],"class_list":{"0":"post-694204","1":"product","2":"type-product","3":"status-publish","5":"product_cat-deneme","6":"product_cat-edebiyat","7":"pa_tur-kitap","8":"pa_yayinevi-sule-yayinlari","9":"pa_yazar-a-ali-ural","11":"first","12":"instock","13":"sale","14":"shipping-taxable","15":"purchasable","16":"product-type-simple"},"_links":{"self":[{"href":"https:\/\/roveyayinevi.com.tr\/index.php\/wp-json\/wp\/v2\/product\/694204","targetHints":{"allow":["GET"]}}],"collection":[{"href":"https:\/\/roveyayinevi.com.tr\/index.php\/wp-json\/wp\/v2\/product"}],"about":[{"href":"https:\/\/roveyayinevi.com.tr\/index.php\/wp-json\/wp\/v2\/types\/product"}],"wp:attachment":[{"href":"https:\/\/roveyayinevi.com.tr\/index.php\/wp-json\/wp\/v2\/media?parent=694204"}],"wp:term":[{"taxonomy":"product_brand","embeddable":true,"href":"https:\/\/roveyayinevi.com.tr\/index.php\/wp-json\/wp\/v2\/product_brand?post=694204"},{"taxonomy":"product_cat","embeddable":true,"href":"https:\/\/roveyayinevi.com.tr\/index.php\/wp-json\/wp\/v2\/product_cat?post=694204"},{"taxonomy":"product_tag","embeddable":true,"href":"https:\/\/roveyayinevi.com.tr\/index.php\/wp-json\/wp\/v2\/product_tag?post=694204"}],"curies":[{"name":"wp","href":"https:\/\/api.w.org\/{rel}","templated":true}]}}