{"id":694202,"date":"2025-08-27T14:19:19","date_gmt":"2025-08-27T11:19:19","guid":{"rendered":"https:\/\/roveyayinevi.com.tr\/index.php\/urun\/yeni-liderler\/"},"modified":"2026-04-16T02:04:00","modified_gmt":"2026-04-15T23:04:00","slug":"yeni-liderler","status":"publish","type":"product","link":"https:\/\/roveyayinevi.com.tr\/index.php\/urun\/yeni-liderler\/","title":{"rendered":"Yeni Liderler"},"content":{"rendered":"<p>Daniel Goleman, ak\u0131ll\u0131l\u0131k kavram\u0131n\u0131 de\u011fi\u015ftiren Duygusal Zek\u00e2 ve bunun i\u015f yerindeki \u00f6nemini vurgulayan \u0130\u015fba\u015f\u0131nda Duygusal Zek\u00e2 adl\u0131 kitaplar\u0131ndan sonra, tan\u0131nm\u0131\u015f ara\u015ft\u0131rmac\u0131lar Richard Boyatzis ve Annie McKee ile birlikte bu kavram\u0131n liderlikteki rol\u00fcn\u00fc ara\u015ft\u0131r\u0131yor. \u00d6rg\u00fctsel ba\u015far\u0131 ya da ba\u015far\u0131s\u0131zl\u0131kla ba\u015fat liderlik aras\u0131ndaki sinirbilimsel ba\u011flant\u0131lar\u0131 a\u00e7\u0131\u011fa \u00e7\u0131karan yazarlar, liderin duygular\u0131n\u0131n bula\u015f\u0131c\u0131 oldu\u011funu, \u00f6rg\u00fct i\u00e7inde yayd\u0131\u011f\u0131 enerji ve co\u015fkunun ba\u015far\u0131ya; olumsuzluk ve ahenksizli\u011finse ba\u015far\u0131s\u0131zl\u0131\u011fa yol a\u00e7t\u0131\u011f\u0131n\u0131 savunuyorlar. D\u00fcnya \u00e7ap\u0131ndaki \u00f6rg\u00fctlerde y\u0131llard\u0131r yap\u0131lan analizlerden yararlanarak, ahenk yaratan liderlerin-ba\u015fkanlar, y\u00f6neticiler, e\u011fiticiler ya da siyaset\u00e7iler- empati ve \u00f6zbilin\u00e7 gibi yeterliliklerini kullanman\u0131n yan\u0131s\u0131ra, duruma uygun olan liderlik tarzlar\u0131na ba\u015fvurarak zirveye \u00e7\u0131kt\u0131klar\u0131n\u0131 g\u00f6steriyorlar. Liderlerin zaman i\u00e7inde duygusal zek\u00e2 yeterliliklerini geli\u015ftirip s\u00fcrd\u00fcmeyi; insanlar\u0131 esinlemeyi ve motive etmeyi; ekiplerde ve \u00f6rg\u00fctlerde ahenkli liderli\u011fi geli\u015ftirmeyi; ahenkten g\u00fc\u00e7 alarak mali performans\u0131 y\u00fckseltmeyi \u00f6\u011frenebilmeleri i\u00e7in bir s\u00fcre\u00e7 \u00f6neriyorlar. Alan\u0131 ve kademesi ne olursa olsun, her liderin mutlaka okumas\u0131 gereken bu kitap, liderlik sanat\u0131n\u0131 sonu\u00e7 alma bilimine d\u00f6n\u00fc\u015ft\u00fcr\u00fcyor. \ufffcTan\u0131t\u0131m Metni<\/p>\n","protected":false},"excerpt":{"rendered":"<p>Daniel Goleman, ak\u0131ll\u0131l\u0131k kavram\u0131n\u0131 de\u011fi\u015ftiren Duygusal Zek\u00e2 ve bunun i\u015f yerindeki \u00f6nemini vurgulayan \u0130\u015fba\u015f\u0131nda Duygusal Zek\u00e2 adl\u0131 kitaplar\u0131ndan sonra, tan\u0131nm\u0131\u015f ara\u015ft\u0131rmac\u0131lar Richard Boyatzis ve Annie McKee<span class=\"excerpt-hellip\"> [\u2026]<\/span><\/p>\n","protected":false},"featured_media":0,"template":"","meta":{"_monsterinsights_skip_tracking":false,"_monsterinsights_sitenote_active":false,"_monsterinsights_sitenote_note":"","_monsterinsights_sitenote_category":0},"product_brand":[],"product_cat":[13043,14754],"product_tag":[],"class_list":{"0":"post-694202","1":"product","2":"type-product","3":"status-publish","5":"product_cat-ekonomi","6":"product_cat-halkla-iliskiler-insan-kaynaklari","7":"pa_tur-kitap","8":"pa_yayinevi-varlik-yayinlari","9":"pa_yazar-daniel-goleman","11":"first","12":"instock","13":"sale","14":"shipping-taxable","15":"purchasable","16":"product-type-simple"},"_links":{"self":[{"href":"https:\/\/roveyayinevi.com.tr\/index.php\/wp-json\/wp\/v2\/product\/694202","targetHints":{"allow":["GET"]}}],"collection":[{"href":"https:\/\/roveyayinevi.com.tr\/index.php\/wp-json\/wp\/v2\/product"}],"about":[{"href":"https:\/\/roveyayinevi.com.tr\/index.php\/wp-json\/wp\/v2\/types\/product"}],"wp:attachment":[{"href":"https:\/\/roveyayinevi.com.tr\/index.php\/wp-json\/wp\/v2\/media?parent=694202"}],"wp:term":[{"taxonomy":"product_brand","embeddable":true,"href":"https:\/\/roveyayinevi.com.tr\/index.php\/wp-json\/wp\/v2\/product_brand?post=694202"},{"taxonomy":"product_cat","embeddable":true,"href":"https:\/\/roveyayinevi.com.tr\/index.php\/wp-json\/wp\/v2\/product_cat?post=694202"},{"taxonomy":"product_tag","embeddable":true,"href":"https:\/\/roveyayinevi.com.tr\/index.php\/wp-json\/wp\/v2\/product_tag?post=694202"}],"curies":[{"name":"wp","href":"https:\/\/api.w.org\/{rel}","templated":true}]}}