{"id":694197,"date":"2025-08-27T14:19:18","date_gmt":"2025-08-27T11:19:18","guid":{"rendered":"https:\/\/roveyayinevi.com.tr\/index.php\/urun\/kuranin-elestirisi-1\/"},"modified":"2026-04-16T02:03:59","modified_gmt":"2026-04-15T23:03:59","slug":"kuranin-elestirisi-1","status":"publish","type":"product","link":"https:\/\/roveyayinevi.com.tr\/index.php\/urun\/kuranin-elestirisi-1\/","title":{"rendered":"Kur&#8217;an&#8217;\u0131n Ele\u015ftirisi -1"},"content":{"rendered":"<p>Prof.Dr. \u0130lhan Arsel bu kitab\u0131nda ele\u015ftirel akl\u0131n \u0131\u015f\u0131\u011f\u0131nda Kur&#8217;an&#8217;\u0131 ele almaktad\u0131r. Elinizdeki kitap, daha \u00f6nce Tevrat ve \u0130ncil&#8217;in Ele\u015ftirisi Semavi Dinlerin  Kutsal  Bilinen Kitaplar\u0131:1 ad\u0131yla yay\u0131mlanan birinci cildiyle beraber, Yahudilik, H\u0131ristiyanl\u0131k ve M\u00fcsl\u00fcmanl\u0131k gibi semavi dinlerin saliklerince  kutsal  diye bilinen kitaplar\u0131n ele\u015ftirisi niteli\u011findedir. Kitapta yer alan konulardan baz\u0131lar\u0131 \u015funlard\u0131r: Kur&#8217;an&#8217;\u0131n  Ele\u015ftirilemez ,  Tart\u0131\u015fma Kabul Etmez ,  \u0130\u00e7eri\u011fi De\u011fi\u015ftirilemez , Hi\u00e7bir \u015eekilde De\u011fi\u015fmez Bir Kitap Olarak Benimsenmesi ve Bundan Do\u011fan Sak\u0131ncalar&#8230; Kur&#8217;an&#8217;\u0131,  Emsalsiz ,  E\u015fsiz  ve  Rakipsiz  Bir  Bilim  Kitab\u0131,  Bilim Kayna\u011f\u0131 ym\u0131\u015f Gibi G\u00f6sterme \u00c7abalar\u0131&#8230; Kur&#8217;an&#8217;\u0131n Bat\u0131l \u0130nan\u00e7lara ve Hurafelere Yer Vermedi\u011fi \u0130ddialar\u0131n\u0131n Ele\u015ftirisi&#8230; Kur&#8217;an ile Ne Demokratik Ne De Ekonomik Geli\u015fmeye Dayal\u0131 Sosyal Bir D\u00fczen Kurma Olas\u0131l\u0131\u011f\u0131n\u0131n Bulunmad\u0131\u011f\u0131 Konusunda&#8230; Kur&#8217;an&#8217;daki \u00c7eli\u015fkiler ve Nedenleri (\u015eeriat E\u011fitiminin Yaratt\u0131\u011f\u0131 \u00c7eli\u015fkili D\u00fc\u015f\u00fcnce Tarz\u0131)&#8230; Yazar,  kutsal  bilinen bu kitaplarda anlat\u0131lagelen ak\u0131l ve bilim d\u0131\u015f\u0131 olgular\u0131 inceleyip tart\u0131\u015fmakta ve ele\u015ftirilerini bu kaynaklara dayand\u0131rmaktad\u0131r. <\/p>\n","protected":false},"excerpt":{"rendered":"<p>Prof.Dr. \u0130lhan Arsel bu kitab\u0131nda ele\u015ftirel akl\u0131n \u0131\u015f\u0131\u011f\u0131nda Kur&#8217;an&#8217;\u0131 ele almaktad\u0131r. Elinizdeki kitap, daha \u00f6nce Tevrat ve \u0130ncil&#8217;in Ele\u015ftirisi Semavi Dinlerin Kutsal Bilinen Kitaplar\u0131:1 ad\u0131yla yay\u0131mlanan<span class=\"excerpt-hellip\"> [\u2026]<\/span><\/p>\n","protected":false},"featured_media":0,"template":"","meta":{"_monsterinsights_skip_tracking":false,"_monsterinsights_sitenote_active":false,"_monsterinsights_sitenote_note":"","_monsterinsights_sitenote_category":0},"product_brand":[],"product_cat":[12718,12719,17284],"product_tag":[],"class_list":{"0":"post-694197","1":"product","2":"type-product","3":"status-publish","5":"product_cat-din","6":"product_cat-islam","7":"product_cat-kuran-ve-kuran-uzerine","8":"pa_tur-kitap","9":"pa_yayinevi-kaynak-yayinlari","10":"pa_yazar-ilhan-arsel","12":"first","13":"instock","14":"sale","15":"shipping-taxable","16":"purchasable","17":"product-type-simple"},"_links":{"self":[{"href":"https:\/\/roveyayinevi.com.tr\/index.php\/wp-json\/wp\/v2\/product\/694197","targetHints":{"allow":["GET"]}}],"collection":[{"href":"https:\/\/roveyayinevi.com.tr\/index.php\/wp-json\/wp\/v2\/product"}],"about":[{"href":"https:\/\/roveyayinevi.com.tr\/index.php\/wp-json\/wp\/v2\/types\/product"}],"wp:attachment":[{"href":"https:\/\/roveyayinevi.com.tr\/index.php\/wp-json\/wp\/v2\/media?parent=694197"}],"wp:term":[{"taxonomy":"product_brand","embeddable":true,"href":"https:\/\/roveyayinevi.com.tr\/index.php\/wp-json\/wp\/v2\/product_brand?post=694197"},{"taxonomy":"product_cat","embeddable":true,"href":"https:\/\/roveyayinevi.com.tr\/index.php\/wp-json\/wp\/v2\/product_cat?post=694197"},{"taxonomy":"product_tag","embeddable":true,"href":"https:\/\/roveyayinevi.com.tr\/index.php\/wp-json\/wp\/v2\/product_tag?post=694197"}],"curies":[{"name":"wp","href":"https:\/\/api.w.org\/{rel}","templated":true}]}}