{"id":694196,"date":"2025-08-27T14:19:18","date_gmt":"2025-08-27T11:19:18","guid":{"rendered":"https:\/\/roveyayinevi.com.tr\/index.php\/urun\/cezmi-2\/"},"modified":"2026-04-16T02:03:59","modified_gmt":"2026-04-15T23:03:59","slug":"cezmi-2","status":"publish","type":"product","link":"https:\/\/roveyayinevi.com.tr\/index.php\/urun\/cezmi-2\/","title":{"rendered":"Cezmi"},"content":{"rendered":"<p>Nam\u0131k Kemal, Cezmi ile tarihsel roman\u0131n ilk \u00f6rne\u011fini vermi\u015ftir. Cezmi, tarihte ger\u00e7ekten ya\u015fam\u0131\u015f bir ki\u015fidir. 3. Mehmet d\u00f6nemindeki sipahi ayaklanmas\u0131n\u0131 haz\u0131rlayan ba\u015fkald\u0131r\u0131 bast\u0131r\u0131l\u0131nca tabut i\u00e7inde \u00dcsk\u00fcdar&#8217;a ka\u00e7arken paras\u0131n\u0131 almak i\u00e7in u\u015faklar\u0131 taraf\u0131ndan \u00f6ld\u00fcr\u00fclen sipahi katibi Cezmi Bey&#8217;dir. Roman\u0131n konusunu tarihsel olaylar olu\u015fturur. Olay, 16. y\u00fczy\u0131lda Osmanl\u0131 Devleti ile \u0130ran aras\u0131ndaki bir sava\u015f s\u0131ras\u0131nda ge\u00e7mektedir. Romanda anlat\u0131lan sava\u015f ve siyasal geli\u015fmeler tarihsel ger\u00e7eklere uygundur. Osmanl\u0131 \u0130mparatorlu\u011fu, \u0130ran \u015eahl\u0131\u011f\u0131 ve K\u0131r\u0131m Hanl\u0131\u011f\u0131&#8217;n\u0131n tarihsel ya\u015fam\u0131 ele al\u0131n\u0131r. <\/p>\n","protected":false},"excerpt":{"rendered":"<p>Nam\u0131k Kemal, Cezmi ile tarihsel roman\u0131n ilk \u00f6rne\u011fini vermi\u015ftir. Cezmi, tarihte ger\u00e7ekten ya\u015fam\u0131\u015f bir ki\u015fidir. 3. Mehmet d\u00f6nemindeki sipahi ayaklanmas\u0131n\u0131 haz\u0131rlayan ba\u015fkald\u0131r\u0131 bast\u0131r\u0131l\u0131nca tabut i\u00e7inde \u00dcsk\u00fcdar&#8217;a<span class=\"excerpt-hellip\"> [\u2026]<\/span><\/p>\n","protected":false},"featured_media":0,"template":"","meta":{"_monsterinsights_skip_tracking":false,"_monsterinsights_sitenote_active":false,"_monsterinsights_sitenote_note":"","_monsterinsights_sitenote_category":0},"product_brand":[],"product_cat":[12364],"product_tag":[],"class_list":{"0":"post-694196","1":"product","2":"type-product","3":"status-publish","5":"product_cat-genel-konular","6":"pa_tur-kitap","7":"pa_yayinevi-iskele-yayincilik","8":"pa_yazar-namik-kemal","10":"first","11":"instock","12":"sale","13":"shipping-taxable","14":"purchasable","15":"product-type-simple"},"_links":{"self":[{"href":"https:\/\/roveyayinevi.com.tr\/index.php\/wp-json\/wp\/v2\/product\/694196","targetHints":{"allow":["GET"]}}],"collection":[{"href":"https:\/\/roveyayinevi.com.tr\/index.php\/wp-json\/wp\/v2\/product"}],"about":[{"href":"https:\/\/roveyayinevi.com.tr\/index.php\/wp-json\/wp\/v2\/types\/product"}],"wp:attachment":[{"href":"https:\/\/roveyayinevi.com.tr\/index.php\/wp-json\/wp\/v2\/media?parent=694196"}],"wp:term":[{"taxonomy":"product_brand","embeddable":true,"href":"https:\/\/roveyayinevi.com.tr\/index.php\/wp-json\/wp\/v2\/product_brand?post=694196"},{"taxonomy":"product_cat","embeddable":true,"href":"https:\/\/roveyayinevi.com.tr\/index.php\/wp-json\/wp\/v2\/product_cat?post=694196"},{"taxonomy":"product_tag","embeddable":true,"href":"https:\/\/roveyayinevi.com.tr\/index.php\/wp-json\/wp\/v2\/product_tag?post=694196"}],"curies":[{"name":"wp","href":"https:\/\/api.w.org\/{rel}","templated":true}]}}