{"id":694195,"date":"2025-08-27T14:19:17","date_gmt":"2025-08-27T11:19:17","guid":{"rendered":"https:\/\/roveyayinevi.com.tr\/index.php\/urun\/cocuk-haklari\/"},"modified":"2026-02-25T02:06:18","modified_gmt":"2026-02-24T23:06:18","slug":"cocuk-haklari","status":"publish","type":"product","link":"https:\/\/roveyayinevi.com.tr\/index.php\/urun\/cocuk-haklari\/","title":{"rendered":"\u00c7ocuk Haklar\u0131"},"content":{"rendered":"<p>\u00c7ocuk haklar\u0131n\u0131n amac\u0131; \u00e7ocuklar\u0131n toplumda mutlu, refah i\u00e7inde ve sorunlar\u0131ndan ar\u0131nd\u0131r\u0131lm\u0131\u015f bir \u015fekilde ya\u015famas\u0131n\u0131 sa\u011flayacak kavramlar dizgesinin kurulmas\u0131d\u0131r. \u00c7ocuk haklar\u0131n\u0131n g\u00f6r\u00fcn\u00fcr k\u0131sm\u0131 ise s\u00f6zle\u015fmelerde kendini bulmaktad\u0131r ve bunlar\u0131n en kapsay\u0131c\u0131 olan\u0131 Birle\u015fmi\u015f Milletler \u00c7ocuk Haklar\u0131 S\u00f6zle\u015fmesi\u2019dir. \u00dclkemizin de onaylad\u0131\u011f\u0131 bu S\u00f6zle\u015fmenin ne derece uyguland\u0131\u011f\u0131n\u0131 tart\u0131\u015fmaya a\u00e7mak gerekir. \ufffcTan\u0131t\u0131m Metni<\/p>\n","protected":false},"excerpt":{"rendered":"<p>\u00c7ocuk haklar\u0131n\u0131n amac\u0131; \u00e7ocuklar\u0131n toplumda mutlu, refah i\u00e7inde ve sorunlar\u0131ndan ar\u0131nd\u0131r\u0131lm\u0131\u015f bir \u015fekilde ya\u015famas\u0131n\u0131 sa\u011flayacak kavramlar dizgesinin kurulmas\u0131d\u0131r. \u00c7ocuk haklar\u0131n\u0131n g\u00f6r\u00fcn\u00fcr k\u0131sm\u0131 ise s\u00f6zle\u015fmelerde kendini bulmaktad\u0131r<span class=\"excerpt-hellip\"> [\u2026]<\/span><\/p>\n","protected":false},"featured_media":0,"template":"","meta":{"_monsterinsights_skip_tracking":false,"_monsterinsights_sitenote_active":false,"_monsterinsights_sitenote_note":"","_monsterinsights_sitenote_category":0},"product_brand":[],"product_cat":[13059,12337],"product_tag":[],"class_list":{"0":"post-694195","1":"product","2":"type-product","3":"status-publish","5":"product_cat-diger-politika-siyaset","6":"product_cat-politika-siyaset","7":"pa_tur-kitap","8":"pa_yayinevi-yeni-insan-yayinlari","9":"pa_yazar-ercument-erbay","11":"first","12":"instock","13":"sale","14":"shipping-taxable","15":"purchasable","16":"product-type-simple"},"_links":{"self":[{"href":"https:\/\/roveyayinevi.com.tr\/index.php\/wp-json\/wp\/v2\/product\/694195","targetHints":{"allow":["GET"]}}],"collection":[{"href":"https:\/\/roveyayinevi.com.tr\/index.php\/wp-json\/wp\/v2\/product"}],"about":[{"href":"https:\/\/roveyayinevi.com.tr\/index.php\/wp-json\/wp\/v2\/types\/product"}],"wp:attachment":[{"href":"https:\/\/roveyayinevi.com.tr\/index.php\/wp-json\/wp\/v2\/media?parent=694195"}],"wp:term":[{"taxonomy":"product_brand","embeddable":true,"href":"https:\/\/roveyayinevi.com.tr\/index.php\/wp-json\/wp\/v2\/product_brand?post=694195"},{"taxonomy":"product_cat","embeddable":true,"href":"https:\/\/roveyayinevi.com.tr\/index.php\/wp-json\/wp\/v2\/product_cat?post=694195"},{"taxonomy":"product_tag","embeddable":true,"href":"https:\/\/roveyayinevi.com.tr\/index.php\/wp-json\/wp\/v2\/product_tag?post=694195"}],"curies":[{"name":"wp","href":"https:\/\/api.w.org\/{rel}","templated":true}]}}