{"id":694185,"date":"2025-08-27T14:19:15","date_gmt":"2025-08-27T11:19:15","guid":{"rendered":"https:\/\/roveyayinevi.com.tr\/index.php\/urun\/jaguar-gunes-altinda\/"},"modified":"2026-04-16T02:03:59","modified_gmt":"2026-04-15T23:03:59","slug":"jaguar-gunes-altinda","status":"publish","type":"product","link":"https:\/\/roveyayinevi.com.tr\/index.php\/urun\/jaguar-gunes-altinda\/","title":{"rendered":"Jaguar G\u00fcne\u015f Alt\u0131nda"},"content":{"rendered":"<p>\u015eu s\u0131ralar yazmakta oldu\u011fum kitap, be\u015f duyudan s\u00f6z ediyor, \u00e7a\u011fda\u015f insana bu duyular\u0131n kullam\u0131n\u0131 yitirdi\u011fini g\u00f6stermek i\u00e7in, diyen Italo Calvino erken \u00f6l\u00fcm\u00fc nedeniyle Jaguar-G\u00fcne\u015f Alt\u0131nda&#8217;n\u0131n ancak koku alma, tat alma ve i\u015fitme \u00fczerine b\u00f6l\u00fcmlerini bitirebilmi\u015fti. Brillat-Savarin&#8217;in cinsel \u00e7ekimi de alt\u0131nc\u0131 bir duyu olarak belirtti\u011fini vurgulayan Calvino, haz ve iktidarla ili\u015fkilendirdi\u011fi bu \u00f6yk\u00fclerinde insan\u0131n kaosunu sat\u0131rlar\u0131n \u015fa\u015fmaz d\u00fczenine ta\u015f\u0131yor. Ba\u015ftan sona kavisli yol boyunca, \u00f6n\u00fcmde oturan Olivia&#8217;n\u0131n bak\u0131\u015f\u0131n\u0131 yakalamaya \u00e7al\u0131\u015f\u0131yordum; ama cipin sars\u0131nt\u0131lar\u0131 ya da oturdu\u011fumuz yerler aras\u0131ndaki y\u00fckseklik fark\u0131 nedeniyle, bak\u0131\u015f\u0131m\u0131n g\u00f6zlerine de\u011fil, di\u015flerine denk geldi\u011fini fark ettim (dal\u0131p gitmi\u015f bir y\u00fcz ifadesi i\u00e7inde dudaklar\u0131n\u0131 yar\u0131 aral\u0131k tutuyordu); ilk kez g\u00fcl\u00fcmseyi\u015finin ayd\u0131nl\u0131k par\u0131lt\u0131s\u0131 olarak de\u011fil, kendi i\u015flevlerine en uyg\u00fcn ara\u00e7lar olarak g\u00f6rd\u00fc\u011f\u00fcm di\u015flerine: Etin i\u00e7ine girmek, onu par\u00e7alamak, \u00f6\u011f\u00fctmek. Nas\u0131l g\u00f6zlerindeki ifadeye bakarak bir insan\u0131n d\u00fc\u015f\u00fcncesini anlamaya \u00e7al\u0131\u015f\u0131rsak, \u015fimdi ben de \u00f6yle bu keskin ve g\u00fc\u00e7l\u00fc di\u015flere bak\u0131yor ve orada bast\u0131r\u0131lm\u0131\u015f bir arzuyu, bir bekleyi\u015fi duyumsuyordum. \ufffcTan\u0131t\u0131m Metni<\/p>\n","protected":false},"excerpt":{"rendered":"<p>\u015eu s\u0131ralar yazmakta oldu\u011fum kitap, be\u015f duyudan s\u00f6z ediyor, \u00e7a\u011fda\u015f insana bu duyular\u0131n kullam\u0131n\u0131 yitirdi\u011fini g\u00f6stermek i\u00e7in, diyen Italo Calvino erken \u00f6l\u00fcm\u00fc nedeniyle Jaguar-G\u00fcne\u015f Alt\u0131nda&#8217;n\u0131n ancak<span class=\"excerpt-hellip\"> [\u2026]<\/span><\/p>\n","protected":false},"featured_media":0,"template":"","meta":{"_monsterinsights_skip_tracking":false,"_monsterinsights_sitenote_active":false,"_monsterinsights_sitenote_note":"","_monsterinsights_sitenote_category":0},"product_brand":[],"product_cat":[12291,14218],"product_tag":[],"class_list":{"0":"post-694185","1":"product","2":"type-product","3":"status-publish","5":"product_cat-edebiyat","6":"product_cat-italyan-edebiyati","7":"pa_cilt-ciltsiz","8":"pa_tur-kitap","9":"pa_yayinevi-yapi-kredi-yayinlari","10":"pa_yazar-italo-calvino","12":"first","13":"instock","14":"sale","15":"shipping-taxable","16":"purchasable","17":"product-type-simple"},"_links":{"self":[{"href":"https:\/\/roveyayinevi.com.tr\/index.php\/wp-json\/wp\/v2\/product\/694185","targetHints":{"allow":["GET"]}}],"collection":[{"href":"https:\/\/roveyayinevi.com.tr\/index.php\/wp-json\/wp\/v2\/product"}],"about":[{"href":"https:\/\/roveyayinevi.com.tr\/index.php\/wp-json\/wp\/v2\/types\/product"}],"wp:attachment":[{"href":"https:\/\/roveyayinevi.com.tr\/index.php\/wp-json\/wp\/v2\/media?parent=694185"}],"wp:term":[{"taxonomy":"product_brand","embeddable":true,"href":"https:\/\/roveyayinevi.com.tr\/index.php\/wp-json\/wp\/v2\/product_brand?post=694185"},{"taxonomy":"product_cat","embeddable":true,"href":"https:\/\/roveyayinevi.com.tr\/index.php\/wp-json\/wp\/v2\/product_cat?post=694185"},{"taxonomy":"product_tag","embeddable":true,"href":"https:\/\/roveyayinevi.com.tr\/index.php\/wp-json\/wp\/v2\/product_tag?post=694185"}],"curies":[{"name":"wp","href":"https:\/\/api.w.org\/{rel}","templated":true}]}}