{"id":694180,"date":"2025-08-27T14:19:14","date_gmt":"2025-08-27T11:19:14","guid":{"rendered":"https:\/\/roveyayinevi.com.tr\/index.php\/urun\/istiklal-harbimizde-enver-pasa-ve-ittihat-ve-terakki-erkani\/"},"modified":"2026-04-16T02:03:59","modified_gmt":"2026-04-15T23:03:59","slug":"istiklal-harbimizde-enver-pasa-ve-ittihat-ve-terakki-erkani","status":"publish","type":"product","link":"https:\/\/roveyayinevi.com.tr\/index.php\/urun\/istiklal-harbimizde-enver-pasa-ve-ittihat-ve-terakki-erkani\/","title":{"rendered":"\u0130stiklal Harbimizde Enver Pa\u015fa ve \u0130ttihat ve Terakki Erkan\u0131"},"content":{"rendered":"<p>Tal\u00e2t Pa\u015fa daha evvel Enver&#8217;le Cemal Pa\u015falar ise hemen birbirini takiben \u015fehit edilmi\u015flerdir. Harb-i Umumi&#8217;ye vakitsiz ve l\u00fczumsuz girdiler ve l\u00fczumsuz israflarda bulundular. T\u00fcrk kan\u0131 ve T\u00fcrk alt\u0131n\u0131 pek l\u00fczumsuz zamanda ve yerlerde seller gibi akt\u0131. Me\u015frutiyetin istihsali i\u00e7in \u00e7al\u0131\u015ft\u0131\u011f\u0131m\u0131z 1906, 1907 ve 1908 senelerinin bu fedak\u00e2r ve samimi arkada\u015flar\u0131n\u0131, sonra pek ma\u011frur birer kahraman-\u0131 h\u00fcrriyet olarak fazla alk\u0131\u015flar aras\u0131nda tufeyli mahl\u00fbklar aras\u0131ndaki eski samimi ve fedak\u00e2r arkada\u015flar\u0131n\u0131n s\u00f6zlerini istihza ile -Cemal Pa\u015fa bir de \u015fiddetle- kar\u015f\u0131lad\u0131lar. Hususiyle benim daha 31 Mart 1325 (13 Nisan 1909) irtica\u0131ndan beri Anadolu&#8217;ya ehemmiyet veriniz. Bir g\u00fcn anavatan diye elimizde bunu tutabilirsek ne mutlu! dedi\u011fim bir hakikati bir t\u00fcrl\u00fc g\u00f6remediler, \u015fimendiferleri, yollar\u0131, tesisat\u0131 daha ziyade hari\u00e7 illerde yapt\u0131lar. Bu hususta Cemal Pa\u015fa beni Divan-\u0131 Harb-i \u00d6rfi&#8217;ye vererek nisbet-i askeriyemin kat&#8217;\u0131na ve memleketten ihracama kadar y\u00fcr\u00fcd\u00fc. Suriye ve Filistin&#8217;e ta Kanal boyuna kadar d\u00f6kt\u00fc\u011f\u00fc T\u00fcrk kan\u0131 ve T\u00fcrk paras\u0131 bilmem can verirken ruhunu h\u0131rpalad\u0131 m\u0131? Ve kim bilir h\u00e2l\u00e2 da h\u0131rpalar m\u0131? Benden hepsine bin rahmetler. bunlar\u0131n bu halleri ve ak\u0131betleri hepimiz i\u00e7in in\u015faallah hay\u0131rl\u0131 bir ibret levhas\u0131 olur. \ufffcTan\u0131t\u0131m Metni<\/p>\n","protected":false},"excerpt":{"rendered":"<p>Tal\u00e2t Pa\u015fa daha evvel Enver&#8217;le Cemal Pa\u015falar ise hemen birbirini takiben \u015fehit edilmi\u015flerdir. Harb-i Umumi&#8217;ye vakitsiz ve l\u00fczumsuz girdiler ve l\u00fczumsuz israflarda bulundular. T\u00fcrk kan\u0131 ve<span class=\"excerpt-hellip\"> [\u2026]<\/span><\/p>\n","protected":false},"featured_media":0,"template":"","meta":{"_monsterinsights_skip_tracking":false,"_monsterinsights_sitenote_active":false,"_monsterinsights_sitenote_note":"","_monsterinsights_sitenote_category":0},"product_brand":[],"product_cat":[13590,12337],"product_tag":[],"class_list":{"0":"post-694180","1":"product","2":"type-product","3":"status-publish","5":"product_cat-arastirma-inceleme-politika-siyaset","6":"product_cat-politika-siyaset","7":"pa_cilt-ciltsiz","8":"pa_tur-kitap","9":"pa_yayinevi-yapi-kredi-yayinlari","10":"pa_yazar-kazim-karabekir","12":"first","13":"instock","14":"sale","15":"shipping-taxable","16":"purchasable","17":"product-type-simple"},"_links":{"self":[{"href":"https:\/\/roveyayinevi.com.tr\/index.php\/wp-json\/wp\/v2\/product\/694180","targetHints":{"allow":["GET"]}}],"collection":[{"href":"https:\/\/roveyayinevi.com.tr\/index.php\/wp-json\/wp\/v2\/product"}],"about":[{"href":"https:\/\/roveyayinevi.com.tr\/index.php\/wp-json\/wp\/v2\/types\/product"}],"wp:attachment":[{"href":"https:\/\/roveyayinevi.com.tr\/index.php\/wp-json\/wp\/v2\/media?parent=694180"}],"wp:term":[{"taxonomy":"product_brand","embeddable":true,"href":"https:\/\/roveyayinevi.com.tr\/index.php\/wp-json\/wp\/v2\/product_brand?post=694180"},{"taxonomy":"product_cat","embeddable":true,"href":"https:\/\/roveyayinevi.com.tr\/index.php\/wp-json\/wp\/v2\/product_cat?post=694180"},{"taxonomy":"product_tag","embeddable":true,"href":"https:\/\/roveyayinevi.com.tr\/index.php\/wp-json\/wp\/v2\/product_tag?post=694180"}],"curies":[{"name":"wp","href":"https:\/\/api.w.org\/{rel}","templated":true}]}}