{"id":694179,"date":"2025-08-27T14:19:14","date_gmt":"2025-08-27T11:19:14","guid":{"rendered":"https:\/\/roveyayinevi.com.tr\/index.php\/urun\/ittihat-ve-terakki-cemiyeti\/"},"modified":"2026-04-16T02:03:59","modified_gmt":"2026-04-15T23:03:59","slug":"ittihat-ve-terakki-cemiyeti","status":"publish","type":"product","link":"https:\/\/roveyayinevi.com.tr\/index.php\/urun\/ittihat-ve-terakki-cemiyeti\/","title":{"rendered":"\u0130ttihat ve Terakki Cemiyeti"},"content":{"rendered":"<p>Terakki ve \u0130ttihat Cemiyeti, tarihimizin her zaman i\u00e7in iftihar edece\u011fi bir te\u015fekk\u00fcld\u00fc. Onu sarsan, solduran; kendi tarihi ad\u0131yla \u0130ttihat ve Terakki, f\u0131rkac\u0131l\u0131k hayat\u0131na at\u0131lmas\u0131 ve kendi kendini a\u015f\u0131nd\u0131rmas\u0131 olmu\u015ftur. Cemiyetin bir uzvu s\u0131fat\u0131yla, onun bu vaziyete d\u00fc\u015fmemesi i\u00e7in, ben \u00e7ok u\u011fra\u015ft\u0131m; fakat cemiyetin b\u00fcnyesine yap\u0131\u015fan tufeyliler, haz\u0131ra konmak i\u00e7in o eski feragat sahibi ba\u015flar\u0131, nab\u0131z tutmak sanat\u0131yla h\u0131rs ve istibdat \u00e7ukuruna s\u00fcr\u00fcklediler. Cemiyetin \u015ferefli tarihiyle f\u0131rkan\u0131n hata ve mesuliyetleri birbirine kar\u0131\u015ft\u0131r\u0131lmamal\u0131d\u0131r. F\u0131rka b\u00fctb\u00fct\u00fcn ba\u015fka bir te\u015fekk\u00fcl ve b\u00fcsb\u00fct\u00fcn ba\u015fka bir istikamettir. Adeta \u0130ttihat ve Terakki Cemiyeti&#8217;nin tereddiyi and\u0131ran bir istihalesidir. Baz\u0131 \u015fahsiyetlerin her iki safhada rolalmalar\u0131 zihinlerde b\u00fcy\u00fck kar\u0131\u015f\u0131kl\u0131klar ve yanl\u0131\u015fl\u0131klara sebep olabilir. Ancak cemiyetin f\u0131rkan\u0131n tarihleri \u00fczerinde yap\u0131lacak ciddi bir tahlil bize her ikisinin karakterlerini g\u00f6sterece\u011fi gibi o \u015fahsiyetlerin ihtilalci ve devlet adam\u0131 s\u0131fat\u0131 ile rollerini ve k\u0131ymetlerini de bize anlat\u0131r.<\/p>\n","protected":false},"excerpt":{"rendered":"<p>Terakki ve \u0130ttihat Cemiyeti, tarihimizin her zaman i\u00e7in iftihar edece\u011fi bir te\u015fekk\u00fcld\u00fc. Onu sarsan, solduran; kendi tarihi ad\u0131yla \u0130ttihat ve Terakki, f\u0131rkac\u0131l\u0131k hayat\u0131na at\u0131lmas\u0131 ve kendi<span class=\"excerpt-hellip\"> [\u2026]<\/span><\/p>\n","protected":false},"featured_media":0,"template":"","meta":{"_monsterinsights_skip_tracking":false,"_monsterinsights_sitenote_active":false,"_monsterinsights_sitenote_note":"","_monsterinsights_sitenote_category":0},"product_brand":[],"product_cat":[13590,12337],"product_tag":[],"class_list":{"0":"post-694179","1":"product","2":"type-product","3":"status-publish","5":"product_cat-arastirma-inceleme-politika-siyaset","6":"product_cat-politika-siyaset","7":"pa_cilt-ciltsiz","8":"pa_tur-kitap","9":"pa_yayinevi-yapi-kredi-yayinlari","10":"pa_yazar-kazim-karabekir","12":"first","13":"instock","14":"sale","15":"shipping-taxable","16":"purchasable","17":"product-type-simple"},"_links":{"self":[{"href":"https:\/\/roveyayinevi.com.tr\/index.php\/wp-json\/wp\/v2\/product\/694179","targetHints":{"allow":["GET"]}}],"collection":[{"href":"https:\/\/roveyayinevi.com.tr\/index.php\/wp-json\/wp\/v2\/product"}],"about":[{"href":"https:\/\/roveyayinevi.com.tr\/index.php\/wp-json\/wp\/v2\/types\/product"}],"wp:attachment":[{"href":"https:\/\/roveyayinevi.com.tr\/index.php\/wp-json\/wp\/v2\/media?parent=694179"}],"wp:term":[{"taxonomy":"product_brand","embeddable":true,"href":"https:\/\/roveyayinevi.com.tr\/index.php\/wp-json\/wp\/v2\/product_brand?post=694179"},{"taxonomy":"product_cat","embeddable":true,"href":"https:\/\/roveyayinevi.com.tr\/index.php\/wp-json\/wp\/v2\/product_cat?post=694179"},{"taxonomy":"product_tag","embeddable":true,"href":"https:\/\/roveyayinevi.com.tr\/index.php\/wp-json\/wp\/v2\/product_tag?post=694179"}],"curies":[{"name":"wp","href":"https:\/\/api.w.org\/{rel}","templated":true}]}}