{"id":694178,"date":"2025-08-27T14:19:14","date_gmt":"2025-08-27T11:19:14","guid":{"rendered":"https:\/\/roveyayinevi.com.tr\/index.php\/urun\/malina\/"},"modified":"2026-04-16T02:03:59","modified_gmt":"2026-04-15T23:03:59","slug":"malina","status":"publish","type":"product","link":"https:\/\/roveyayinevi.com.tr\/index.php\/urun\/malina\/","title":{"rendered":"Malina"},"content":{"rendered":"<p>Ingeborg Bachmann\u2019\u0131n \u201c\u00d6l\u00fcm T\u00fcrleri\u201d ba\u015fl\u0131\u011f\u0131 alt\u0131nda yazmay\u0131 tasarlad\u0131\u011f\u0131 bir dizi roman\u0131n tamamlayabildi\u011fi ilk ve tek b\u00f6l\u00fcm\u00fc; mutlak a\u015fk\u0131n ve birey olma sava\u015f\u0131m\u0131n\u0131n roman\u0131 MALINA, ya\u015fad\u0131\u011f\u0131m\u0131z \u00e7a\u011fa ili\u015fkin a\u011fr\u0131l\u0131 bir \u00f6ng\u00f6r\u00fc ta\u015f\u0131r. Sava\u015f\u0131n ilan edilmeyen fakat insanlar\u0131n i\u00e7 d\u00fcnyas\u0131nda ya\u015fam\u0131n\u0131 s\u00fcrd\u00fcren varl\u0131\u011f\u0131na dikkat \u00e7eken Bachmann b\u00fcy\u00fck k\u0131y\u0131mlar\u0131n temelinde de insan\u0131n insan\u0131 i\u00e7ten i\u00e7e \u00f6ld\u00fcrd\u00fc\u011f\u00fc g\u00fcnl\u00fck cinayetlerin yatt\u0131\u011f\u0131na i\u015faret eder: \u201cSava\u015f ve bar\u0131\u015f yoktur, sadece sava\u015f vard\u0131r.\u201d   \u201c\u0130nsanl\u0131k durumu\u201dnu, bug\u00fcn do\u011frulu\u011funu kan\u0131tlayan \u015fu rafine s\u00f6zlerle tan\u0131mlar Avusturyal\u0131 yazar: \u201cFa\u015fizm, at\u0131lan ilk bombalarla ba\u015flamaz, her gazetede \u00fczerine bir \u015feyler yaz\u0131labilecek ter\u00f6rle de ba\u015flamaz. \u0130nsanlar aras\u0131ndaki ili\u015fkilerde ba\u015flar. Fa\u015fizm, erkekle kad\u0131n aras\u0131ndaki ili\u015fkide ba\u015flar.\u201d   MALINA: Duyarl\u0131\u011f\u0131 dilin en u\u00e7 s\u0131n\u0131rlar\u0131na dek geni\u015fleyen bir proto-feminist klasik.      \u201cYa\u015fayacak bir Ni\u00e7in\u2019i bulunan, hemen hemen t\u00fcm Nas\u0131l\u2019lara dayanabilir.\u201d     Bu y\u00fczy\u0131lda \u00fclkemizin [Avusturya\u2019n\u0131n] \u00fcretti\u011fi en zeki ve en \u00f6nemli kad\u0131n yazar. Thomas Bernhard   MALINA\u2019n\u0131n bu d\u00fcnyada kad\u0131n olman\u0131n beklenmedik psikolojik zorluklar\u0131 hakk\u0131nda yaz\u0131lm\u0131\u015f herhangi bir kitapla ve b\u00fct\u00fcn kitaplarla ortak bir tabiat\u0131 oldu\u011funa dair \u015f\u00fcpheye yer yok. A\u00e7\u0131k se\u00e7ik ve kuvvetli. John Williams, The New York Times Book Review   Varolu\u015fsal bir portre, umutsuz bir saplant\u0131n\u0131n eseri, bir proto-feminist klasik, ve Avrupa yaz\u0131n\u0131n\u0131n \u00fcretti\u011fi, kad\u0131n bilincinin en sivri yorumlar\u0131ndan biri. The Nation   &#8230; Virginia Woolf\u2019un ve Samuel Beckett\u2019in en iyi eserlerine denk. The New York Times Book Review     \u00d6yle g\u00f6r\u00fcn\u00fcyor ki MALINA\u2019da Bachmann\u2019\u0131n s\u00f6zc\u00fcklerle yapamayaca\u011f\u0131 hi\u00e7bir \u015fey yok. The New York Review of Books   MALINA, kimilerince \u00e7ok bireysel diye nitelendirilmi\u015fti ilk \u00e7\u0131kt\u0131\u011f\u0131nda; aradan k\u0131sa bir s\u00fcre ge\u00e7tikten sonra bu yarg\u0131n\u0131n da, bireyselle\u015filmeden toplumsalla\u015f\u0131labilece\u011fine ili\u015fkin sapk\u0131n inanc\u0131n \u00fcr\u00fcnlerinden biri oldu\u011fu ortaya \u00e7\u0131kt\u0131. Ahmet Cemal <\/p>\n","protected":false},"excerpt":{"rendered":"<p>Ingeborg Bachmann\u2019\u0131n \u201c\u00d6l\u00fcm T\u00fcrleri\u201d ba\u015fl\u0131\u011f\u0131 alt\u0131nda yazmay\u0131 tasarlad\u0131\u011f\u0131 bir dizi roman\u0131n tamamlayabildi\u011fi ilk ve tek b\u00f6l\u00fcm\u00fc; mutlak a\u015fk\u0131n ve birey olma sava\u015f\u0131m\u0131n\u0131n roman\u0131 MALINA, ya\u015fad\u0131\u011f\u0131m\u0131z \u00e7a\u011fa<span class=\"excerpt-hellip\"> [\u2026]<\/span><\/p>\n","protected":false},"featured_media":0,"template":"","meta":{"_monsterinsights_skip_tracking":false,"_monsterinsights_sitenote_active":false,"_monsterinsights_sitenote_note":"","_monsterinsights_sitenote_category":0},"product_brand":[],"product_cat":[12782,12291],"product_tag":[],"class_list":{"0":"post-694178","1":"product","2":"type-product","3":"status-publish","5":"product_cat-alman-edebiyati","6":"product_cat-edebiyat","7":"pa_cilt-ciltsiz","8":"pa_tur-kitap","9":"pa_yayinevi-yapi-kredi-yayinlari","10":"pa_yazar-ingeborg-bachmann","12":"first","13":"instock","14":"sale","15":"shipping-taxable","16":"purchasable","17":"product-type-simple"},"_links":{"self":[{"href":"https:\/\/roveyayinevi.com.tr\/index.php\/wp-json\/wp\/v2\/product\/694178","targetHints":{"allow":["GET"]}}],"collection":[{"href":"https:\/\/roveyayinevi.com.tr\/index.php\/wp-json\/wp\/v2\/product"}],"about":[{"href":"https:\/\/roveyayinevi.com.tr\/index.php\/wp-json\/wp\/v2\/types\/product"}],"wp:attachment":[{"href":"https:\/\/roveyayinevi.com.tr\/index.php\/wp-json\/wp\/v2\/media?parent=694178"}],"wp:term":[{"taxonomy":"product_brand","embeddable":true,"href":"https:\/\/roveyayinevi.com.tr\/index.php\/wp-json\/wp\/v2\/product_brand?post=694178"},{"taxonomy":"product_cat","embeddable":true,"href":"https:\/\/roveyayinevi.com.tr\/index.php\/wp-json\/wp\/v2\/product_cat?post=694178"},{"taxonomy":"product_tag","embeddable":true,"href":"https:\/\/roveyayinevi.com.tr\/index.php\/wp-json\/wp\/v2\/product_tag?post=694178"}],"curies":[{"name":"wp","href":"https:\/\/api.w.org\/{rel}","templated":true}]}}