{"id":694175,"date":"2025-08-27T14:19:13","date_gmt":"2025-08-27T11:19:13","guid":{"rendered":"https:\/\/roveyayinevi.com.tr\/index.php\/urun\/ismet-inonu\/"},"modified":"2026-04-16T02:03:59","modified_gmt":"2026-04-15T23:03:59","slug":"ismet-inonu","status":"publish","type":"product","link":"https:\/\/roveyayinevi.com.tr\/index.php\/urun\/ismet-inonu\/","title":{"rendered":"\u0130smet \u0130n\u00f6n\u00fc"},"content":{"rendered":"<p>I. D\u00fcnya Sava\u015f\u0131&#8217;nda komutanl\u0131k yapm\u0131\u015f, Osmanl\u0131 \u0130mparatorlu\u011fu&#8217;nun y\u0131k\u0131l\u0131\u015f\u0131na tan\u0131k olmu\u015f, bu y\u0131k\u0131nt\u0131lar aras\u0131ndan Atat\u00fcrk&#8217;le birlikte, onun en yak\u0131n arkada\u015f\u0131 ve yard\u0131mc\u0131s\u0131 olarak, \u00e7a\u011fda\u015f bir T\u00fcrkiye&#8217;nin kurulu\u015funu ger\u00e7ekle\u015ftirmi\u015f ulusal bir kahraman\u0131n; T\u00fcrkiye&#8217;yi II. D\u00fcnya Sava\u015f\u0131 yang\u0131n ve y\u0131k\u0131nt\u0131s\u0131ndan kurtarm\u0131\u015f uzak g\u00f6r\u00fc\u015fl\u00fc bir devlet adam\u0131n\u0131n; \u00e7ok partili siyasal ya\u015fam\u0131 ba\u015flatm\u0131\u015f, se\u00e7imlerde kaybedince iktidar\u0131 uygarca devredebilmi\u015f \u00e7a\u011fda\u015f bir muhalefet liderinin; T\u00fcrkiye&#8217;nin ikinci cumhurba\u015fkan\u0131 \u0130smet \u0130n\u00f6n\u00fc&#8217;n\u00fcn, ya\u015fam\u0131 ve d\u00fcnya g\u00f6r\u00fc\u015f\u00fc \u00fczerine birinci elden bir tan\u0131kl\u0131k.<\/p>\n","protected":false},"excerpt":{"rendered":"<p>I. D\u00fcnya Sava\u015f\u0131&#8217;nda komutanl\u0131k yapm\u0131\u015f, Osmanl\u0131 \u0130mparatorlu\u011fu&#8217;nun y\u0131k\u0131l\u0131\u015f\u0131na tan\u0131k olmu\u015f, bu y\u0131k\u0131nt\u0131lar aras\u0131ndan Atat\u00fcrk&#8217;le birlikte, onun en yak\u0131n arkada\u015f\u0131 ve yard\u0131mc\u0131s\u0131 olarak, \u00e7a\u011fda\u015f bir T\u00fcrkiye&#8217;nin kurulu\u015funu<span class=\"excerpt-hellip\"> [\u2026]<\/span><\/p>\n","protected":false},"featured_media":0,"template":"","meta":{"_monsterinsights_skip_tracking":false,"_monsterinsights_sitenote_active":false,"_monsterinsights_sitenote_note":"","_monsterinsights_sitenote_category":0},"product_brand":[],"product_cat":[12312,12304],"product_tag":[],"class_list":{"0":"post-694175","1":"product","2":"type-product","3":"status-publish","5":"product_cat-diger","6":"product_cat-tarih","7":"pa_cilt-ciltsiz","8":"pa_tur-kitap","9":"pa_yayinevi-yapi-kredi-yayinlari","10":"pa_yazar-necdet-ugur","12":"first","13":"instock","14":"sale","15":"shipping-taxable","16":"purchasable","17":"product-type-simple"},"_links":{"self":[{"href":"https:\/\/roveyayinevi.com.tr\/index.php\/wp-json\/wp\/v2\/product\/694175","targetHints":{"allow":["GET"]}}],"collection":[{"href":"https:\/\/roveyayinevi.com.tr\/index.php\/wp-json\/wp\/v2\/product"}],"about":[{"href":"https:\/\/roveyayinevi.com.tr\/index.php\/wp-json\/wp\/v2\/types\/product"}],"wp:attachment":[{"href":"https:\/\/roveyayinevi.com.tr\/index.php\/wp-json\/wp\/v2\/media?parent=694175"}],"wp:term":[{"taxonomy":"product_brand","embeddable":true,"href":"https:\/\/roveyayinevi.com.tr\/index.php\/wp-json\/wp\/v2\/product_brand?post=694175"},{"taxonomy":"product_cat","embeddable":true,"href":"https:\/\/roveyayinevi.com.tr\/index.php\/wp-json\/wp\/v2\/product_cat?post=694175"},{"taxonomy":"product_tag","embeddable":true,"href":"https:\/\/roveyayinevi.com.tr\/index.php\/wp-json\/wp\/v2\/product_tag?post=694175"}],"curies":[{"name":"wp","href":"https:\/\/api.w.org\/{rel}","templated":true}]}}