{"id":694173,"date":"2025-08-27T14:19:12","date_gmt":"2025-08-27T11:19:12","guid":{"rendered":"https:\/\/roveyayinevi.com.tr\/index.php\/urun\/ibn-battuta-seyahatnamesi\/"},"modified":"2026-04-16T02:03:59","modified_gmt":"2026-04-15T23:03:59","slug":"ibn-battuta-seyahatnamesi","status":"publish","type":"product","link":"https:\/\/roveyayinevi.com.tr\/index.php\/urun\/ibn-battuta-seyahatnamesi\/","title":{"rendered":"\u0130bn Battuta Seyahatnamesi"},"content":{"rendered":"<p>K\u0131sa Notlarla Sade Metin \u00c7evirisi 14. y\u00fczy\u0131l gezginlerinden \u0130bn Battuta (1304-1368) Fas\u2019\u0131n Tanca \u015fehrinde d\u00fcnyaya geldi. Bu \u015fehirden \u00e7\u0131kt\u0131\u011f\u0131 g\u00fcnden itibaren 28 y\u0131l s\u00fcren gezileri boyunca M\u0131s\u0131r, Arap Yar\u0131madas\u0131, Irak, \u0130ran, Anadolu (ba\u015fta beylikleri), De\u015ft-i K\u0131p\u00e7ak, Bizans (\u0130stanbul), Orta Asya, Hindistan, Maldivler, \u00c7in ve End\u00fcl\u00fcs\u2019\u00fc gezen \u0130bn Battuta devlet ve toplum yap\u0131lar\u0131, inan\u00e7 ve adetleri, do\u011fal \u00f6zellik ve \u00fcr\u00fcnleriyle tan\u0131tt\u0131\u011f\u0131 bu \u00fclke ve \u015fehirlerin 700 y\u0131l \u00f6nceki durumlar\u0131n\u0131 ba\u015far\u0131yla yans\u0131t\u0131r. Yazar\u0131 taraf\u0131ndan Tuhfet\u00fc&#8217;n-Nuzzar fi Garaibi&#8217;l-Emsar ve Acaibi&#8217;l-Efsar (\u0130lgin\u00e7 \u00dclkeleri ve Macera Dolu Yolculuklar\u0131 Merak Edenlere Arma\u011fan) diye adland\u0131r\u0131lan, yayg\u0131n olarak R\u0131hle diye bilinen ve T\u00fcrk\u00e7ede \u0130bn Battuta Seyahatnamesi diye an\u0131lan eser, \u00f6zg\u00fcn dili olan Arap\u00e7adan A. Sait Aykut&#8217;un \u00e7evirisi, k\u0131sa notlar ve ayr\u0131nt\u0131l\u0131 bir dizinle sunuluyor. \ufffcTan\u0131t\u0131m Metni<\/p>\n","protected":false},"excerpt":{"rendered":"<p>K\u0131sa Notlarla Sade Metin \u00c7evirisi 14. y\u00fczy\u0131l gezginlerinden \u0130bn Battuta (1304-1368) Fas\u2019\u0131n Tanca \u015fehrinde d\u00fcnyaya geldi. Bu \u015fehirden \u00e7\u0131kt\u0131\u011f\u0131 g\u00fcnden itibaren 28 y\u0131l s\u00fcren gezileri boyunca<span class=\"excerpt-hellip\"> [\u2026]<\/span><\/p>\n","protected":false},"featured_media":0,"template":"","meta":{"_monsterinsights_skip_tracking":false,"_monsterinsights_sitenote_active":false,"_monsterinsights_sitenote_note":"","_monsterinsights_sitenote_category":0},"product_brand":[],"product_cat":[12312,12304],"product_tag":[],"class_list":{"0":"post-694173","1":"product","2":"type-product","3":"status-publish","5":"product_cat-diger","6":"product_cat-tarih","7":"pa_cilt-ciltsiz","8":"pa_tur-kitap","9":"pa_yayinevi-yapi-kredi-yayinlari","10":"pa_yazar-ibn-battuta","12":"first","13":"instock","14":"sale","15":"shipping-taxable","16":"purchasable","17":"product-type-simple"},"_links":{"self":[{"href":"https:\/\/roveyayinevi.com.tr\/index.php\/wp-json\/wp\/v2\/product\/694173","targetHints":{"allow":["GET"]}}],"collection":[{"href":"https:\/\/roveyayinevi.com.tr\/index.php\/wp-json\/wp\/v2\/product"}],"about":[{"href":"https:\/\/roveyayinevi.com.tr\/index.php\/wp-json\/wp\/v2\/types\/product"}],"wp:attachment":[{"href":"https:\/\/roveyayinevi.com.tr\/index.php\/wp-json\/wp\/v2\/media?parent=694173"}],"wp:term":[{"taxonomy":"product_brand","embeddable":true,"href":"https:\/\/roveyayinevi.com.tr\/index.php\/wp-json\/wp\/v2\/product_brand?post=694173"},{"taxonomy":"product_cat","embeddable":true,"href":"https:\/\/roveyayinevi.com.tr\/index.php\/wp-json\/wp\/v2\/product_cat?post=694173"},{"taxonomy":"product_tag","embeddable":true,"href":"https:\/\/roveyayinevi.com.tr\/index.php\/wp-json\/wp\/v2\/product_tag?post=694173"}],"curies":[{"name":"wp","href":"https:\/\/api.w.org\/{rel}","templated":true}]}}