{"id":694172,"date":"2025-08-27T14:19:12","date_gmt":"2025-08-27T11:19:12","guid":{"rendered":"https:\/\/roveyayinevi.com.tr\/index.php\/urun\/oyun-ve-bugu\/"},"modified":"2026-04-16T02:03:59","modified_gmt":"2026-04-15T23:03:59","slug":"oyun-ve-bugu","status":"publish","type":"product","link":"https:\/\/roveyayinevi.com.tr\/index.php\/urun\/oyun-ve-bugu\/","title":{"rendered":"Oyun ve B\u00fcg\u00fc"},"content":{"rendered":"<p>Oyun ve B\u00fcg\u00fc, konusunda T\u00fcrk\u00e7e kaleme al\u0131nm\u0131\u015f ilk monografi. Frazer, Huizinga, \u00c7aillois ve Malinowski gibi ara\u015ft\u0131rmac\u0131lar\u0131n a\u00e7t\u0131\u011f\u0131 yoldan giden Metin And, otuz y\u0131l \u00f6nce bas\u0131l\u0131p b\u00fcy\u00fck ilgi g\u00f6ren ve gen\u00e7 ku\u015faktan ara\u015ft\u0131rmac\u0131lar\u0131 etkileyen kitab\u0131nda, T\u00fcrlerin Anadolu&#8217;da yaratt\u0131\u011f\u0131 oyun diye nitelenebilecek etkinlikleri geni\u015f bir a\u00e7\u0131l\u0131mla ele alarak halkbilimsel deneyler yap\u0131yor, rit\u00fcel ile tiyatronun bulu\u015ftu\u011fu yerlerdee ilgin\u00e7 sentezlere ula\u015f\u0131yor. \ufffc<\/p>\n","protected":false},"excerpt":{"rendered":"<p>Oyun ve B\u00fcg\u00fc, konusunda T\u00fcrk\u00e7e kaleme al\u0131nm\u0131\u015f ilk monografi. Frazer, Huizinga, \u00c7aillois ve Malinowski gibi ara\u015ft\u0131rmac\u0131lar\u0131n a\u00e7t\u0131\u011f\u0131 yoldan giden Metin And, otuz y\u0131l \u00f6nce bas\u0131l\u0131p b\u00fcy\u00fck<span class=\"excerpt-hellip\"> [\u2026]<\/span><\/p>\n","protected":false},"featured_media":0,"template":"","meta":{"_monsterinsights_skip_tracking":false,"_monsterinsights_sitenote_active":false,"_monsterinsights_sitenote_note":"","_monsterinsights_sitenote_category":0},"product_brand":[],"product_cat":[13633,12324],"product_tag":[],"class_list":{"0":"post-694172","1":"product","2":"type-product","3":"status-publish","5":"product_cat-kultur-ve-bilim","6":"product_cat-sosyoloji","7":"pa_cilt-ciltsiz","8":"pa_tur-kitap","9":"pa_yayinevi-yapi-kredi-yayinlari","10":"pa_yazar-metin-and","12":"first","13":"instock","14":"sale","15":"shipping-taxable","16":"purchasable","17":"product-type-simple"},"_links":{"self":[{"href":"https:\/\/roveyayinevi.com.tr\/index.php\/wp-json\/wp\/v2\/product\/694172","targetHints":{"allow":["GET"]}}],"collection":[{"href":"https:\/\/roveyayinevi.com.tr\/index.php\/wp-json\/wp\/v2\/product"}],"about":[{"href":"https:\/\/roveyayinevi.com.tr\/index.php\/wp-json\/wp\/v2\/types\/product"}],"wp:attachment":[{"href":"https:\/\/roveyayinevi.com.tr\/index.php\/wp-json\/wp\/v2\/media?parent=694172"}],"wp:term":[{"taxonomy":"product_brand","embeddable":true,"href":"https:\/\/roveyayinevi.com.tr\/index.php\/wp-json\/wp\/v2\/product_brand?post=694172"},{"taxonomy":"product_cat","embeddable":true,"href":"https:\/\/roveyayinevi.com.tr\/index.php\/wp-json\/wp\/v2\/product_cat?post=694172"},{"taxonomy":"product_tag","embeddable":true,"href":"https:\/\/roveyayinevi.com.tr\/index.php\/wp-json\/wp\/v2\/product_tag?post=694172"}],"curies":[{"name":"wp","href":"https:\/\/api.w.org\/{rel}","templated":true}]}}