{"id":694166,"date":"2025-08-27T14:19:11","date_gmt":"2025-08-27T11:19:11","guid":{"rendered":"https:\/\/roveyayinevi.com.tr\/index.php\/urun\/intihar-ve-intihari-onleme\/"},"modified":"2026-04-16T02:03:59","modified_gmt":"2026-04-15T23:03:59","slug":"intihar-ve-intihari-onleme","status":"publish","type":"product","link":"https:\/\/roveyayinevi.com.tr\/index.php\/urun\/intihar-ve-intihari-onleme\/","title":{"rendered":"\u0130ntihar ve \u0130ntihar\u0131 \u00d6nleme"},"content":{"rendered":"<p>\u0130ntihar olgusu insanl\u0131k tarihi kadar eskidir. Bildirilen oranlar farkl\u0131 olmas\u0131na kar\u015f\u0131l\u0131k intihar; d\u00fcnyan\u0131n her yerinde g\u00f6r\u00fclebilmekte ve halen \u2018tabu\u2019 olma \u00f6zelli\u011fini korumaktad\u0131r. \u0130ntihar;  ya\u015fam\u0131 tehdit edici  bir \u00f6zellik ta\u015f\u0131d\u0131\u011f\u0131ndan ve sadece bireysel kay\u0131plarla s\u0131n\u0131rl\u0131 kalmay\u0131p, uyand\u0131rd\u0131\u011f\u0131 \u015fiddetli duygularla (\u00f6fke, panik, korku, su\u00e7luluk gibi) \u00e7evreyi de etkisi alt\u0131na alabilmektedir. \u0130ntihar olaylar\u0131n\u0131n belirlenmesi, izlenmesi ve ara\u015ft\u0131r\u0131lmas\u0131n\u0131n kimi g\u00fc\u00e7l\u00fcklerine kar\u015f\u0131n \u00f6zellikle intihara e\u011filimli ki\u015finin sorunlar\u0131na \u00e7\u00f6z\u00fcm \u00fcretmede yard\u0131mc\u0131 olman\u0131n, ki\u015fiyi ve aileyi g\u00fc\u00e7l\u00fc k\u0131lman\u0131n, toplumsal sorumluluklar\u0131n\u0131 yerine getirmelerinde kendilerine destek olman\u0131n ve toplumu intihar\u0131n neden olaca\u011f\u0131 zararlardan koruman\u0131n gerekli oldu\u011fu a\u00e7\u0131kt\u0131r. Literat\u00fcr bilgileri \u0131\u015f\u0131\u011f\u0131nda sosyal hizmet perspektifinden intihar davran\u0131\u015f\u0131na yakla\u015f\u0131m\u0131 konu alan bu \u00e7al\u0131\u015fmada intihar olgusu psiko-sosyal boyutlar\u0131 ile genel olarak de\u011ferlendirilmekte, sosyal hizmetin intihar \u00e7al\u0131\u015fmalar\u0131ndaki konumu, rol ve fonksiyonlar\u0131 ile m\u00fcdahale noktalar\u0131 \u00fczerinde durulmaktad\u0131r. Do\u011fas\u0131 gere\u011fi multi-disipliner bir \u00e7al\u0131\u015fma alan\u0131 olan ve \u00fczerinde halen doldurulmayan bilgi bo\u015fluklar\u0131 bulunan intihar davran\u0131\u015f\u0131n\u0131n mesleki uygulamas\u0131n\u0131  \u00e7evresi i\u00e7inde birey  anlay\u0131\u015f\u0131na uygun olarak bireye ve bireyin \u00e7evresine ayn\u0131 anda odaklanarak y\u00fcr\u00fcten sosyal hizmet disiplini a\u00e7\u0131s\u0131ndan ele al\u0131nmas\u0131n\u0131n alandaki \u00e7al\u0131\u015fmalara \u00f6nemli katk\u0131lar sa\u011flayaca\u011f\u0131 d\u00fc\u015f\u00fcncesi bu \u00e7al\u0131\u015fman\u0131n temel tezidir. <\/p>\n","protected":false},"excerpt":{"rendered":"<p>\u0130ntihar olgusu insanl\u0131k tarihi kadar eskidir. Bildirilen oranlar farkl\u0131 olmas\u0131na kar\u015f\u0131l\u0131k intihar; d\u00fcnyan\u0131n her yerinde g\u00f6r\u00fclebilmekte ve halen \u2018tabu\u2019 olma \u00f6zelli\u011fini korumaktad\u0131r. \u0130ntihar; ya\u015fam\u0131 tehdit edici<span class=\"excerpt-hellip\"> [\u2026]<\/span><\/p>\n","protected":false},"featured_media":0,"template":"","meta":{"_monsterinsights_skip_tracking":false,"_monsterinsights_sitenote_active":false,"_monsterinsights_sitenote_note":"","_monsterinsights_sitenote_category":0},"product_brand":[],"product_cat":[12358,12357],"product_tag":[],"class_list":{"0":"post-694166","1":"product","2":"type-product","3":"status-publish","5":"product_cat-genel-psikoloji","6":"product_cat-psikoloji","7":"pa_tur-kitap","8":"pa_yayinevi-yeni-insan-yayinlari","9":"pa_yazar-kamil-alptekin","11":"first","12":"instock","13":"sale","14":"shipping-taxable","15":"purchasable","16":"product-type-simple"},"_links":{"self":[{"href":"https:\/\/roveyayinevi.com.tr\/index.php\/wp-json\/wp\/v2\/product\/694166","targetHints":{"allow":["GET"]}}],"collection":[{"href":"https:\/\/roveyayinevi.com.tr\/index.php\/wp-json\/wp\/v2\/product"}],"about":[{"href":"https:\/\/roveyayinevi.com.tr\/index.php\/wp-json\/wp\/v2\/types\/product"}],"wp:attachment":[{"href":"https:\/\/roveyayinevi.com.tr\/index.php\/wp-json\/wp\/v2\/media?parent=694166"}],"wp:term":[{"taxonomy":"product_brand","embeddable":true,"href":"https:\/\/roveyayinevi.com.tr\/index.php\/wp-json\/wp\/v2\/product_brand?post=694166"},{"taxonomy":"product_cat","embeddable":true,"href":"https:\/\/roveyayinevi.com.tr\/index.php\/wp-json\/wp\/v2\/product_cat?post=694166"},{"taxonomy":"product_tag","embeddable":true,"href":"https:\/\/roveyayinevi.com.tr\/index.php\/wp-json\/wp\/v2\/product_tag?post=694166"}],"curies":[{"name":"wp","href":"https:\/\/api.w.org\/{rel}","templated":true}]}}