{"id":694160,"date":"2025-08-27T14:19:10","date_gmt":"2025-08-27T11:19:10","guid":{"rendered":"https:\/\/roveyayinevi.com.tr\/index.php\/urun\/avrupada-turkiyeyi-savunmak\/"},"modified":"2026-04-16T02:03:59","modified_gmt":"2026-04-15T23:03:59","slug":"avrupada-turkiyeyi-savunmak","status":"publish","type":"product","link":"https:\/\/roveyayinevi.com.tr\/index.php\/urun\/avrupada-turkiyeyi-savunmak\/","title":{"rendered":"Avrupa\u2019da T\u00fcrkiye\u2019yi Savunmak"},"content":{"rendered":"<p>Avrupal\u0131, T\u00fcrkiye hakk\u0131nda pe\u015fin h\u00fck\u00fcml\u00fc. Aleyhinde s\u00f6ylenen her \u015feyi kabul etmeye ve her \u015feye inanmaya haz\u0131r. Onu nas\u0131l yaz\u0131lanlar\u0131n, s\u00f6ylenenlerin do\u011fru olmad\u0131\u011f\u0131na inand\u0131racaks\u0131n\u0131z? <\/p>\n","protected":false},"excerpt":{"rendered":"<p>Avrupal\u0131, T\u00fcrkiye hakk\u0131nda pe\u015fin h\u00fck\u00fcml\u00fc. Aleyhinde s\u00f6ylenen her \u015feyi kabul etmeye ve her \u015feye inanmaya haz\u0131r. Onu nas\u0131l yaz\u0131lanlar\u0131n, s\u00f6ylenenlerin do\u011fru olmad\u0131\u011f\u0131na inand\u0131racaks\u0131n\u0131z?<\/p>\n","protected":false},"featured_media":0,"template":"","meta":{"_monsterinsights_skip_tracking":false,"_monsterinsights_sitenote_active":false,"_monsterinsights_sitenote_note":"","_monsterinsights_sitenote_category":0},"product_brand":[],"product_cat":[12304,13493],"product_tag":[],"class_list":{"0":"post-694160","1":"product","2":"type-product","3":"status-publish","5":"product_cat-tarih","6":"product_cat-turkiye-ve-cumhuriyet-tarihi","7":"pa_tur-kitap","8":"pa_yayinevi-yeni-insan-yayinlari","9":"pa_yazar-cevdet-akcali","11":"first","12":"instock","13":"sale","14":"shipping-taxable","15":"purchasable","16":"product-type-simple"},"_links":{"self":[{"href":"https:\/\/roveyayinevi.com.tr\/index.php\/wp-json\/wp\/v2\/product\/694160","targetHints":{"allow":["GET"]}}],"collection":[{"href":"https:\/\/roveyayinevi.com.tr\/index.php\/wp-json\/wp\/v2\/product"}],"about":[{"href":"https:\/\/roveyayinevi.com.tr\/index.php\/wp-json\/wp\/v2\/types\/product"}],"wp:attachment":[{"href":"https:\/\/roveyayinevi.com.tr\/index.php\/wp-json\/wp\/v2\/media?parent=694160"}],"wp:term":[{"taxonomy":"product_brand","embeddable":true,"href":"https:\/\/roveyayinevi.com.tr\/index.php\/wp-json\/wp\/v2\/product_brand?post=694160"},{"taxonomy":"product_cat","embeddable":true,"href":"https:\/\/roveyayinevi.com.tr\/index.php\/wp-json\/wp\/v2\/product_cat?post=694160"},{"taxonomy":"product_tag","embeddable":true,"href":"https:\/\/roveyayinevi.com.tr\/index.php\/wp-json\/wp\/v2\/product_tag?post=694160"}],"curies":[{"name":"wp","href":"https:\/\/api.w.org\/{rel}","templated":true}]}}