{"id":694155,"date":"2025-08-27T14:19:09","date_gmt":"2025-08-27T11:19:09","guid":{"rendered":"https:\/\/roveyayinevi.com.tr\/index.php\/urun\/lady-chatterleyin-sevgilisi\/"},"modified":"2026-04-16T02:03:58","modified_gmt":"2026-04-15T23:03:58","slug":"lady-chatterleyin-sevgilisi","status":"publish","type":"product","link":"https:\/\/roveyayinevi.com.tr\/index.php\/urun\/lady-chatterleyin-sevgilisi\/","title":{"rendered":"Lady Chatterley\u2019in Sevgilisi"},"content":{"rendered":"<p>\u201cBu kuru s\u00f6z kalabal\u0131\u011f\u0131, sana dokunamad\u0131\u011f\u0131m i\u00e7in. Seni kollar\u0131ma al\u0131p uyuyabilseydim, bunca m\u00fcrekkep \u015fi\u015fede de durabilirdi. Birlikteyken gene erdemli kalabilirdik. Ama bir s\u00fcre ayr\u0131 olmam\u0131z gerekiyor, ger\u00e7ekte b\u00f6ylesi de daha iyi. Ah kesinlikle g\u00fcvenebilsek gelece\u011fe&#8230;\u201d Birinci D\u00fcnya Sava\u015f\u0131 sonras\u0131n\u0131n a\u00e7g\u00f6zl\u00fc, k\u0131s\u0131r, do\u011fadan gitgide kopan ortam\u0131nda, bir Lady ile bir koru bek\u00e7isi aras\u0131ndaki tutku dolu ili\u015fkiyi anlatan bu roman, yay\u0131mland\u0131\u011f\u0131 pek \u00e7ok \u00fclkede b\u00fcy\u00fck tart\u0131\u015fmalar do\u011furmu\u015f, D. H. Lawrence\u2019\u0131n \u00fclkesi \u0130ngiltere\u2019de sans\u00fcrs\u00fcz bas\u0131labilmek i\u00e7in yazar\u0131n\u0131n \u00f6l\u00fcm\u00fcnden otuz y\u0131l sonras\u0131n\u0131, 1960 y\u0131l\u0131n\u0131 beklemi\u015fti. D. H. Lawrence\u2019\u0131n de\u011fi\u015fikliklerle art arda \u00fc\u00e7 kez yazd\u0131\u011f\u0131 metni son bi\u00e7imiyle, Ak\u015fit G\u00f6kt\u00fcrk\u2019\u00fcn T\u00fcrk\u00e7esinden sunuyoruz.Lady Chatterley\u2019in Sevgilisi, kad\u0131nla erkek aras\u0131ndaki ili\u015fkinin sonsuz olanaklar\u0131n\u0131n bireyin ya\u015fam\u0131na getirdi\u011fi yenilenme ile co\u015fkunun ara\u015ft\u0131r\u0131lmas\u0131; yirminci y\u00fczy\u0131lda yaz\u0131lm\u0131\u015f en g\u00fczel a\u015fk romanlar\u0131ndan biri.Lawrence\u2019\u0131 okumak, bi\u00e7imi ve s\u00f6z sanat\u0131n\u0131 y\u0131k\u0131p ge\u00e7mi\u015f, insan\u0131n kar\u015f\u0131s\u0131na \u00e7\u0131plak halde \u00e7\u0131km\u0131\u015f bir ki\u015filikle temas halinde oldu\u011funuzu hissettirir. Anthony Burgess Lawrence d\u00fcnyan\u0131n gizeminin daima \u015fiddetle fark\u0131ndayd\u0131 ve bu gizem onun i\u00e7in daima ilahi bir \u015feydi. Aldous Huxley<\/p>\n","protected":false},"excerpt":{"rendered":"<p>\u201cBu kuru s\u00f6z kalabal\u0131\u011f\u0131, sana dokunamad\u0131\u011f\u0131m i\u00e7in. Seni kollar\u0131ma al\u0131p uyuyabilseydim, bunca m\u00fcrekkep \u015fi\u015fede de durabilirdi. Birlikteyken gene erdemli kalabilirdik. Ama bir s\u00fcre ayr\u0131 olmam\u0131z gerekiyor,<span class=\"excerpt-hellip\"> [\u2026]<\/span><\/p>\n","protected":false},"featured_media":0,"template":"","meta":{"_monsterinsights_skip_tracking":false,"_monsterinsights_sitenote_active":false,"_monsterinsights_sitenote_note":"","_monsterinsights_sitenote_category":0},"product_brand":[],"product_cat":[12291,12866],"product_tag":[],"class_list":{"0":"post-694155","1":"product","2":"type-product","3":"status-publish","5":"product_cat-edebiyat","6":"product_cat-ingiliz-edebiyati","7":"pa_cilt-ciltsiz","8":"pa_tur-kitap","9":"pa_yayinevi-yapi-kredi-yayinlari","10":"pa_yazar-david-herbert-lawrence","12":"first","13":"instock","14":"sale","15":"shipping-taxable","16":"purchasable","17":"product-type-simple"},"_links":{"self":[{"href":"https:\/\/roveyayinevi.com.tr\/index.php\/wp-json\/wp\/v2\/product\/694155","targetHints":{"allow":["GET"]}}],"collection":[{"href":"https:\/\/roveyayinevi.com.tr\/index.php\/wp-json\/wp\/v2\/product"}],"about":[{"href":"https:\/\/roveyayinevi.com.tr\/index.php\/wp-json\/wp\/v2\/types\/product"}],"wp:attachment":[{"href":"https:\/\/roveyayinevi.com.tr\/index.php\/wp-json\/wp\/v2\/media?parent=694155"}],"wp:term":[{"taxonomy":"product_brand","embeddable":true,"href":"https:\/\/roveyayinevi.com.tr\/index.php\/wp-json\/wp\/v2\/product_brand?post=694155"},{"taxonomy":"product_cat","embeddable":true,"href":"https:\/\/roveyayinevi.com.tr\/index.php\/wp-json\/wp\/v2\/product_cat?post=694155"},{"taxonomy":"product_tag","embeddable":true,"href":"https:\/\/roveyayinevi.com.tr\/index.php\/wp-json\/wp\/v2\/product_tag?post=694155"}],"curies":[{"name":"wp","href":"https:\/\/api.w.org\/{rel}","templated":true}]}}