{"id":694150,"date":"2025-08-27T14:19:08","date_gmt":"2025-08-27T11:19:08","guid":{"rendered":"https:\/\/roveyayinevi.com.tr\/index.php\/urun\/orumceklerin-yuvalandigi-patika\/"},"modified":"2026-04-16T02:03:58","modified_gmt":"2026-04-15T23:03:58","slug":"orumceklerin-yuvalandigi-patika","status":"publish","type":"product","link":"https:\/\/roveyayinevi.com.tr\/index.php\/urun\/orumceklerin-yuvalandigi-patika\/","title":{"rendered":"\u00d6r\u00fcmceklerin Yuvaland\u0131\u011f\u0131 Patika"},"content":{"rendered":"<p>Gerek yazar olman\u0131n gerek okur olman\u0131n profilini de\u011fi\u015ftiren, \u0130talyan edebiyat\u0131n\u0131n b\u00fcy\u00fck ustas\u0131 Italo Calvino&#8217;nun ilk kitab\u0131 \u00d6r\u00fcmceklerin Yuvaland\u0131\u011f\u0131 Patika, \u0130talya&#8217;da yay\u0131mlan\u0131\u015f\u0131ndan 60 y\u0131l sonra ilk kez T\u00fcrk\u00e7ede&#8230; Bir \u00e7ocu\u011fun g\u00f6z\u00fcnden sava\u015f, inan\u00e7, \u00f6fke, k\u00f6t\u00fcl\u00fck, a\u015fa\u011f\u0131lanma, d\u00fc\u015f k\u0131r\u0131kl\u0131\u011f\u0131 \u00fcst\u00fcne yal\u0131n ve etkileyici bir anlat\u0131. Oysa ben, bir kara\u00e7am orman\u0131nda y\u00fcr\u00fcyorum ve her ad\u0131m\u0131m tarih. Seni seviyorum, Adriana, diye d\u00fc\u015f\u00fcn\u00fcyorum ve tarih bu, b\u00fcy\u00fck sonu\u00e7lar var; yar\u0131n \u00e7arp\u0131\u015fmada, bu gece Seni seviyorum, Adriana, diye d\u00fc\u015f\u00fcnm\u00fc\u015f bir adam olarak hareket edece\u011fim ben. Belki \u00f6nemli \u015feyler yapmayaca\u011f\u0131m, ama tarih ads\u0131z k\u00fc\u00e7\u00fck jestlerden olu\u015fur; belki de yar\u0131n, hatta belki de o Almandan \u00f6nce \u00f6lece\u011fim, ama \u00f6lmeden \u00f6nce yapaca\u011f\u0131m her\u015fey \u00f6l\u00fcm\u00fcm de, tarihin k\u00fc\u00e7\u00fck bir par\u00e7as\u0131 olacak ve \u015fu an akl\u0131mdan ge\u00e7en b\u00fct\u00fcn d\u00fc\u015f\u00fcnceler, yar\u0131nki tarihimi, insanl\u0131\u011f\u0131n yar\u0131nki tarihi etkileyecek. <\/p>\n","protected":false},"excerpt":{"rendered":"<p>Gerek yazar olman\u0131n gerek okur olman\u0131n profilini de\u011fi\u015ftiren, \u0130talyan edebiyat\u0131n\u0131n b\u00fcy\u00fck ustas\u0131 Italo Calvino&#8217;nun ilk kitab\u0131 \u00d6r\u00fcmceklerin Yuvaland\u0131\u011f\u0131 Patika, \u0130talya&#8217;da yay\u0131mlan\u0131\u015f\u0131ndan 60 y\u0131l sonra ilk kez<span class=\"excerpt-hellip\"> [\u2026]<\/span><\/p>\n","protected":false},"featured_media":0,"template":"","meta":{"_monsterinsights_skip_tracking":false,"_monsterinsights_sitenote_active":false,"_monsterinsights_sitenote_note":"","_monsterinsights_sitenote_category":0},"product_brand":[],"product_cat":[12291,14218],"product_tag":[],"class_list":{"0":"post-694150","1":"product","2":"type-product","3":"status-publish","5":"product_cat-edebiyat","6":"product_cat-italyan-edebiyati","7":"pa_cilt-ciltsiz","8":"pa_tur-kitap","9":"pa_yayinevi-yapi-kredi-yayinlari","10":"pa_yazar-italo-calvino","12":"first","13":"instock","14":"sale","15":"shipping-taxable","16":"purchasable","17":"product-type-simple"},"_links":{"self":[{"href":"https:\/\/roveyayinevi.com.tr\/index.php\/wp-json\/wp\/v2\/product\/694150","targetHints":{"allow":["GET"]}}],"collection":[{"href":"https:\/\/roveyayinevi.com.tr\/index.php\/wp-json\/wp\/v2\/product"}],"about":[{"href":"https:\/\/roveyayinevi.com.tr\/index.php\/wp-json\/wp\/v2\/types\/product"}],"wp:attachment":[{"href":"https:\/\/roveyayinevi.com.tr\/index.php\/wp-json\/wp\/v2\/media?parent=694150"}],"wp:term":[{"taxonomy":"product_brand","embeddable":true,"href":"https:\/\/roveyayinevi.com.tr\/index.php\/wp-json\/wp\/v2\/product_brand?post=694150"},{"taxonomy":"product_cat","embeddable":true,"href":"https:\/\/roveyayinevi.com.tr\/index.php\/wp-json\/wp\/v2\/product_cat?post=694150"},{"taxonomy":"product_tag","embeddable":true,"href":"https:\/\/roveyayinevi.com.tr\/index.php\/wp-json\/wp\/v2\/product_tag?post=694150"}],"curies":[{"name":"wp","href":"https:\/\/api.w.org\/{rel}","templated":true}]}}