{"id":694148,"date":"2025-08-27T14:19:07","date_gmt":"2025-08-27T11:19:07","guid":{"rendered":"https:\/\/roveyayinevi.com.tr\/index.php\/urun\/migren\/"},"modified":"2026-04-16T02:03:58","modified_gmt":"2026-04-15T23:03:58","slug":"migren","status":"publish","type":"product","link":"https:\/\/roveyayinevi.com.tr\/index.php\/urun\/migren\/","title":{"rendered":"Migren"},"content":{"rendered":"<p>Migren,tarihinin ba\u015flang\u0131c\u0131ndan beri bilinen ve en az iki bin y\u0131ldan beri tan\u0131mlanan bir hastal\u0131k. Doktorlar ve migren uzmanlar\u0131 migrenin ortaya \u00e7\u0131k\u0131\u015f bi\u00e7imlerini, \u00f6zellikle de n\u00f6bet \u00f6ncesinde belirlenen ve hal\u00fcsinojenlerin etkilerini and\u0131ran g\u00f6rsel sanr\u0131 ya da auralar\u0131 y\u00fczy\u0131llard\u0131r hayretle incelemelerine ra\u011fmen, hakk\u0131nda az \u015fey biliyorlar. Doktor Oliver Sacks Migren&#8217;de bu sanr\u0131lar\u0131 ve beynin i\u015fleyi\u015fine dair ortaya koyduklar\u0131 ger\u00e7ekleri, kaos teorisi ve siinsel uyar\u0131m konusundaki son geli\u015fmeleri de kullanarak a\u00e7\u0131kl\u0131yor. Tuhaf bir cazibe merkezi gibi davran\u0131p sinir sistemini bir karga\u015fa i\u00e7ine \u00e7eken migren \u00fczerinden, sinir sisteminin organizasyonuna oldu\u011fu kadar, do\u011fan\u0131n \u00f6z-\u00f6rg\u00fctl\u00fc sistemlerine de bir bak\u0131\u015f sunuyor. Bunlar\u0131n \u00f6tesinde, Sacks, farkl\u0131 migren t\u00fcrleri ile n\u00f6betlerin tetikleyicileri \u00fczerinde duruyor ve migrenin bireylerin hayat\u0131nda oynad\u0131\u011f\u0131 \u00f6nemli rolleri g\u00f6steriyor. \ufffcTan\u0131t\u0131m Metni<\/p>\n","protected":false},"excerpt":{"rendered":"<p>Migren,tarihinin ba\u015flang\u0131c\u0131ndan beri bilinen ve en az iki bin y\u0131ldan beri tan\u0131mlanan bir hastal\u0131k. Doktorlar ve migren uzmanlar\u0131 migrenin ortaya \u00e7\u0131k\u0131\u015f bi\u00e7imlerini, \u00f6zellikle de n\u00f6bet \u00f6ncesinde<span class=\"excerpt-hellip\"> [\u2026]<\/span><\/p>\n","protected":false},"featured_media":0,"template":"","meta":{"_monsterinsights_skip_tracking":false,"_monsterinsights_sitenote_active":false,"_monsterinsights_sitenote_note":"","_monsterinsights_sitenote_category":0},"product_brand":[],"product_cat":[12291,12711],"product_tag":[],"class_list":{"0":"post-694148","1":"product","2":"type-product","3":"status-publish","5":"product_cat-edebiyat","6":"product_cat-roman-oyku","7":"pa_cilt-ciltsiz","8":"pa_tur-kitap","9":"pa_yayinevi-yapi-kredi-yayinlari","10":"pa_yazar-oliver-sacks","12":"first","13":"instock","14":"sale","15":"shipping-taxable","16":"purchasable","17":"product-type-simple"},"_links":{"self":[{"href":"https:\/\/roveyayinevi.com.tr\/index.php\/wp-json\/wp\/v2\/product\/694148","targetHints":{"allow":["GET"]}}],"collection":[{"href":"https:\/\/roveyayinevi.com.tr\/index.php\/wp-json\/wp\/v2\/product"}],"about":[{"href":"https:\/\/roveyayinevi.com.tr\/index.php\/wp-json\/wp\/v2\/types\/product"}],"wp:attachment":[{"href":"https:\/\/roveyayinevi.com.tr\/index.php\/wp-json\/wp\/v2\/media?parent=694148"}],"wp:term":[{"taxonomy":"product_brand","embeddable":true,"href":"https:\/\/roveyayinevi.com.tr\/index.php\/wp-json\/wp\/v2\/product_brand?post=694148"},{"taxonomy":"product_cat","embeddable":true,"href":"https:\/\/roveyayinevi.com.tr\/index.php\/wp-json\/wp\/v2\/product_cat?post=694148"},{"taxonomy":"product_tag","embeddable":true,"href":"https:\/\/roveyayinevi.com.tr\/index.php\/wp-json\/wp\/v2\/product_tag?post=694148"}],"curies":[{"name":"wp","href":"https:\/\/api.w.org\/{rel}","templated":true}]}}