{"id":694147,"date":"2025-08-27T14:19:07","date_gmt":"2025-08-27T11:19:07","guid":{"rendered":"https:\/\/roveyayinevi.com.tr\/index.php\/urun\/meraklisina-evren-ogrenmenin-yasi-yok-2\/"},"modified":"2026-04-16T02:03:58","modified_gmt":"2026-04-15T23:03:58","slug":"meraklisina-evren-ogrenmenin-yasi-yok-2","status":"publish","type":"product","link":"https:\/\/roveyayinevi.com.tr\/index.php\/urun\/meraklisina-evren-ogrenmenin-yasi-yok-2\/","title":{"rendered":"Merakl\u0131s\u0131na Evren &#8211; \u00d6\u011frenmenin Ya\u015f\u0131 Yok 2"},"content":{"rendered":"<p>D\u00fcnyaca \u00fcnl\u00fc astrofizik\u00e7i Hubert Reeves, Merakl\u0131s\u0131na Evren adl\u0131 bu kitapta evreni b\u00fct\u00fcn y\u00f6nleriyle anlat\u0131yor. Reeves&#8217;in torunu, evren hakk\u0131nda biriktirdi\u011fi sorunlar\u0131n\u0131 dedesine soruyor ve astrofizik\u00e7i de bu sorulara a\u00e7\u0131k, anla\u015f\u0131l\u0131r yan\u0131tlar veriyor. Evren hakk\u0131nda bilgilenmek isteyen her ya\u015ftan merakl\u0131lara! <\/p>\n","protected":false},"excerpt":{"rendered":"<p>D\u00fcnyaca \u00fcnl\u00fc astrofizik\u00e7i Hubert Reeves, Merakl\u0131s\u0131na Evren adl\u0131 bu kitapta evreni b\u00fct\u00fcn y\u00f6nleriyle anlat\u0131yor. Reeves&#8217;in torunu, evren hakk\u0131nda biriktirdi\u011fi sorunlar\u0131n\u0131 dedesine soruyor ve astrofizik\u00e7i de bu<span class=\"excerpt-hellip\"> [\u2026]<\/span><\/p>\n","protected":false},"featured_media":0,"template":"","meta":{"_monsterinsights_skip_tracking":false,"_monsterinsights_sitenote_active":false,"_monsterinsights_sitenote_note":"","_monsterinsights_sitenote_category":0},"product_brand":[],"product_cat":[13829,12274],"product_tag":[],"class_list":{"0":"post-694147","1":"product","2":"type-product","3":"status-publish","5":"product_cat-bilimsel-kitaplar","6":"product_cat-cocuk-ve-genclik-kitaplari","7":"pa_cilt-ciltsiz","8":"pa_tur-kitap","9":"pa_yayinevi-yapi-kredi-yayinlari","10":"pa_yazar-hubert-reeves","12":"first","13":"instock","14":"sale","15":"shipping-taxable","16":"purchasable","17":"product-type-simple"},"_links":{"self":[{"href":"https:\/\/roveyayinevi.com.tr\/index.php\/wp-json\/wp\/v2\/product\/694147","targetHints":{"allow":["GET"]}}],"collection":[{"href":"https:\/\/roveyayinevi.com.tr\/index.php\/wp-json\/wp\/v2\/product"}],"about":[{"href":"https:\/\/roveyayinevi.com.tr\/index.php\/wp-json\/wp\/v2\/types\/product"}],"wp:attachment":[{"href":"https:\/\/roveyayinevi.com.tr\/index.php\/wp-json\/wp\/v2\/media?parent=694147"}],"wp:term":[{"taxonomy":"product_brand","embeddable":true,"href":"https:\/\/roveyayinevi.com.tr\/index.php\/wp-json\/wp\/v2\/product_brand?post=694147"},{"taxonomy":"product_cat","embeddable":true,"href":"https:\/\/roveyayinevi.com.tr\/index.php\/wp-json\/wp\/v2\/product_cat?post=694147"},{"taxonomy":"product_tag","embeddable":true,"href":"https:\/\/roveyayinevi.com.tr\/index.php\/wp-json\/wp\/v2\/product_tag?post=694147"}],"curies":[{"name":"wp","href":"https:\/\/api.w.org\/{rel}","templated":true}]}}