{"id":694145,"date":"2025-08-27T14:19:06","date_gmt":"2025-08-27T11:19:06","guid":{"rendered":"https:\/\/roveyayinevi.com.tr\/index.php\/urun\/huzunlu-donenceler\/"},"modified":"2026-02-03T02:05:54","modified_gmt":"2026-02-02T23:05:54","slug":"huzunlu-donenceler","status":"publish","type":"product","link":"https:\/\/roveyayinevi.com.tr\/index.php\/urun\/huzunlu-donenceler\/","title":{"rendered":"H\u00fcz\u00fcnl\u00fc D\u00f6nenceler"},"content":{"rendered":"<p>Saussure&#8217;\u00fcn &#8220;Genel Dilbilim Dersleri&#8221;, Freud&#8217;un &#8220;D\u00fc\u015flerinin Yorumu&#8221;, Wittgenstein&#8217;\u0131n &#8220;Tractatus&#8221;u y\u00fczy\u0131l\u0131n d\u00fc\u015f\u00fcnce ya\u015fam\u0131nda ne oranda \u00f6nem ta\u015f\u0131yorsa, Claude Levi-Strauss&#8217;un &#8220;H\u00fcz\u00fcnl\u00fc D\u00f6nenceler&#8221;i de o oranda \u00f6nem ta\u015f\u0131r. Antropolojinin bu \u00e7a\u011fda\u015f klasi\u011fi ilk kez dilimize kazand\u0131r\u0131l\u0131yor.Levi-Strauss \u00f6nc\u00fc bir bilim adam\u0131 olmas\u0131n\u0131n \u00f6tesinde, dili kullan\u0131\u015f\u0131ndaki ustal\u0131\u011f\u0131, Avrupa-merkezlili\u011fi a\u015fan bak\u0131\u015f\u0131 ve lirik denilebilecek \u00fcslubuyla neredeyse Proust&#8217;la boy \u00f6l\u00e7\u00fc\u015fen bir &#8220;yazar&#8221; kimli\u011fiyle kar\u015f\u0131m\u0131za \u00e7\u0131k\u0131yor.Soru \u015fu: \u0130lk-el olan ile post-modern olan aras\u0131 &#8220;biz&#8221; hangi d\u00f6nencedeyiz? <\/p>\n","protected":false},"excerpt":{"rendered":"<p>Saussure&#8217;\u00fcn &#8220;Genel Dilbilim Dersleri&#8221;, Freud&#8217;un &#8220;D\u00fc\u015flerinin Yorumu&#8221;, Wittgenstein&#8217;\u0131n &#8220;Tractatus&#8221;u y\u00fczy\u0131l\u0131n d\u00fc\u015f\u00fcnce ya\u015fam\u0131nda ne oranda \u00f6nem ta\u015f\u0131yorsa, Claude Levi-Strauss&#8217;un &#8220;H\u00fcz\u00fcnl\u00fc D\u00f6nenceler&#8221;i de o oranda \u00f6nem ta\u015f\u0131r. Antropolojinin<span class=\"excerpt-hellip\"> [\u2026]<\/span><\/p>\n","protected":false},"featured_media":0,"template":"","meta":{"_monsterinsights_skip_tracking":false,"_monsterinsights_sitenote_active":false,"_monsterinsights_sitenote_note":"","_monsterinsights_sitenote_category":0},"product_brand":[],"product_cat":[12312,12304],"product_tag":[],"class_list":{"0":"post-694145","1":"product","2":"type-product","3":"status-publish","5":"product_cat-diger","6":"product_cat-tarih","7":"pa_cilt-ciltsiz","8":"pa_tur-kitap","9":"pa_yayinevi-yapi-kredi-yayinlari","10":"pa_yazar-claude-levi-strauss","12":"first","13":"instock","14":"sale","15":"shipping-taxable","16":"purchasable","17":"product-type-simple"},"_links":{"self":[{"href":"https:\/\/roveyayinevi.com.tr\/index.php\/wp-json\/wp\/v2\/product\/694145","targetHints":{"allow":["GET"]}}],"collection":[{"href":"https:\/\/roveyayinevi.com.tr\/index.php\/wp-json\/wp\/v2\/product"}],"about":[{"href":"https:\/\/roveyayinevi.com.tr\/index.php\/wp-json\/wp\/v2\/types\/product"}],"wp:attachment":[{"href":"https:\/\/roveyayinevi.com.tr\/index.php\/wp-json\/wp\/v2\/media?parent=694145"}],"wp:term":[{"taxonomy":"product_brand","embeddable":true,"href":"https:\/\/roveyayinevi.com.tr\/index.php\/wp-json\/wp\/v2\/product_brand?post=694145"},{"taxonomy":"product_cat","embeddable":true,"href":"https:\/\/roveyayinevi.com.tr\/index.php\/wp-json\/wp\/v2\/product_cat?post=694145"},{"taxonomy":"product_tag","embeddable":true,"href":"https:\/\/roveyayinevi.com.tr\/index.php\/wp-json\/wp\/v2\/product_tag?post=694145"}],"curies":[{"name":"wp","href":"https:\/\/api.w.org\/{rel}","templated":true}]}}