{"id":694142,"date":"2025-08-27T14:19:06","date_gmt":"2025-08-27T11:19:06","guid":{"rendered":"https:\/\/roveyayinevi.com.tr\/index.php\/urun\/ofke\/"},"modified":"2026-04-16T02:03:58","modified_gmt":"2026-04-15T23:03:58","slug":"ofke","status":"publish","type":"product","link":"https:\/\/roveyayinevi.com.tr\/index.php\/urun\/ofke\/","title":{"rendered":"\u00d6fke"},"content":{"rendered":"<p>1951. Kore Sava\u015f\u0131&#8217;n\u0131n ikinci y\u0131l\u0131. \u00c7al\u0131\u015fkan, ittatkar, duygusal bir delikanl\u0131 olan Marcus Messner, ailesinin tek \u00e7ocu\u011fudur. \u00d6n\u00fcnde parlak bir gelecek uzanan bu gen\u00e7 Yahudi, ko\u015fer bir mahalle kasab\u0131 i\u015fleten hali selim bir adam\u0131n o\u011fludur. Her k\u00f6\u015fede sevgili o\u011flunu bekledi\u011fini d\u00fc\u015f\u00fcnd\u00fc\u011f\u00fc tehlikeler y\u00fcz\u00fcnden \u00e7\u0131lg\u0131na d\u00f6nen babas\u0131n\u0131n bask\u0131s\u0131ndan ka\u00e7mak i\u00e7in ailesinin ya\u015fad\u0131\u011f\u0131 New Jersey&#8217;den uzakta bir ta\u015fra \u00fcniversitesini tercih eder. Ohio&#8217;daki Winesburg \u00dcnivesitesi&#8217;nde daha \u00f6nce hi\u00e7 kar\u0131\u015fla\u015fmad\u0131\u011f\u0131 t\u00fcrden akranlar\u0131n\u0131n, tuhaf oda arkada\u015fl\u0131klar\u0131n\u0131n, her hareketini g\u00f6zlemleyen \u00f6\u011fretmenlerin, \u00f6\u011frenci birliklerinin, sa\u00e7ma okul geleneklerinin ve zorunlu \u015fapel ziyaretlerinin d\u00fcnyas\u0131yla tan\u0131\u015fan Marcus&#8217;u en \u00e7ok heyecanland\u0131ran, kendisi gibi arzular\u0131 olan gen\u00e7 bir kad\u0131nd\u0131r. Philip Roth, b\u00fcy\u00fck \u00f6vg\u00fc toplayan yirmi dokuzuncu roman\u0131 \u00d6fke&#8217;de, 50&#8217;li y\u0131llar\u0131n g\u00fcn\u00fcm\u00fcze bile ula\u015fan adab\u0131mua\u015feret kurallar\u0131 aras\u0131nda bo\u011fulan insan ruhunu, bask\u0131n\u0131n a\u011f\u0131rl\u0131\u011f\u0131 alt\u0131nda ezilen arzuyu ve belle\u011fin ac\u0131mas\u0131zca tutsak edebilme g\u00fcc\u00fcn\u00fc anlat\u0131rken, d\u00fczenin gen\u00e7 insanlar\u0131 nas\u0131l hoyrat\u00e7a ve hor kulland\u0131\u011f\u0131n\u0131 birkez daha hat\u0131rlat\u0131yor. <\/p>\n","protected":false},"excerpt":{"rendered":"<p>1951. Kore Sava\u015f\u0131&#8217;n\u0131n ikinci y\u0131l\u0131. \u00c7al\u0131\u015fkan, ittatkar, duygusal bir delikanl\u0131 olan Marcus Messner, ailesinin tek \u00e7ocu\u011fudur. \u00d6n\u00fcnde parlak bir gelecek uzanan bu gen\u00e7 Yahudi, ko\u015fer bir<span class=\"excerpt-hellip\"> [\u2026]<\/span><\/p>\n","protected":false},"featured_media":0,"template":"","meta":{"_monsterinsights_skip_tracking":false,"_monsterinsights_sitenote_active":false,"_monsterinsights_sitenote_note":"","_monsterinsights_sitenote_category":0},"product_brand":[],"product_cat":[12891,12291],"product_tag":[],"class_list":{"0":"post-694142","1":"product","2":"type-product","3":"status-publish","5":"product_cat-amerikan-edebiyati","6":"product_cat-edebiyat","7":"pa_cilt-ciltsiz","8":"pa_tur-kitap","9":"pa_yayinevi-yapi-kredi-yayinlari","10":"pa_yazar-philip-roth","12":"first","13":"instock","14":"sale","15":"shipping-taxable","16":"purchasable","17":"product-type-simple"},"_links":{"self":[{"href":"https:\/\/roveyayinevi.com.tr\/index.php\/wp-json\/wp\/v2\/product\/694142","targetHints":{"allow":["GET"]}}],"collection":[{"href":"https:\/\/roveyayinevi.com.tr\/index.php\/wp-json\/wp\/v2\/product"}],"about":[{"href":"https:\/\/roveyayinevi.com.tr\/index.php\/wp-json\/wp\/v2\/types\/product"}],"wp:attachment":[{"href":"https:\/\/roveyayinevi.com.tr\/index.php\/wp-json\/wp\/v2\/media?parent=694142"}],"wp:term":[{"taxonomy":"product_brand","embeddable":true,"href":"https:\/\/roveyayinevi.com.tr\/index.php\/wp-json\/wp\/v2\/product_brand?post=694142"},{"taxonomy":"product_cat","embeddable":true,"href":"https:\/\/roveyayinevi.com.tr\/index.php\/wp-json\/wp\/v2\/product_cat?post=694142"},{"taxonomy":"product_tag","embeddable":true,"href":"https:\/\/roveyayinevi.com.tr\/index.php\/wp-json\/wp\/v2\/product_tag?post=694142"}],"curies":[{"name":"wp","href":"https:\/\/api.w.org\/{rel}","templated":true}]}}