{"id":694141,"date":"2025-08-27T14:19:05","date_gmt":"2025-08-27T11:19:05","guid":{"rendered":"https:\/\/roveyayinevi.com.tr\/index.php\/urun\/omer-seyfettin-ulkucu-bir-yazarin-romani\/"},"modified":"2026-04-16T02:03:58","modified_gmt":"2026-04-15T23:03:58","slug":"omer-seyfettin-ulkucu-bir-yazarin-romani","status":"publish","type":"product","link":"https:\/\/roveyayinevi.com.tr\/index.php\/urun\/omer-seyfettin-ulkucu-bir-yazarin-romani\/","title":{"rendered":"\u00d6mer Seyfettin : \u00dclk\u00fcc\u00fc Bir Yazar\u0131n Roman\u0131"},"content":{"rendered":"<p>Tahir Alangu \u00d6mer Seyfettin&#8217;in eserinde a\u00e7\u0131lan bir kap\u0131 olarak niteledi\u011fi bu \u00e7al\u0131\u015fmas\u0131nda eserlerine her \u015feyden \u00f6nce hayat\u0131n\u0131 ve \u00e7at\u0131\u015fmalar\u0131n\u0131 koyan bir yazar\u0131n hikayesini anlat\u0131yor. Hayat\u0131n\u0131n bir imparatorlu\u011fun y\u0131k\u0131l\u0131\u015f\u0131 ile s\u00fcr\u00fcklenip giden, olaylar\u0131n nabz\u0131n\u0131n att\u0131\u011f\u0131 yerlerde \u00e7\u0131rp\u0131nan b\u00fcy\u00fckl\u00fc\u011f\u00fcn\u00fc, ruh ve d\u00fc\u015f\u00fcnce evremendeki \u00e7\u0131kmazlar\u0131, be\u015feri ve zay\u0131f yanlar\u0131 ile y\u00fccelen y\u00f6nlerini, son g\u00fcnlerinde gittik\u00e7e a\u011f\u0131rla\u015f\u0131p ac\u0131la\u015fan hayat dram\u0131n\u0131, \u00e7a\u011f\u0131n\u0131n politik ve sosyal \u015fartlar\u0131 ve evremi i\u00e7inde yans\u0131t\u0131yor. <\/p>\n","protected":false},"excerpt":{"rendered":"<p>Tahir Alangu \u00d6mer Seyfettin&#8217;in eserinde a\u00e7\u0131lan bir kap\u0131 olarak niteledi\u011fi bu \u00e7al\u0131\u015fmas\u0131nda eserlerine her \u015feyden \u00f6nce hayat\u0131n\u0131 ve \u00e7at\u0131\u015fmalar\u0131n\u0131 koyan bir yazar\u0131n hikayesini anlat\u0131yor. Hayat\u0131n\u0131n bir<span class=\"excerpt-hellip\"> [\u2026]<\/span><\/p>\n","protected":false},"featured_media":0,"template":"","meta":{"_monsterinsights_skip_tracking":false,"_monsterinsights_sitenote_active":false,"_monsterinsights_sitenote_note":"","_monsterinsights_sitenote_category":0},"product_brand":[],"product_cat":[14009,12291],"product_tag":[],"class_list":{"0":"post-694141","1":"product","2":"type-product","3":"status-publish","5":"product_cat-biyografi-otobiyografi-edebiyat","6":"product_cat-edebiyat","7":"pa_cilt-ciltsiz","8":"pa_tur-kitap","9":"pa_yayinevi-yapi-kredi-yayinlari","10":"pa_yazar-tahir-alangu","12":"first","13":"instock","14":"sale","15":"shipping-taxable","16":"purchasable","17":"product-type-simple"},"_links":{"self":[{"href":"https:\/\/roveyayinevi.com.tr\/index.php\/wp-json\/wp\/v2\/product\/694141","targetHints":{"allow":["GET"]}}],"collection":[{"href":"https:\/\/roveyayinevi.com.tr\/index.php\/wp-json\/wp\/v2\/product"}],"about":[{"href":"https:\/\/roveyayinevi.com.tr\/index.php\/wp-json\/wp\/v2\/types\/product"}],"wp:attachment":[{"href":"https:\/\/roveyayinevi.com.tr\/index.php\/wp-json\/wp\/v2\/media?parent=694141"}],"wp:term":[{"taxonomy":"product_brand","embeddable":true,"href":"https:\/\/roveyayinevi.com.tr\/index.php\/wp-json\/wp\/v2\/product_brand?post=694141"},{"taxonomy":"product_cat","embeddable":true,"href":"https:\/\/roveyayinevi.com.tr\/index.php\/wp-json\/wp\/v2\/product_cat?post=694141"},{"taxonomy":"product_tag","embeddable":true,"href":"https:\/\/roveyayinevi.com.tr\/index.php\/wp-json\/wp\/v2\/product_tag?post=694141"}],"curies":[{"name":"wp","href":"https:\/\/api.w.org\/{rel}","templated":true}]}}