{"id":694140,"date":"2025-08-27T14:19:05","date_gmt":"2025-08-27T11:19:05","guid":{"rendered":"https:\/\/roveyayinevi.com.tr\/index.php\/urun\/oldurmeyeceksin-secme-denemeler\/"},"modified":"2026-04-16T02:03:58","modified_gmt":"2026-04-15T23:03:58","slug":"oldurmeyeceksin-secme-denemeler","status":"publish","type":"product","link":"https:\/\/roveyayinevi.com.tr\/index.php\/urun\/oldurmeyeceksin-secme-denemeler\/","title":{"rendered":"\u00d6ld\u00fcrmeyeceksin &#8211; Se\u00e7me Denemeler"},"content":{"rendered":"<p>Yap\u0131t\u0131nda, ya\u015fam\u0131n b\u00fcy\u00fck kar\u015f\u0131tl\u0131klar\u0131n\u0131 birbirine yakla\u015ft\u0131rma \u00f6zlemiyle sanat yerine d\u00fc\u015f\u00fcnceye ba\u015fvuran Hermann Hesse, d\u00fcnyan\u0131n ve evrenin kutupla\u015fmay\u0131 a\u015farak ula\u015faca\u011f\u0131 birli\u011fi kendisi i\u00e7in en kutsal hakikat sayar.   \u00d6LD\u00dcRMEYECEKS\u0130N\u2019de bir araya gelen denemeler; Hermann Hesse\u2019nin yirmili ya\u015flar\u0131ndan olgunluk d\u00f6nemine uzanan yaz\u0131 ser\u00fcveninde edebiyat, dil, yazma eylemi, okuma eylemi ve okurluk, teoloji, inan\u00e7, hayaller, eylemlilik, ilerleme, sava\u015f ve bar\u0131\u015f, sanat\u00e7\u0131 ve psikanaliz, ya\u015fl\u0131l\u0131k, bilgelik kavramlar\u0131 ve temalar\u0131 oda\u011f\u0131nda d\u00fc\u015f\u00fcncelerinin bir panoramas\u0131 niteli\u011finde.     Hesse\u2019den se\u00e7me denemeler, ses ve imge bombard\u0131man\u0131 alt\u0131nda ya\u015fad\u0131\u011f\u0131m\u0131z \u00e7a\u011fda d\u00fc\u015f\u00fcnceleri sadele\u015ftirmek i\u00e7in iyi bir ad\u0131m.     Onun, sahip oldu\u011fumuz insan akl\u0131n\u0131n sava\u015f ve yok etmeye de\u011fil bar\u0131\u015fa ve uzla\u015fmaya daha uygun oldu\u011funa ili\u015fkin inanc\u0131n\u0131 payla\u015f\u0131yorum; insan ya\u015fam\u0131n\u0131n \u00e7e\u015fitlili\u011fi hakk\u0131ndaki tavr\u0131n\u0131 da benimsiyorum. Dalai Lama   Gen\u00e7li\u011fimden itibaren beni yo\u011fun bi\u00e7imde etkiledi. G\u00fcc\u00fc, enerjisi ve canl\u0131l\u0131\u011f\u0131 benim i\u00e7in hep \u00f6rnek oldu. Patti Smith   Bir \u015fey do\u011fru ise kar\u015f\u0131t\u0131n\u0131n da do\u011fru olabilmesi gerekir. \u00c7\u00fcnk\u00fc her do\u011fru belli bir kutuptan d\u00fcnyaya bakarken ba\u015fvurulan k\u0131sa bir form\u00fcld\u00fcr, bir kutbun varl\u0131\u011f\u0131 da kar\u015f\u0131t\u0131 olmadan d\u00fc\u015f\u00fcn\u00fclemez. Hermann Hesse <\/p>\n","protected":false},"excerpt":{"rendered":"<p>Yap\u0131t\u0131nda, ya\u015fam\u0131n b\u00fcy\u00fck kar\u015f\u0131tl\u0131klar\u0131n\u0131 birbirine yakla\u015ft\u0131rma \u00f6zlemiyle sanat yerine d\u00fc\u015f\u00fcnceye ba\u015fvuran Hermann Hesse, d\u00fcnyan\u0131n ve evrenin kutupla\u015fmay\u0131 a\u015farak ula\u015faca\u011f\u0131 birli\u011fi kendisi i\u00e7in en kutsal hakikat sayar.<span class=\"excerpt-hellip\"> [\u2026]<\/span><\/p>\n","protected":false},"featured_media":0,"template":"","meta":{"_monsterinsights_skip_tracking":false,"_monsterinsights_sitenote_active":false,"_monsterinsights_sitenote_note":"","_monsterinsights_sitenote_category":0},"product_brand":[],"product_cat":[12777,12291],"product_tag":[],"class_list":{"0":"post-694140","1":"product","2":"type-product","3":"status-publish","5":"product_cat-deneme","6":"product_cat-edebiyat","7":"pa_cilt-ciltsiz","8":"pa_tur-kitap","9":"pa_yayinevi-yapi-kredi-yayinlari","10":"pa_yazar-hermann-hesse","12":"first","13":"instock","14":"sale","15":"shipping-taxable","16":"purchasable","17":"product-type-simple"},"_links":{"self":[{"href":"https:\/\/roveyayinevi.com.tr\/index.php\/wp-json\/wp\/v2\/product\/694140","targetHints":{"allow":["GET"]}}],"collection":[{"href":"https:\/\/roveyayinevi.com.tr\/index.php\/wp-json\/wp\/v2\/product"}],"about":[{"href":"https:\/\/roveyayinevi.com.tr\/index.php\/wp-json\/wp\/v2\/types\/product"}],"wp:attachment":[{"href":"https:\/\/roveyayinevi.com.tr\/index.php\/wp-json\/wp\/v2\/media?parent=694140"}],"wp:term":[{"taxonomy":"product_brand","embeddable":true,"href":"https:\/\/roveyayinevi.com.tr\/index.php\/wp-json\/wp\/v2\/product_brand?post=694140"},{"taxonomy":"product_cat","embeddable":true,"href":"https:\/\/roveyayinevi.com.tr\/index.php\/wp-json\/wp\/v2\/product_cat?post=694140"},{"taxonomy":"product_tag","embeddable":true,"href":"https:\/\/roveyayinevi.com.tr\/index.php\/wp-json\/wp\/v2\/product_tag?post=694140"}],"curies":[{"name":"wp","href":"https:\/\/api.w.org\/{rel}","templated":true}]}}