{"id":694139,"date":"2025-08-27T14:19:05","date_gmt":"2025-08-27T11:19:05","guid":{"rendered":"https:\/\/roveyayinevi.com.tr\/index.php\/urun\/osmanli-turk-anayasal-gelismeleri\/"},"modified":"2026-04-16T02:03:58","modified_gmt":"2026-04-15T23:03:58","slug":"osmanli-turk-anayasal-gelismeleri","status":"publish","type":"product","link":"https:\/\/roveyayinevi.com.tr\/index.php\/urun\/osmanli-turk-anayasal-gelismeleri\/","title":{"rendered":"Osmanl\u0131 &#8211; T\u00fcrk Anayasal Geli\u015fmeleri"},"content":{"rendered":"<p>Bat\u0131 k\u00f6kenli olan &#8220;anayasa&#8221; ve &#8220;anayasac\u0131l\u0131k&#8221; hareketlerinde 18. y\u00fczy\u0131l sonlar\u0131na gelindi\u011finde hemen hemen b\u00fct\u00fcn Avrupa, yerel meclisler gelene\u011finden ulusal parlamentolara ge\u00e7i\u015f s\u00fcrecine girmi\u015fti. \u00d6z\u00fcnde liberal ve demokratik de\u011fi\u015fimlerin g\u00fcvenceye ba\u011flanmas\u0131n\u0131 i\u00e7eren bu k\u00f6kl\u00fc d\u00f6n\u00fc\u015f\u00fcmlerde, belirleyici rol\u00fc feodal-aristokratik kurumlara kar\u015f\u0131 iktidar m\u00fcc\u00fcdelesi veren burjuvaziler oynad\u0131. Elinizdeki kitap, &#8220;\u00c7okuluslu Osmanl\u0131 \u0130mparatorlu\u011fu&#8221;ndan yola \u00e7\u0131karak &#8220;T\u00fcrkiye&#8217;de Ulusal Devletin Kurulu\u015fu&#8221; ve &#8220;\u00c7ok Partili Rejim&#8221; ba\u015fl\u0131klar\u0131 alt\u0131nda anayasal de\u011fi\u015fme sorunlar\u0131na \u0131\u015f\u0131k tutmaya \u00e7al\u0131\u015f\u0131yor. \ufffcTan\u0131t\u0131m Metni<\/p>\n","protected":false},"excerpt":{"rendered":"<p>Bat\u0131 k\u00f6kenli olan &#8220;anayasa&#8221; ve &#8220;anayasac\u0131l\u0131k&#8221; hareketlerinde 18. y\u00fczy\u0131l sonlar\u0131na gelindi\u011finde hemen hemen b\u00fct\u00fcn Avrupa, yerel meclisler gelene\u011finden ulusal parlamentolara ge\u00e7i\u015f s\u00fcrecine girmi\u015fti. \u00d6z\u00fcnde liberal ve<span class=\"excerpt-hellip\"> [\u2026]<\/span><\/p>\n","protected":false},"featured_media":0,"template":"","meta":{"_monsterinsights_skip_tracking":false,"_monsterinsights_sitenote_active":false,"_monsterinsights_sitenote_note":"","_monsterinsights_sitenote_category":0},"product_brand":[],"product_cat":[13517,12304],"product_tag":[],"class_list":{"0":"post-694139","1":"product","2":"type-product","3":"status-publish","5":"product_cat-osmanli-tarihi","6":"product_cat-tarih","7":"pa_cilt-ciltsiz","8":"pa_tur-kitap","9":"pa_yayinevi-yapi-kredi-yayinlari","10":"pa_yazar-bulent-tanor","12":"first","13":"instock","14":"sale","15":"shipping-taxable","16":"purchasable","17":"product-type-simple"},"_links":{"self":[{"href":"https:\/\/roveyayinevi.com.tr\/index.php\/wp-json\/wp\/v2\/product\/694139","targetHints":{"allow":["GET"]}}],"collection":[{"href":"https:\/\/roveyayinevi.com.tr\/index.php\/wp-json\/wp\/v2\/product"}],"about":[{"href":"https:\/\/roveyayinevi.com.tr\/index.php\/wp-json\/wp\/v2\/types\/product"}],"wp:attachment":[{"href":"https:\/\/roveyayinevi.com.tr\/index.php\/wp-json\/wp\/v2\/media?parent=694139"}],"wp:term":[{"taxonomy":"product_brand","embeddable":true,"href":"https:\/\/roveyayinevi.com.tr\/index.php\/wp-json\/wp\/v2\/product_brand?post=694139"},{"taxonomy":"product_cat","embeddable":true,"href":"https:\/\/roveyayinevi.com.tr\/index.php\/wp-json\/wp\/v2\/product_cat?post=694139"},{"taxonomy":"product_tag","embeddable":true,"href":"https:\/\/roveyayinevi.com.tr\/index.php\/wp-json\/wp\/v2\/product_tag?post=694139"}],"curies":[{"name":"wp","href":"https:\/\/api.w.org\/{rel}","templated":true}]}}