{"id":694127,"date":"2025-08-27T14:19:02","date_gmt":"2025-08-27T11:19:02","guid":{"rendered":"https:\/\/roveyayinevi.com.tr\/index.php\/urun\/kuvayi-milliye-siirler-3\/"},"modified":"2026-04-16T02:03:58","modified_gmt":"2026-04-15T23:03:58","slug":"kuvayi-milliye-siirler-3","status":"publish","type":"product","link":"https:\/\/roveyayinevi.com.tr\/index.php\/urun\/kuvayi-milliye-siirler-3\/","title":{"rendered":"Kuvayi Milliye &#8211; \u015eiirler 3"},"content":{"rendered":"<p>T\u00fcrk \u015fiirinin \u00e7izgisini de\u011fi\u015ftirmi\u015f, \u00e7ok y\u00f6nl\u00fc, evrensel boyutlu bir \u015fair ve yazar\u0131n bu bas\u0131m i\u00e7in yeniden g\u00f6zden ge\u00e7irilmi\u015f, kaynak metinler esas al\u0131narak d\u00fczeltilmi\u015f k\u00fclliyat\u0131 &#8230;<\/p>\n","protected":false},"excerpt":{"rendered":"<p>T\u00fcrk \u015fiirinin \u00e7izgisini de\u011fi\u015ftirmi\u015f, \u00e7ok y\u00f6nl\u00fc, evrensel boyutlu bir \u015fair ve yazar\u0131n bu bas\u0131m i\u00e7in yeniden g\u00f6zden ge\u00e7irilmi\u015f, kaynak metinler esas al\u0131narak d\u00fczeltilmi\u015f k\u00fclliyat\u0131 &#8230;<\/p>\n","protected":false},"featured_media":0,"template":"","meta":{"_monsterinsights_skip_tracking":false,"_monsterinsights_sitenote_active":false,"_monsterinsights_sitenote_note":"","_monsterinsights_sitenote_category":0},"product_brand":[],"product_cat":[12291,12509],"product_tag":[],"class_list":{"0":"post-694127","1":"product","2":"type-product","3":"status-publish","5":"product_cat-edebiyat","6":"product_cat-siir","7":"pa_cilt-ciltsiz","8":"pa_tur-kitap","9":"pa_yayinevi-yapi-kredi-yayinlari","10":"pa_yazar-nazim-hikmet-ran","12":"first","13":"instock","14":"sale","15":"shipping-taxable","16":"purchasable","17":"product-type-simple"},"_links":{"self":[{"href":"https:\/\/roveyayinevi.com.tr\/index.php\/wp-json\/wp\/v2\/product\/694127","targetHints":{"allow":["GET"]}}],"collection":[{"href":"https:\/\/roveyayinevi.com.tr\/index.php\/wp-json\/wp\/v2\/product"}],"about":[{"href":"https:\/\/roveyayinevi.com.tr\/index.php\/wp-json\/wp\/v2\/types\/product"}],"wp:attachment":[{"href":"https:\/\/roveyayinevi.com.tr\/index.php\/wp-json\/wp\/v2\/media?parent=694127"}],"wp:term":[{"taxonomy":"product_brand","embeddable":true,"href":"https:\/\/roveyayinevi.com.tr\/index.php\/wp-json\/wp\/v2\/product_brand?post=694127"},{"taxonomy":"product_cat","embeddable":true,"href":"https:\/\/roveyayinevi.com.tr\/index.php\/wp-json\/wp\/v2\/product_cat?post=694127"},{"taxonomy":"product_tag","embeddable":true,"href":"https:\/\/roveyayinevi.com.tr\/index.php\/wp-json\/wp\/v2\/product_tag?post=694127"}],"curies":[{"name":"wp","href":"https:\/\/api.w.org\/{rel}","templated":true}]}}