{"id":694125,"date":"2025-08-27T14:19:02","date_gmt":"2025-08-27T11:19:02","guid":{"rendered":"https:\/\/roveyayinevi.com.tr\/index.php\/urun\/kurtar-halkimi-musa\/"},"modified":"2026-04-16T02:03:58","modified_gmt":"2026-04-15T23:03:58","slug":"kurtar-halkimi-musa","status":"publish","type":"product","link":"https:\/\/roveyayinevi.com.tr\/index.php\/urun\/kurtar-halkimi-musa\/","title":{"rendered":"Kurtar Halk\u0131m\u0131 Musa"},"content":{"rendered":"<p>Nobel \u00f6d\u00fcll\u00fc yazar William Faulkner\u2019\u0131n ba\u015fyap\u0131tlar\u0131ndan Kurtar Halk\u0131m\u0131 Musa, \u0130\u00e7 Sava\u015f d\u00f6neminden \u0130kinci D\u00fcnya Sava\u015f\u0131\u2019n\u0131n ilk y\u0131llar\u0131na uzanan bir zaman diliminde Amerika\u2019n\u0131n g\u00fcneyinde ya\u015fayan McCaslin s\u00fclalesinin hik\u00e2yesini, i\u00e7 i\u00e7e ge\u00e7mi\u015f bir dizi tema ekseninde aktar\u0131yor: \u0130nsan-do\u011fa ili\u015fkisi, zenci-beyaz kar\u015f\u0131tl\u0131\u011f\u0131, aile m\u00fcessesesi, toprak ve k\u00f6le m\u00fclkiyeti, miras olgusu. Faulkner, hik\u00e2yeyi zaman i\u00e7inde ileri-geri \u201csararak\u201d, bu temalar\u0131 farkl\u0131 bak\u0131\u015f a\u00e7\u0131lar\u0131yla ele al\u0131yor. Ve, o \u00f6zg\u00fcn \u015fiirsel anlat\u0131m\u0131yla, kendisini ge\u00e7mi\u015fe ba\u011flayan k\u00f6kleri bar\u0131nd\u0131ran Eski G\u00fcney\u2019e, \u00f6te yandan \u201cderinlerdeki\u201d bir d\u00fcnyaya do\u011fru bir ser\u00fcvene \u00e7\u0131kar\u0131yor bizi. Dili ne kadar karma\u015f\u0131k, karakterleri ve olay \u00f6rg\u00fcs\u00fc ne kadar yerel olursa olsun; keskin, evrensel ve \u00e7a\u011fda\u015f bir yap\u0131t\u2026 Faulkner\u2019\u0131n romanlar\u0131 bir senfoniyi and\u0131r\u0131yor. Ben insano\u011flunun sadece dayanaca\u011f\u0131na de\u011fil, \u00fcst\u00fcn gelece\u011fine inan\u0131yorum. B\u00fct\u00fcn yarat\u0131klar aras\u0131nda sadece insan \u00f6l\u00fcms\u00fczl\u00fc\u011f\u00fc yakalayabilir, yorulmaz bir sesi oldu\u011fu i\u00e7in de\u011fil, \u015fefkat, fed\u00e2karl\u0131k ve dayanma g\u00fcc\u00fc y\u00fckl\u00fc bir ruhu oldu\u011fu i\u00e7in. Bir \u015fairin, yazar\u0131n g\u00f6revi bunlar hakk\u0131nda yazmakt\u0131r. William Faulkner, Nobel Edebiyat \u00d6d\u00fcl\u00fc Kabul Konu\u015fmas\u0131\u2019ndan, 10 Aral\u0131k 1950<\/p>\n","protected":false},"excerpt":{"rendered":"<p>Nobel \u00f6d\u00fcll\u00fc yazar William Faulkner\u2019\u0131n ba\u015fyap\u0131tlar\u0131ndan Kurtar Halk\u0131m\u0131 Musa, \u0130\u00e7 Sava\u015f d\u00f6neminden \u0130kinci D\u00fcnya Sava\u015f\u0131\u2019n\u0131n ilk y\u0131llar\u0131na uzanan bir zaman diliminde Amerika\u2019n\u0131n g\u00fcneyinde ya\u015fayan McCaslin s\u00fclalesinin<span class=\"excerpt-hellip\"> [\u2026]<\/span><\/p>\n","protected":false},"featured_media":0,"template":"","meta":{"_monsterinsights_skip_tracking":false,"_monsterinsights_sitenote_active":false,"_monsterinsights_sitenote_note":"","_monsterinsights_sitenote_category":0},"product_brand":[],"product_cat":[12891,12291],"product_tag":[],"class_list":{"0":"post-694125","1":"product","2":"type-product","3":"status-publish","5":"product_cat-amerikan-edebiyati","6":"product_cat-edebiyat","7":"pa_cilt-ciltsiz","8":"pa_tur-kitap","9":"pa_yayinevi-yapi-kredi-yayinlari","10":"pa_yazar-william-faulkner","12":"first","13":"instock","14":"sale","15":"shipping-taxable","16":"purchasable","17":"product-type-simple"},"_links":{"self":[{"href":"https:\/\/roveyayinevi.com.tr\/index.php\/wp-json\/wp\/v2\/product\/694125","targetHints":{"allow":["GET"]}}],"collection":[{"href":"https:\/\/roveyayinevi.com.tr\/index.php\/wp-json\/wp\/v2\/product"}],"about":[{"href":"https:\/\/roveyayinevi.com.tr\/index.php\/wp-json\/wp\/v2\/types\/product"}],"wp:attachment":[{"href":"https:\/\/roveyayinevi.com.tr\/index.php\/wp-json\/wp\/v2\/media?parent=694125"}],"wp:term":[{"taxonomy":"product_brand","embeddable":true,"href":"https:\/\/roveyayinevi.com.tr\/index.php\/wp-json\/wp\/v2\/product_brand?post=694125"},{"taxonomy":"product_cat","embeddable":true,"href":"https:\/\/roveyayinevi.com.tr\/index.php\/wp-json\/wp\/v2\/product_cat?post=694125"},{"taxonomy":"product_tag","embeddable":true,"href":"https:\/\/roveyayinevi.com.tr\/index.php\/wp-json\/wp\/v2\/product_tag?post=694125"}],"curies":[{"name":"wp","href":"https:\/\/api.w.org\/{rel}","templated":true}]}}