{"id":694124,"date":"2025-08-27T14:19:02","date_gmt":"2025-08-27T11:19:02","guid":{"rendered":"https:\/\/roveyayinevi.com.tr\/index.php\/urun\/marksizm-ve-bicim\/"},"modified":"2026-04-16T02:03:58","modified_gmt":"2026-04-15T23:03:58","slug":"marksizm-ve-bicim","status":"publish","type":"product","link":"https:\/\/roveyayinevi.com.tr\/index.php\/urun\/marksizm-ve-bicim\/","title":{"rendered":"Marksizm ve Bi\u00e7im"},"content":{"rendered":"<p>Jameson, bu kitapta diyalektik yaz\u0131n kuramlar\u0131n\u0131n yerle\u015ftirilebilece\u011fi \u00e7er\u00e7eveyi \u00e7iziyor.   K\u00fclt\u00fcr Sosyolojisi  , bir bi\u00e7im olarak sunuluyor. Adorno&#8217;nun \u00e7\u00f6z\u00fcmlemeleriyle a\u00e7\u0131mlanan   Tarih   ile   K\u00fclt\u00fcr   aras\u0131ndaki ili\u015fki,   Marksist Yorumsama   uygulamalar\u0131, Benjamin&#8217;in   Dil-Kurgu-Bilin\u00e7d\u0131\u015f\u0131   aras\u0131nda kurdu\u011fu ili\u015fkiler, Sartre&#8217;\u0131n   \u00d6zg\u00fcrl\u00fck   ile   Tarih   i ayn\u0131 sorunsal i\u00e7ine yerle\u015ftirmesi,   Diyalektik Ele\u015ftiri   \u00f6nerileri, Marksizm ve Bi\u00e7im&#8217;in \u00e7at\u0131s\u0131n\u0131 olu\u015fturuyor. <\/p>\n","protected":false},"excerpt":{"rendered":"<p>Jameson, bu kitapta diyalektik yaz\u0131n kuramlar\u0131n\u0131n yerle\u015ftirilebilece\u011fi \u00e7er\u00e7eveyi \u00e7iziyor. K\u00fclt\u00fcr Sosyolojisi , bir bi\u00e7im olarak sunuluyor. Adorno&#8217;nun \u00e7\u00f6z\u00fcmlemeleriyle a\u00e7\u0131mlanan Tarih ile K\u00fclt\u00fcr aras\u0131ndaki ili\u015fki, Marksist Yorumsama<span class=\"excerpt-hellip\"> [\u2026]<\/span><\/p>\n","protected":false},"featured_media":0,"template":"","meta":{"_monsterinsights_skip_tracking":false,"_monsterinsights_sitenote_active":false,"_monsterinsights_sitenote_note":"","_monsterinsights_sitenote_category":0},"product_brand":[],"product_cat":[12388,15309],"product_tag":[],"class_list":{"0":"post-694124","1":"product","2":"type-product","3":"status-publish","5":"product_cat-felsefe","6":"product_cat-felsefi-akimlar","7":"pa_cilt-ciltsiz","8":"pa_tur-kitap","9":"pa_yayinevi-yapi-kredi-yayinlari","10":"pa_yazar-fredric-jameson","12":"first","13":"instock","14":"sale","15":"shipping-taxable","16":"purchasable","17":"product-type-simple"},"_links":{"self":[{"href":"https:\/\/roveyayinevi.com.tr\/index.php\/wp-json\/wp\/v2\/product\/694124","targetHints":{"allow":["GET"]}}],"collection":[{"href":"https:\/\/roveyayinevi.com.tr\/index.php\/wp-json\/wp\/v2\/product"}],"about":[{"href":"https:\/\/roveyayinevi.com.tr\/index.php\/wp-json\/wp\/v2\/types\/product"}],"wp:attachment":[{"href":"https:\/\/roveyayinevi.com.tr\/index.php\/wp-json\/wp\/v2\/media?parent=694124"}],"wp:term":[{"taxonomy":"product_brand","embeddable":true,"href":"https:\/\/roveyayinevi.com.tr\/index.php\/wp-json\/wp\/v2\/product_brand?post=694124"},{"taxonomy":"product_cat","embeddable":true,"href":"https:\/\/roveyayinevi.com.tr\/index.php\/wp-json\/wp\/v2\/product_cat?post=694124"},{"taxonomy":"product_tag","embeddable":true,"href":"https:\/\/roveyayinevi.com.tr\/index.php\/wp-json\/wp\/v2\/product_tag?post=694124"}],"curies":[{"name":"wp","href":"https:\/\/api.w.org\/{rel}","templated":true}]}}