{"id":694123,"date":"2025-08-27T14:19:01","date_gmt":"2025-08-27T11:19:01","guid":{"rendered":"https:\/\/roveyayinevi.com.tr\/index.php\/urun\/markopasa-yazilari-ve-otekiler\/"},"modified":"2026-04-16T02:03:58","modified_gmt":"2026-04-15T23:03:58","slug":"markopasa-yazilari-ve-otekiler","status":"publish","type":"product","link":"https:\/\/roveyayinevi.com.tr\/index.php\/urun\/markopasa-yazilari-ve-otekiler\/","title":{"rendered":"Markopa\u015fa Yaz\u0131lar\u0131 ve \u00d6tekiler"},"content":{"rendered":"<p>Sabahattin Ali&#8217;nin d\u00fc\u015f\u00fcn\u00fcr ve ele\u015ftirmen y\u00fcz\u00fcn\u00fc g\u00f6rmek i\u00e7in, dergilerde yay\u0131mlanm\u0131\u015f yaz\u0131lar\u0131n\u0131 okumak gerek. \u00d6yk\u00fc ve romanlar\u0131nda bir anlat\u0131 ustas\u0131 oldu\u011funu kan\u0131tlayan ve T\u00fcrk edebiyat\u0131n\u0131n klasikleri aras\u0131nda yer alan Sabahattin Ali&#8217;nin g\u00fcndeme ve sanata ili\u015fkin yaz\u0131lar\u0131 ve onunla yap\u0131lm\u0131\u015f s\u00f6yle\u015filer Hikmet Alt\u0131nkaynak&#8217;\u0131n derlemesiyle dergi sayfalar\u0131ndan s\u0131yr\u0131l\u0131p kitap boyutuna ula\u015f\u0131yor. <\/p>\n","protected":false},"excerpt":{"rendered":"<p>Sabahattin Ali&#8217;nin d\u00fc\u015f\u00fcn\u00fcr ve ele\u015ftirmen y\u00fcz\u00fcn\u00fc g\u00f6rmek i\u00e7in, dergilerde yay\u0131mlanm\u0131\u015f yaz\u0131lar\u0131n\u0131 okumak gerek. \u00d6yk\u00fc ve romanlar\u0131nda bir anlat\u0131 ustas\u0131 oldu\u011funu kan\u0131tlayan ve T\u00fcrk edebiyat\u0131n\u0131n klasikleri aras\u0131nda<span class=\"excerpt-hellip\"> [\u2026]<\/span><\/p>\n","protected":false},"featured_media":0,"template":"","meta":{"_monsterinsights_skip_tracking":false,"_monsterinsights_sitenote_active":false,"_monsterinsights_sitenote_note":"","_monsterinsights_sitenote_category":0},"product_brand":[],"product_cat":[12312,12304],"product_tag":[],"class_list":{"0":"post-694123","1":"product","2":"type-product","3":"status-publish","5":"product_cat-diger","6":"product_cat-tarih","7":"pa_cilt-ciltsiz","8":"pa_tur-kitap","9":"pa_yayinevi-yapi-kredi-yayinlari","10":"pa_yazar-sabahattin-ali","12":"first","13":"instock","14":"sale","15":"shipping-taxable","16":"purchasable","17":"product-type-simple"},"_links":{"self":[{"href":"https:\/\/roveyayinevi.com.tr\/index.php\/wp-json\/wp\/v2\/product\/694123","targetHints":{"allow":["GET"]}}],"collection":[{"href":"https:\/\/roveyayinevi.com.tr\/index.php\/wp-json\/wp\/v2\/product"}],"about":[{"href":"https:\/\/roveyayinevi.com.tr\/index.php\/wp-json\/wp\/v2\/types\/product"}],"wp:attachment":[{"href":"https:\/\/roveyayinevi.com.tr\/index.php\/wp-json\/wp\/v2\/media?parent=694123"}],"wp:term":[{"taxonomy":"product_brand","embeddable":true,"href":"https:\/\/roveyayinevi.com.tr\/index.php\/wp-json\/wp\/v2\/product_brand?post=694123"},{"taxonomy":"product_cat","embeddable":true,"href":"https:\/\/roveyayinevi.com.tr\/index.php\/wp-json\/wp\/v2\/product_cat?post=694123"},{"taxonomy":"product_tag","embeddable":true,"href":"https:\/\/roveyayinevi.com.tr\/index.php\/wp-json\/wp\/v2\/product_tag?post=694123"}],"curies":[{"name":"wp","href":"https:\/\/api.w.org\/{rel}","templated":true}]}}