{"id":694122,"date":"2025-08-27T14:19:01","date_gmt":"2025-08-27T11:19:01","guid":{"rendered":"https:\/\/roveyayinevi.com.tr\/index.php\/urun\/mahkemelerde-belgeler\/"},"modified":"2026-04-16T02:03:58","modified_gmt":"2026-04-15T23:03:58","slug":"mahkemelerde-belgeler","status":"publish","type":"product","link":"https:\/\/roveyayinevi.com.tr\/index.php\/urun\/mahkemelerde-belgeler\/","title":{"rendered":"Mahkemelerde  (Belgeler)"},"content":{"rendered":"<p>&#8230;H\u00fclasa: Kuyucakl\u0131 Yusuf y\u00fcz\u00fcm\u00fcz\u00fc a\u011fartacak bir sanat eseridir.Zararl\u0131 bir taraf\u0131n\u0131 g\u00f6remedim. Mevzuzbahis tenkitler bug\u00fcn el \u00fcst\u00fcnde tutulan baz\u0131 Avrupa \u015faheserlerinde g\u00f6rd\u00fc\u011f\u00fcm\u00fcz ayn\u0131 mevzulara ait- tenkitler yan\u0131nda son derece masum ve k\u00fc\u00e7\u00fck kal\u0131r. Yaln\u0131z bir \u015fahs\u0131n ve bir roman\u0131n de\u011fil, memleketimizde ilerlemesi laz\u0131m bir b\u00fcy\u00fck ve faydal\u0131 sanat\u0131n da davas\u0131n\u0131 g\u00f6ren Cumhuriyet adliyesinden zaten zay\u0131f olan T\u00fcrk roman\u0131n\u0131n cesaretini k\u0131racak bir karar \u00e7\u0131kmayaca\u011f\u0131n\u0131 kuvvetle \u00fcmit ederim. Maarif Vekaleti M\u00fcfetti\u015flerinden Re\u015fat Nuri Yazarl\u0131\u011f\u0131n\u0131n yan\u0131s\u0131ra siyasal kimli\u011fi de \u00f6ne \u00e7\u0131kan Sabahattin Ali, 1930&#8217;lu ve 1940&#8217;l\u0131 y\u0131llarda Sol g\u00f6r\u00fc\u015fl\u00fc olman\u0131n b\u00fct\u00fcn zorluklar\u0131n\u0131 ya\u015fad\u0131. Filiz Ali&#8217;nin babas\u0131na ait bir sand\u0131kta buldu\u011fu belgeler, bu zorluklar\u0131n ve \u00e7ilelerin birer tutana\u011f\u0131 niteli\u011findedir. Mahkemelerde T\u00fcrk edebiyat tarihinde ilk defa Kuyucakl\u0131 Yusuf i\u00e7in Re\u015fat Nuri taraf\u0131ndan yaz\u0131lm\u0131\u015f, sans\u00fcr konusunda hala ge\u00e7erli say\u0131labilecek g\u00f6r\u00fc\u015flerin ifade edildii\u011fi raporu, Sabahattin Ali&#8217;nin soyad\u0131 konusundaki hassasiyetini, d\u00f6nemin \u00fcnl\u00fc ki\u015fileri ile aras\u0131nda ge\u00e7en tart\u0131\u015fmalar\u0131 ve \u00f6zel hayat\u0131na \u0131\u015f\u0131k tutacak bir\u00e7ok belgeyi i\u00e7eriyor. \ufffc<\/p>\n","protected":false},"excerpt":{"rendered":"<p>&#8230;H\u00fclasa: Kuyucakl\u0131 Yusuf y\u00fcz\u00fcm\u00fcz\u00fc a\u011fartacak bir sanat eseridir.Zararl\u0131 bir taraf\u0131n\u0131 g\u00f6remedim. Mevzuzbahis tenkitler bug\u00fcn el \u00fcst\u00fcnde tutulan baz\u0131 Avrupa \u015faheserlerinde g\u00f6rd\u00fc\u011f\u00fcm\u00fcz ayn\u0131 mevzulara ait- tenkitler yan\u0131nda<span class=\"excerpt-hellip\"> [\u2026]<\/span><\/p>\n","protected":false},"featured_media":0,"template":"","meta":{"_monsterinsights_skip_tracking":false,"_monsterinsights_sitenote_active":false,"_monsterinsights_sitenote_note":"","_monsterinsights_sitenote_category":0},"product_brand":[],"product_cat":[12312,12304],"product_tag":[],"class_list":{"0":"post-694122","1":"product","2":"type-product","3":"status-publish","5":"product_cat-diger","6":"product_cat-tarih","7":"pa_cilt-ciltsiz","8":"pa_tur-kitap","9":"pa_yayinevi-yapi-kredi-yayinlari","10":"pa_yazar-sabahattin-ali","12":"first","13":"instock","14":"sale","15":"shipping-taxable","16":"purchasable","17":"product-type-simple"},"_links":{"self":[{"href":"https:\/\/roveyayinevi.com.tr\/index.php\/wp-json\/wp\/v2\/product\/694122","targetHints":{"allow":["GET"]}}],"collection":[{"href":"https:\/\/roveyayinevi.com.tr\/index.php\/wp-json\/wp\/v2\/product"}],"about":[{"href":"https:\/\/roveyayinevi.com.tr\/index.php\/wp-json\/wp\/v2\/types\/product"}],"wp:attachment":[{"href":"https:\/\/roveyayinevi.com.tr\/index.php\/wp-json\/wp\/v2\/media?parent=694122"}],"wp:term":[{"taxonomy":"product_brand","embeddable":true,"href":"https:\/\/roveyayinevi.com.tr\/index.php\/wp-json\/wp\/v2\/product_brand?post=694122"},{"taxonomy":"product_cat","embeddable":true,"href":"https:\/\/roveyayinevi.com.tr\/index.php\/wp-json\/wp\/v2\/product_cat?post=694122"},{"taxonomy":"product_tag","embeddable":true,"href":"https:\/\/roveyayinevi.com.tr\/index.php\/wp-json\/wp\/v2\/product_tag?post=694122"}],"curies":[{"name":"wp","href":"https:\/\/api.w.org\/{rel}","templated":true}]}}