{"id":694120,"date":"2025-08-27T14:19:01","date_gmt":"2025-08-27T11:19:01","guid":{"rendered":"https:\/\/roveyayinevi.com.tr\/index.php\/urun\/marcovaldo-ya-da-kentte-mevsimler\/"},"modified":"2026-04-16T02:03:58","modified_gmt":"2026-04-15T23:03:58","slug":"marcovaldo-ya-da-kentte-mevsimler","status":"publish","type":"product","link":"https:\/\/roveyayinevi.com.tr\/index.php\/urun\/marcovaldo-ya-da-kentte-mevsimler\/","title":{"rendered":"Marcovaldo ya da Kentte Mevsimler"},"content":{"rendered":"<p>Calvino&#8217;nun t\u0131pk\u0131 \u00f6teki kitaplar\u0131nda oldu\u011fu gibi g\u00f6zlem g\u00fcc\u00fcn\u00fcn a\u011f\u0131r bast\u0131\u011f\u0131 Marcovaldo ya da Kentte Mevsimler adl\u0131 bu yap\u0131t\u0131n\u0131n ba\u015fkahraman\u0131 h\u00fcz\u00fcnl\u00fc ki\u015fi Marcovaldo. Kentin g\u00f6be\u011finde, asfalt ve \u00e7imentonun ortas\u0131nda, kalabal\u0131k ailesiyle birlikte ya\u015fayan i\u015f\u00e7i Marcovald\u0131, \u00f6zlemini duydu\u011fu do\u011fa aray\u0131\u015f\u0131 i\u00e7inde: &#8230;Ancak do\u011fa hala var m\u0131? Onun buldu\u011fu say\u0131s\u0131z, taklit\u00e7i suni ya\u015famla uzla\u015fan bir do\u011fa. Marcovaldo ya da kentte Mevsimler, her biri bir mevsime adanm\u0131\u015f yirmi \u00f6yk\u00fcden olu\u015fuyor.Yani be\u015f kez yinelenenmevsimsel d\u00f6ng\u00fc bir t\u00fcrl\u00fc \u00f6zlemini duydu\u011fu d\u00fcnyaya kavu\u015famayan Marcovaldo&#8217;yu gelen her yeni mevsimle tekrar tekrar umutland\u0131r\u0131yor. Ancak Marcovaldo, b\u00fct\u00fcn bu yenilgiler kar\u015f\u0131s\u0131nda hi\u00e7bir zaman k\u00f6t\u00fcmser kalm\u0131yor.Hi\u00e7 pes etmiyor. D\u00fcnyay\u0131 yeniden ke\u015ffetmeye her zamanki gibi haz\u0131r. Calvino7nun Marcovaldo ya da Kentte Mevsimler adl\u0131 bu yap\u0131t\u0131 ilk kez 1965 y\u0131l\u0131nda Einaudi yay\u0131nevinin \u00e7ocuk dizisinde Sergio Tofano&#8217;nun \u00e7izgileriyle yay\u0131mlanm\u0131\u015ft\u0131r. Yap\u0131 Kredi Yay\u0131nlar\u0131, Calvino&#8217;nun G\u00f6r\u00fcnmez Kentler ve Palomar adl\u0131 kitaplar\u0131n\u0131n ard\u0131ndan \u015fimdi de Marcovaldo ya da Kentte Mevsimler&#8217;i Rekin Teksoy&#8217;un \u00f6zenli \u00e7evirisi ile okura sunuyor.<\/p>\n","protected":false},"excerpt":{"rendered":"<p>Calvino&#8217;nun t\u0131pk\u0131 \u00f6teki kitaplar\u0131nda oldu\u011fu gibi g\u00f6zlem g\u00fcc\u00fcn\u00fcn a\u011f\u0131r bast\u0131\u011f\u0131 Marcovaldo ya da Kentte Mevsimler adl\u0131 bu yap\u0131t\u0131n\u0131n ba\u015fkahraman\u0131 h\u00fcz\u00fcnl\u00fc ki\u015fi Marcovaldo. Kentin g\u00f6be\u011finde, asfalt ve<span class=\"excerpt-hellip\"> [\u2026]<\/span><\/p>\n","protected":false},"featured_media":0,"template":"","meta":{"_monsterinsights_skip_tracking":false,"_monsterinsights_sitenote_active":false,"_monsterinsights_sitenote_note":"","_monsterinsights_sitenote_category":0},"product_brand":[],"product_cat":[12291,14218],"product_tag":[],"class_list":{"0":"post-694120","1":"product","2":"type-product","3":"status-publish","5":"product_cat-edebiyat","6":"product_cat-italyan-edebiyati","7":"pa_cilt-ciltsiz","8":"pa_tur-kitap","9":"pa_yayinevi-yapi-kredi-yayinlari","10":"pa_yazar-italo-calvino","12":"first","13":"instock","14":"sale","15":"shipping-taxable","16":"purchasable","17":"product-type-simple"},"_links":{"self":[{"href":"https:\/\/roveyayinevi.com.tr\/index.php\/wp-json\/wp\/v2\/product\/694120","targetHints":{"allow":["GET"]}}],"collection":[{"href":"https:\/\/roveyayinevi.com.tr\/index.php\/wp-json\/wp\/v2\/product"}],"about":[{"href":"https:\/\/roveyayinevi.com.tr\/index.php\/wp-json\/wp\/v2\/types\/product"}],"wp:attachment":[{"href":"https:\/\/roveyayinevi.com.tr\/index.php\/wp-json\/wp\/v2\/media?parent=694120"}],"wp:term":[{"taxonomy":"product_brand","embeddable":true,"href":"https:\/\/roveyayinevi.com.tr\/index.php\/wp-json\/wp\/v2\/product_brand?post=694120"},{"taxonomy":"product_cat","embeddable":true,"href":"https:\/\/roveyayinevi.com.tr\/index.php\/wp-json\/wp\/v2\/product_cat?post=694120"},{"taxonomy":"product_tag","embeddable":true,"href":"https:\/\/roveyayinevi.com.tr\/index.php\/wp-json\/wp\/v2\/product_tag?post=694120"}],"curies":[{"name":"wp","href":"https:\/\/api.w.org\/{rel}","templated":true}]}}