{"id":694119,"date":"2025-08-27T14:19:01","date_gmt":"2025-08-27T11:19:01","guid":{"rendered":"https:\/\/roveyayinevi.com.tr\/index.php\/urun\/osmanli-tarihinden-portreler\/"},"modified":"2026-04-16T02:03:58","modified_gmt":"2026-04-15T23:03:58","slug":"osmanli-tarihinden-portreler","status":"publish","type":"product","link":"https:\/\/roveyayinevi.com.tr\/index.php\/urun\/osmanli-tarihinden-portreler\/","title":{"rendered":"Osmanl\u0131 Tarihinden Portreler"},"content":{"rendered":"<p>Cumhuriyet d\u00f6nemi tarih\u00e7ili\u011fimizin \u00f6nc\u00fc adlar\u0131ndan \u0130smail Hakk\u0131 Uzun\u00e7ar\u015f\u0131l\u0131&#8217;n\u0131n makalelerinden bir demet. Osmanl\u0131 tarihinin on alt\u0131 portre. Sanat, siyaset, bilim, k\u00fclt\u00fcr d\u00fcnyas\u0131ndan se\u00e7me ki\u015filer, kimi bir macera roman\u0131 kahraman\u0131 niteli\u011finde, kimi y\u00fckselme h\u0131rs\u0131yla dolu, kimi a\u011f\u0131rba\u015fl\u0131 ki\u015filikler. S\u00f6zgelimi  Kad\u0131 Abdurrahman Pa\u015fa da bir ta\u015fra y\u00f6neticisinin inan\u0131lmaz ser\u00fcverini;  Hakk\u0131 Mehmed Pa\u015fa da bir eyalet valisinin \u0130stanbul&#8217;daki siyasi oyunlara kurban edili\u015fini;  Halil Hamid Pa\u015fa da bir sadrazam\u0131n ola\u011fand\u0131\u015f\u0131 y\u00fckseli\u015fini ve d\u00fc\u015f\u00fc\u015f\u00fcn\u00fc;  Keth\u00fcdazede ,  K\u00e2mil Pa\u015fa  ve  Said Pa\u015fa da 2. Abd\u00fclhamid d\u00f6neminin \u00f6nde gelen \u00fc\u00e7 siyasi ki\u015fili\u011finin karakter yap\u0131lar\u0131n\u0131 tan\u0131mak m\u00fcmk\u00fcn. Hepsi de yorulmak bilmez bir ara\u015ft\u0131rmac\u0131n\u0131n kaleminden ustaca dile getirilmi\u015f. <\/p>\n","protected":false},"excerpt":{"rendered":"<p>Cumhuriyet d\u00f6nemi tarih\u00e7ili\u011fimizin \u00f6nc\u00fc adlar\u0131ndan \u0130smail Hakk\u0131 Uzun\u00e7ar\u015f\u0131l\u0131&#8217;n\u0131n makalelerinden bir demet. Osmanl\u0131 tarihinin on alt\u0131 portre. Sanat, siyaset, bilim, k\u00fclt\u00fcr d\u00fcnyas\u0131ndan se\u00e7me ki\u015filer, kimi bir macera<span class=\"excerpt-hellip\"> [\u2026]<\/span><\/p>\n","protected":false},"featured_media":0,"template":"","meta":{"_monsterinsights_skip_tracking":false,"_monsterinsights_sitenote_active":false,"_monsterinsights_sitenote_note":"","_monsterinsights_sitenote_category":0},"product_brand":[],"product_cat":[13590,12337],"product_tag":[],"class_list":{"0":"post-694119","1":"product","2":"type-product","3":"status-publish","5":"product_cat-arastirma-inceleme-politika-siyaset","6":"product_cat-politika-siyaset","7":"pa_cilt-ciltsiz","8":"pa_tur-kitap","9":"pa_yayinevi-yapi-kredi-yayinlari","10":"pa_yazar-ismail-hakki-uzuncarsili","12":"first","13":"instock","14":"sale","15":"shipping-taxable","16":"purchasable","17":"product-type-simple"},"_links":{"self":[{"href":"https:\/\/roveyayinevi.com.tr\/index.php\/wp-json\/wp\/v2\/product\/694119","targetHints":{"allow":["GET"]}}],"collection":[{"href":"https:\/\/roveyayinevi.com.tr\/index.php\/wp-json\/wp\/v2\/product"}],"about":[{"href":"https:\/\/roveyayinevi.com.tr\/index.php\/wp-json\/wp\/v2\/types\/product"}],"wp:attachment":[{"href":"https:\/\/roveyayinevi.com.tr\/index.php\/wp-json\/wp\/v2\/media?parent=694119"}],"wp:term":[{"taxonomy":"product_brand","embeddable":true,"href":"https:\/\/roveyayinevi.com.tr\/index.php\/wp-json\/wp\/v2\/product_brand?post=694119"},{"taxonomy":"product_cat","embeddable":true,"href":"https:\/\/roveyayinevi.com.tr\/index.php\/wp-json\/wp\/v2\/product_cat?post=694119"},{"taxonomy":"product_tag","embeddable":true,"href":"https:\/\/roveyayinevi.com.tr\/index.php\/wp-json\/wp\/v2\/product_tag?post=694119"}],"curies":[{"name":"wp","href":"https:\/\/api.w.org\/{rel}","templated":true}]}}