{"id":694118,"date":"2025-08-27T14:19:00","date_gmt":"2025-08-27T11:19:00","guid":{"rendered":"https:\/\/roveyayinevi.com.tr\/index.php\/urun\/osmanli-turk-modernlesmesi-1900-1930\/"},"modified":"2026-04-16T02:03:58","modified_gmt":"2026-04-15T23:03:58","slug":"osmanli-turk-modernlesmesi-1900-1930","status":"publish","type":"product","link":"https:\/\/roveyayinevi.com.tr\/index.php\/urun\/osmanli-turk-modernlesmesi-1900-1930\/","title":{"rendered":"Osmanl\u0131 &#8211; T\u00fcrk Modernle\u015fmesi (1900 &#8211; 1930)"},"content":{"rendered":"<p>F. Georgeon&#8217;un bu derlemede yer alan, Osmanl\u0131 \u0130mparatorlu\u011fu&#8217;nun son ve T\u00fcrkiye Cumhuriyeti&#8217;nin ba\u015flang\u0131\u00e7 d\u00f6neminde T\u00fcrk milliyet\u00e7ili\u011finin geli\u015fimi ve ulusal T\u00fcrk devletinin kurulu\u015funa ili\u015fkin makaleleri ulusun &#8220;as\u0131l do\u011fu\u015f an\u0131&#8221; \u00fczerinde yo\u011funla\u015f\u0131yor. Bu an 19. ve 20. y\u00fczy\u0131llar\u0131n d\u00f6nemecinde bir avu\u00e7 insan\u0131n onun varl\u0131\u011f\u0131n\u0131 a\u00e7\u0131klad\u0131\u011f\u0131 ve heyecanla bunu kan\u0131tlamaya giri\u015fti\u011fi and\u0131r. Burada bu ki\u015filerin say\u0131lar\u0131 pek de az olmayan baz\u0131lar\u0131yla kar\u015f\u0131la\u015f\u0131yoruz: Ahmed Midhat, Yusuf Ak\u00e7ura, Ahmed A\u011fao\u011flu, Ziya G\u00f6kalp, Hamdullah Suphi. \ufffcTan\u0131t\u0131m Metni<\/p>\n","protected":false},"excerpt":{"rendered":"<p>F. Georgeon&#8217;un bu derlemede yer alan, Osmanl\u0131 \u0130mparatorlu\u011fu&#8217;nun son ve T\u00fcrkiye Cumhuriyeti&#8217;nin ba\u015flang\u0131\u00e7 d\u00f6neminde T\u00fcrk milliyet\u00e7ili\u011finin geli\u015fimi ve ulusal T\u00fcrk devletinin kurulu\u015funa ili\u015fkin makaleleri ulusun &#8220;as\u0131l<span class=\"excerpt-hellip\"> [\u2026]<\/span><\/p>\n","protected":false},"featured_media":0,"template":"","meta":{"_monsterinsights_skip_tracking":false,"_monsterinsights_sitenote_active":false,"_monsterinsights_sitenote_note":"","_monsterinsights_sitenote_category":0},"product_brand":[],"product_cat":[12573,12566],"product_tag":[],"class_list":{"0":"post-694118","1":"product","2":"type-product","3":"status-publish","5":"product_cat-akademik-kitaplar","6":"product_cat-egitim","7":"pa_cilt-ciltsiz","8":"pa_tur-kitap","9":"pa_yayinevi-yapi-kredi-yayinlari","10":"pa_yazar-gregoire-francois-georgeon","12":"first","13":"instock","14":"sale","15":"shipping-taxable","16":"purchasable","17":"product-type-simple"},"_links":{"self":[{"href":"https:\/\/roveyayinevi.com.tr\/index.php\/wp-json\/wp\/v2\/product\/694118","targetHints":{"allow":["GET"]}}],"collection":[{"href":"https:\/\/roveyayinevi.com.tr\/index.php\/wp-json\/wp\/v2\/product"}],"about":[{"href":"https:\/\/roveyayinevi.com.tr\/index.php\/wp-json\/wp\/v2\/types\/product"}],"wp:attachment":[{"href":"https:\/\/roveyayinevi.com.tr\/index.php\/wp-json\/wp\/v2\/media?parent=694118"}],"wp:term":[{"taxonomy":"product_brand","embeddable":true,"href":"https:\/\/roveyayinevi.com.tr\/index.php\/wp-json\/wp\/v2\/product_brand?post=694118"},{"taxonomy":"product_cat","embeddable":true,"href":"https:\/\/roveyayinevi.com.tr\/index.php\/wp-json\/wp\/v2\/product_cat?post=694118"},{"taxonomy":"product_tag","embeddable":true,"href":"https:\/\/roveyayinevi.com.tr\/index.php\/wp-json\/wp\/v2\/product_tag?post=694118"}],"curies":[{"name":"wp","href":"https:\/\/api.w.org\/{rel}","templated":true}]}}