{"id":694116,"date":"2025-08-27T14:19:00","date_gmt":"2025-08-27T11:19:00","guid":{"rendered":"https:\/\/roveyayinevi.com.tr\/index.php\/urun\/marsta-bir-antropolog\/"},"modified":"2026-03-30T02:03:33","modified_gmt":"2026-03-29T23:03:33","slug":"marsta-bir-antropolog","status":"publish","type":"product","link":"https:\/\/roveyayinevi.com.tr\/index.php\/urun\/marsta-bir-antropolog\/","title":{"rendered":"Mars\u2019ta Bir Antropolog"},"content":{"rendered":"<p>Oliver Sacks Mars&#8217;ta Bir Antropolog&#8217;da, normal ile patolojik olan aras\u0131ndaki ayr\u0131m\u0131 belirleyen \u00f6l\u00e7\u00fctlerin ki\u015finin ya\u015fam\u0131 mercek alt\u0131na al\u0131nd\u0131\u011f\u0131nda g\u00f6rece nas\u0131l de\u011fi\u015fkenlik g\u00f6sterdi\u011fini g\u00f6zler \u00f6n\u00fcne seren, dudak u\u00e7uklat\u0131c\u0131 yedi farkl\u0131 ya\u015fam\u00f6yk\u00fcs\u00fcn\u00fc aktar\u0131yor.Ki\u015finin normal d\u0131\u015f\u0131 davran\u0131\u015flar\u0131n\u0131n ki\u015fiye \u00f6zg\u00fc bir ya\u015famsall\u0131k kazanmas\u0131 ve varolu\u015funu ele ge\u00e7irmesiyle yak\u0131ndan ilgilenen Oliver Sacks basmakal\u0131p bir n\u00f6rolog olarak de\u011fil yerine g\u00f6re bir n\u00f6ro-antropolog kimli\u011fiyle vakalara yakla\u015f\u0131r, normalin \u00e7emberinden d\u0131\u015fa f\u0131rlat\u0131lm\u0131\u015f bu insanlar\u0131n ger\u00e7ek \u00f6yk\u00fcs\u00fcne kafa yorar: Bilimsel \u00e7\u0131kar\u0131mlar\u0131n\u0131, bilimin t\u0131kand\u0131\u011f\u0131 noktalar\u0131, g\u00f6zlemlerini bir hastal\u0131k raporu kurulu\u011funda ya da akademik bir dilin so\u011fuklu\u011fuyla de\u011fil bilim insan\u0131 ciddiyetiyle, yer yer kendisini de hastan\u0131n yerine koyarak, okurla bir bilim g\u00fcncesi s\u0131cakl\u0131\u011f\u0131nda payla\u015f\u0131r. Mars&#8217;ta Bir Antropolog pek \u00e7ok roman yazar\u0131na parmak \u0131s\u0131rtacak t\u00fcrden, edebiyat\u00e7\u0131lar\u0131n k\u0131skanarak okuyacaklar\u0131, ger\u00e7e\u011fi kurguya de\u011fi\u015fmeyen bir ya\u015fam kullanma k\u0131lavuzu. \ufffc<\/p>\n","protected":false},"excerpt":{"rendered":"<p>Oliver Sacks Mars&#8217;ta Bir Antropolog&#8217;da, normal ile patolojik olan aras\u0131ndaki ayr\u0131m\u0131 belirleyen \u00f6l\u00e7\u00fctlerin ki\u015finin ya\u015fam\u0131 mercek alt\u0131na al\u0131nd\u0131\u011f\u0131nda g\u00f6rece nas\u0131l de\u011fi\u015fkenlik g\u00f6sterdi\u011fini g\u00f6zler \u00f6n\u00fcne seren, dudak<span class=\"excerpt-hellip\"> [\u2026]<\/span><\/p>\n","protected":false},"featured_media":0,"template":"","meta":{"_monsterinsights_skip_tracking":false,"_monsterinsights_sitenote_active":false,"_monsterinsights_sitenote_note":"","_monsterinsights_sitenote_category":0},"product_brand":[],"product_cat":[12777,12291],"product_tag":[],"class_list":{"0":"post-694116","1":"product","2":"type-product","3":"status-publish","5":"product_cat-deneme","6":"product_cat-edebiyat","7":"pa_cilt-ciltsiz","8":"pa_tur-kitap","9":"pa_yayinevi-yapi-kredi-yayinlari","10":"pa_yazar-oliver-sacks","12":"first","13":"instock","14":"sale","15":"shipping-taxable","16":"purchasable","17":"product-type-simple"},"_links":{"self":[{"href":"https:\/\/roveyayinevi.com.tr\/index.php\/wp-json\/wp\/v2\/product\/694116","targetHints":{"allow":["GET"]}}],"collection":[{"href":"https:\/\/roveyayinevi.com.tr\/index.php\/wp-json\/wp\/v2\/product"}],"about":[{"href":"https:\/\/roveyayinevi.com.tr\/index.php\/wp-json\/wp\/v2\/types\/product"}],"wp:attachment":[{"href":"https:\/\/roveyayinevi.com.tr\/index.php\/wp-json\/wp\/v2\/media?parent=694116"}],"wp:term":[{"taxonomy":"product_brand","embeddable":true,"href":"https:\/\/roveyayinevi.com.tr\/index.php\/wp-json\/wp\/v2\/product_brand?post=694116"},{"taxonomy":"product_cat","embeddable":true,"href":"https:\/\/roveyayinevi.com.tr\/index.php\/wp-json\/wp\/v2\/product_cat?post=694116"},{"taxonomy":"product_tag","embeddable":true,"href":"https:\/\/roveyayinevi.com.tr\/index.php\/wp-json\/wp\/v2\/product_tag?post=694116"}],"curies":[{"name":"wp","href":"https:\/\/api.w.org\/{rel}","templated":true}]}}