{"id":694113,"date":"2025-08-27T14:18:59","date_gmt":"2025-08-27T11:18:59","guid":{"rendered":"https:\/\/roveyayinevi.com.tr\/index.php\/urun\/mahpus\/"},"modified":"2026-04-16T02:03:57","modified_gmt":"2026-04-15T23:03:57","slug":"mahpus","status":"publish","type":"product","link":"https:\/\/roveyayinevi.com.tr\/index.php\/urun\/mahpus\/","title":{"rendered":"Mahpus"},"content":{"rendered":"<p>Kay\u0131p Zaman\u0131n \u0130zinde\u2019nin bu cildinde anlat\u0131c\u0131, evine tutsak etti\u011fi Albertine\u2019e tutsak d\u00fc\u015f\u00fcp arzunun ve k\u0131skan\u00e7l\u0131\u011f\u0131n girdaplar\u0131na dalarken okuru da pe\u015finden s\u00fcr\u00fckl\u00fcyor: Sokak sat\u0131c\u0131lar\u0131, burjuvazi, Vinteuil Sonat\u0131, s\u00fct\u00e7\u00fc k\u0131z, uyku ve d\u00fc\u015fler, Bergotte\u2019un \u00f6l\u00fcm\u00fc, ge\u00e7mi\u015fte kalan Balbec\u2019le d\u00fc\u015flenen Venedik aras\u0131nda bir Paris&#8230; Girdaptan \u00e7\u0131kt\u0131\u011f\u0131nda ise i\u015f i\u015ften ge\u00e7mi\u015f, ba\u015fkahraman Zaman, perdeyi kapatm\u0131\u015ft\u0131r bile.       Kay\u0131p Zaman\u0131n \u0130zinde hem komik romand\u0131r hem trajik roman, hem ser\u00fcven roman\u0131d\u0131r hem \u015fiirsel roman, hem d\u00fc\u015flerin roman\u0131d\u0131r hem de imgeler roman\u0131&#8230;       \u201cGer\u00e7eklik, me\u00e7hule giden yolda bir ilk ad\u0131md\u0131r sadece ve bu yolda pek fazla ilerlememiz m\u00fcmk\u00fcn de\u011fildir. En iyisi bilmemek, m\u00fcmk\u00fcn oldu\u011funca az d\u00fc\u015f\u00fcnmek, k\u0131skan\u00e7l\u0131\u011fa en ufak bir somut ayr\u0131nt\u0131 sunmamakt\u0131r. Ne yaz\u0131k ki, d\u0131\u015f d\u00fcnya olmasa da i\u00e7 d\u00fcnyam\u0131z baz\u0131 olaylar \u00e7\u0131kar\u0131r kar\u015f\u0131m\u0131za; Albertine gezintiye \u00e7\u0131kmasa da, tek ba\u015f\u0131ma d\u00fc\u015f\u00fcncelere dald\u0131\u011f\u0131m zaman buldu\u011fum baz\u0131 tesad\u00fcfler, bazen bana ger\u00e7ekli\u011fin k\u00fc\u00e7\u00fck par\u00e7alar\u0131n\u0131 sunuyordu; bu k\u00fc\u00e7\u00fck ayr\u0131nt\u0131lar, t\u0131pk\u0131 birer m\u0131knat\u0131s gibi, me\u00e7hul\u00fcn bir par\u00e7as\u0131n\u0131 kendilerine \u00e7ekerler ve o andan itibaren, me\u00e7hul bize ac\u0131 vermeye ba\u015flar.\u201d <\/p>\n","protected":false},"excerpt":{"rendered":"<p>Kay\u0131p Zaman\u0131n \u0130zinde\u2019nin bu cildinde anlat\u0131c\u0131, evine tutsak etti\u011fi Albertine\u2019e tutsak d\u00fc\u015f\u00fcp arzunun ve k\u0131skan\u00e7l\u0131\u011f\u0131n girdaplar\u0131na dalarken okuru da pe\u015finden s\u00fcr\u00fckl\u00fcyor: Sokak sat\u0131c\u0131lar\u0131, burjuvazi, Vinteuil Sonat\u0131,<span class=\"excerpt-hellip\"> [\u2026]<\/span><\/p>\n","protected":false},"featured_media":0,"template":"","meta":{"_monsterinsights_skip_tracking":false,"_monsterinsights_sitenote_active":false,"_monsterinsights_sitenote_note":"","_monsterinsights_sitenote_category":0},"product_brand":[],"product_cat":[12291,13376],"product_tag":[],"class_list":{"0":"post-694113","1":"product","2":"type-product","3":"status-publish","5":"product_cat-edebiyat","6":"product_cat-fransiz-edebiyati","7":"pa_cilt-ciltsiz","8":"pa_tur-kitap","9":"pa_yayinevi-yapi-kredi-yayinlari","10":"pa_yazar-marcel-proust","12":"first","13":"instock","14":"sale","15":"shipping-taxable","16":"purchasable","17":"product-type-simple"},"_links":{"self":[{"href":"https:\/\/roveyayinevi.com.tr\/index.php\/wp-json\/wp\/v2\/product\/694113","targetHints":{"allow":["GET"]}}],"collection":[{"href":"https:\/\/roveyayinevi.com.tr\/index.php\/wp-json\/wp\/v2\/product"}],"about":[{"href":"https:\/\/roveyayinevi.com.tr\/index.php\/wp-json\/wp\/v2\/types\/product"}],"wp:attachment":[{"href":"https:\/\/roveyayinevi.com.tr\/index.php\/wp-json\/wp\/v2\/media?parent=694113"}],"wp:term":[{"taxonomy":"product_brand","embeddable":true,"href":"https:\/\/roveyayinevi.com.tr\/index.php\/wp-json\/wp\/v2\/product_brand?post=694113"},{"taxonomy":"product_cat","embeddable":true,"href":"https:\/\/roveyayinevi.com.tr\/index.php\/wp-json\/wp\/v2\/product_cat?post=694113"},{"taxonomy":"product_tag","embeddable":true,"href":"https:\/\/roveyayinevi.com.tr\/index.php\/wp-json\/wp\/v2\/product_tag?post=694113"}],"curies":[{"name":"wp","href":"https:\/\/api.w.org\/{rel}","templated":true}]}}