{"id":694111,"date":"2025-08-27T14:18:59","date_gmt":"2025-08-27T11:18:59","guid":{"rendered":"https:\/\/roveyayinevi.com.tr\/index.php\/urun\/leonardo-da-vinci-evren-bilimi-ve-sanati\/"},"modified":"2026-04-16T02:03:57","modified_gmt":"2026-04-15T23:03:57","slug":"leonardo-da-vinci-evren-bilimi-ve-sanati","status":"publish","type":"product","link":"https:\/\/roveyayinevi.com.tr\/index.php\/urun\/leonardo-da-vinci-evren-bilimi-ve-sanati\/","title":{"rendered":"Leonardo da Vinci Evren Bilimi ve Sanat\u0131"},"content":{"rendered":"<p>G\u00f6r\u00fcnmeyeni g\u00f6stermek! Teknolojinin ve bilimin b\u00fcy\u00fck ustas\u0131n\u0131n d\u00fc\u015f\u00fc. \u00c7a\u011flar\u0131n nas\u0131l geli\u015fece\u011fini \u00f6ng\u00f6ren, kendi \u00e7a\u011f\u0131n\u0131, Zaman\u2019\u0131 a\u015fan bir gizemin \u00f6yk\u00fcs\u00fc: R\u00f6nesans\u2019ta bir devin, bir ustan\u0131n, Leonardo da Vinci\u2019nin \u00f6yk\u00fcs\u00fc. En \u00f6nemli Leonardo ara\u015ft\u0131rmac\u0131lar\u0131ndan Alessandro Vezzosi\u2019den, say\u0131s\u0131z el yazmas\u0131 ve belgelerle desteklenmi\u015f, \u015fimdiye de s\u00fcregelen incelenmelerden \u00e7ok daha g\u00fcncel bir yap\u0131t. Ger\u00e7ek Leonardo\u2019ya uzanan bir yol, y\u00fczba\u015fl\u0131 bir devin izinde geli\u015fen bir ser\u00fcven. \ufffc<\/p>\n","protected":false},"excerpt":{"rendered":"<p>G\u00f6r\u00fcnmeyeni g\u00f6stermek! Teknolojinin ve bilimin b\u00fcy\u00fck ustas\u0131n\u0131n d\u00fc\u015f\u00fc. \u00c7a\u011flar\u0131n nas\u0131l geli\u015fece\u011fini \u00f6ng\u00f6ren, kendi \u00e7a\u011f\u0131n\u0131, Zaman\u2019\u0131 a\u015fan bir gizemin \u00f6yk\u00fcs\u00fc: R\u00f6nesans\u2019ta bir devin, bir ustan\u0131n, Leonardo da<span class=\"excerpt-hellip\"> [\u2026]<\/span><\/p>\n","protected":false},"featured_media":0,"template":"","meta":{"_monsterinsights_skip_tracking":false,"_monsterinsights_sitenote_active":false,"_monsterinsights_sitenote_note":"","_monsterinsights_sitenote_category":0},"product_brand":[],"product_cat":[15733,12408],"product_tag":[],"class_list":{"0":"post-694111","1":"product","2":"type-product","3":"status-publish","5":"product_cat-resim","6":"product_cat-sanat","7":"pa_cilt-ciltsiz","8":"pa_tur-kitap","9":"pa_yayinevi-yapi-kredi-yayinlari","10":"pa_yazar-alessandro-vezzosi","12":"first","13":"instock","14":"sale","15":"shipping-taxable","16":"purchasable","17":"product-type-simple"},"_links":{"self":[{"href":"https:\/\/roveyayinevi.com.tr\/index.php\/wp-json\/wp\/v2\/product\/694111","targetHints":{"allow":["GET"]}}],"collection":[{"href":"https:\/\/roveyayinevi.com.tr\/index.php\/wp-json\/wp\/v2\/product"}],"about":[{"href":"https:\/\/roveyayinevi.com.tr\/index.php\/wp-json\/wp\/v2\/types\/product"}],"wp:attachment":[{"href":"https:\/\/roveyayinevi.com.tr\/index.php\/wp-json\/wp\/v2\/media?parent=694111"}],"wp:term":[{"taxonomy":"product_brand","embeddable":true,"href":"https:\/\/roveyayinevi.com.tr\/index.php\/wp-json\/wp\/v2\/product_brand?post=694111"},{"taxonomy":"product_cat","embeddable":true,"href":"https:\/\/roveyayinevi.com.tr\/index.php\/wp-json\/wp\/v2\/product_cat?post=694111"},{"taxonomy":"product_tag","embeddable":true,"href":"https:\/\/roveyayinevi.com.tr\/index.php\/wp-json\/wp\/v2\/product_tag?post=694111"}],"curies":[{"name":"wp","href":"https:\/\/api.w.org\/{rel}","templated":true}]}}