{"id":694110,"date":"2025-08-27T14:18:59","date_gmt":"2025-08-27T11:18:59","guid":{"rendered":"https:\/\/roveyayinevi.com.tr\/index.php\/urun\/la-fontaineden-masallar\/"},"modified":"2026-04-05T02:04:12","modified_gmt":"2026-04-04T23:04:12","slug":"la-fontaineden-masallar","status":"publish","type":"product","link":"https:\/\/roveyayinevi.com.tr\/index.php\/urun\/la-fontaineden-masallar\/","title":{"rendered":"La Fontaine\u2019den Masallar"},"content":{"rendered":"<p>N\u00e2z\u0131m Hikmet&#8217;in da daha az bilinen bir yazarl\u0131k y\u00f6n\u00fcn\u00fc d\u0131\u015fa vuruyor hik\u00e2yeleri ve masallar\u0131. Hik\u00e2yelerde, keskin bir g\u00f6zlem g\u00fcc\u00fc, keskin bir alayla birle\u015fiyor ve \u00e7eli\u015fkilerin g\u00fcl\u00fcn\u00e7l\u00fc\u011f\u00fc sergileniyor. Alabildi\u011fine do\u011fal bir g\u00fcld\u00fcr\u00fc ustas\u0131yla kar\u015f\u0131la\u015f\u0131yoruz bu hik\u00e2yelerin \u00e7o\u011funda. \u015eiirin b\u00fcy\u00fck ustas\u0131, baz\u0131 masallarda \u00e7ocuk d\u00fcnyas\u0131n\u0131n o s\u0131n\u0131r tan\u0131maz hayal g\u00fcc\u00fcn\u00fc ayakland\u0131r\u0131rken, baz\u0131 masallar\u0131nda gelenekselden \u00e7a\u011fda\u015f bir yorum \u00e7\u0131kart\u0131yor, \u00e7a\u011fda\u015fla gelenekseli kayna\u015ft\u0131ran bir anlat\u0131m dili kullanarak. \u0130ster do\u011frudan \u00e7ocuklar\u0131n hedefledi\u011fi masallar olsun ister daha \u00e7ok yeti\u015fkinlere seslenenler&#8230; Bu masallarda zengin bir anlat\u0131 d\u00fcnyas\u0131 sizi bekliyor. N\u00e2z\u0131m Hikmet K\u00fclliyat\u0131 masallar ve hik\u00e2yelerle tamamlan\u0131yor. \ufffcTan\u0131t\u0131m Metni<\/p>\n","protected":false},"excerpt":{"rendered":"<p>N\u00e2z\u0131m Hikmet&#8217;in da daha az bilinen bir yazarl\u0131k y\u00f6n\u00fcn\u00fc d\u0131\u015fa vuruyor hik\u00e2yeleri ve masallar\u0131. Hik\u00e2yelerde, keskin bir g\u00f6zlem g\u00fcc\u00fc, keskin bir alayla birle\u015fiyor ve \u00e7eli\u015fkilerin g\u00fcl\u00fcn\u00e7l\u00fc\u011f\u00fc<span class=\"excerpt-hellip\"> [\u2026]<\/span><\/p>\n","protected":false},"featured_media":0,"template":"","meta":{"_monsterinsights_skip_tracking":false,"_monsterinsights_sitenote_active":false,"_monsterinsights_sitenote_note":"","_monsterinsights_sitenote_category":0},"product_brand":[],"product_cat":[12274,12523],"product_tag":[],"class_list":{"0":"post-694110","1":"product","2":"type-product","3":"status-publish","5":"product_cat-cocuk-ve-genclik-kitaplari","6":"product_cat-masallar","7":"pa_cilt-ciltsiz","8":"pa_tur-kitap","9":"pa_yayinevi-yapi-kredi-yayinlari","10":"pa_yazar-nazim-hikmet-ran","12":"first","13":"instock","14":"sale","15":"shipping-taxable","16":"purchasable","17":"product-type-simple"},"_links":{"self":[{"href":"https:\/\/roveyayinevi.com.tr\/index.php\/wp-json\/wp\/v2\/product\/694110","targetHints":{"allow":["GET"]}}],"collection":[{"href":"https:\/\/roveyayinevi.com.tr\/index.php\/wp-json\/wp\/v2\/product"}],"about":[{"href":"https:\/\/roveyayinevi.com.tr\/index.php\/wp-json\/wp\/v2\/types\/product"}],"wp:attachment":[{"href":"https:\/\/roveyayinevi.com.tr\/index.php\/wp-json\/wp\/v2\/media?parent=694110"}],"wp:term":[{"taxonomy":"product_brand","embeddable":true,"href":"https:\/\/roveyayinevi.com.tr\/index.php\/wp-json\/wp\/v2\/product_brand?post=694110"},{"taxonomy":"product_cat","embeddable":true,"href":"https:\/\/roveyayinevi.com.tr\/index.php\/wp-json\/wp\/v2\/product_cat?post=694110"},{"taxonomy":"product_tag","embeddable":true,"href":"https:\/\/roveyayinevi.com.tr\/index.php\/wp-json\/wp\/v2\/product_tag?post=694110"}],"curies":[{"name":"wp","href":"https:\/\/api.w.org\/{rel}","templated":true}]}}